{"id":7,"date":"2011-09-20T14:25:18","date_gmt":"2011-09-20T14:25:18","guid":{"rendered":"https:\/\/blogs.ua.es\/lopedeaguirre\/?page_id=7"},"modified":"2011-12-20T15:21:22","modified_gmt":"2011-12-20T15:21:22","slug":"justin","status":"publish","type":"page","link":"https:\/\/blogs.ua.es\/lopedeaguirre\/justin\/","title":{"rendered":"Presentaci\u00f3n"},"content":{"rendered":"<p>\u00a1Hola!\u00a0Queridos\u00a0compa\u00f1eros\u00a0de la Historia Moderna de Espa\u00f1a !<\/p>\n<p>Ante todo voy a presentarme, me llamo Xiaoshan Liu y mi nombre espa\u00f1ol es Justina. Soy\u00a0estudiante de intercambio\u00a0de China, de la Universidad de Estudios Extranjeros de Cant\u00f3n\u00a0y \u00e9sta es la primera vez\u00a0que\u00a0estoy en\u00a0Espa\u00f1a. Me\u00a0encanta Espa\u00f1a, y \u00a1me gustar\u00eda conocer todo sobre Espa\u00f1a!<\/p>\n<p>\u00c9ste es\u00a0el\u00a0 Blog para la asignatura: <a href=\"http:\/\/cv1.cpd.ua.es\/consplanesestudio\/cvFichaAsi.asp?wCodEst=28&amp;wcodasi=6873&amp;wLengua=C&amp;scaca=2008-09\" target=\"_blank\">Historia Moderna de Espa\u00f1a<\/a>.\u00a0Y nuestro profesor es\u00a0Don <a href=\"http:\/\/webs.ono.com\/antonio.carrasco\/\" target=\"_blank\">Antonio Carrasco<\/a> Rodr\u00edguez, un profesor muy bueno y muy amable.<\/p>\n<p>En este blog, presento muchos aspectos sobre\u00a0el personaje, Lope de Aguirre. Es un conquistador famoso y m\u00e1gico.<\/p>\n<p>Espero que disfrut\u00e9is de la navegaci\u00f3n por mi blog y al mismo tiempo, si ten\u00e9is alguna recomendaci\u00f3n sobre el blog o sobre el contenido del blog, dec\u00eddmelo y voy a agradecerle mucho.<\/p>\n<p>Ahora os animo a conocer m\u00e1s sobre \u00e9l, \u00a1venga, amigos!<\/p>\n","protected":false},"excerpt":{"rendered":"<p>\u00a1Hola!\u00a0Queridos\u00a0compa\u00f1eros\u00a0de la Historia Moderna de Espa\u00f1a ! Ante todo voy a presentarme, me llamo Xiaoshan Liu y mi nombre espa\u00f1ol es Justina. Soy\u00a0estudiante de intercambio\u00a0de China, de la Universidad de Estudios Extranjeros de Cant\u00f3n\u00a0y \u00e9sta es la primera vez\u00a0que\u00a0estoy en\u00a0Espa\u00f1a. Me\u00a0encanta Espa\u00f1a, y \u00a1me gustar\u00eda conocer todo sobre Espa\u00f1a! \u00c9ste es\u00a0el\u00a0 Blog para la asignatura: [&hellip;]<\/p>\n","protected":false},"author":2169,"featured_media":0,"parent":0,"menu_order":0,"comment_status":"open","ping_status":"open","template":"","meta":{"footnotes":""},"class_list":["post-7","page","type-page","status-publish","hentry"],"_links":{"self":[{"href":"https:\/\/blogs.ua.es\/lopedeaguirre\/wp-json\/wp\/v2\/pages\/7","targetHints":{"allow":["GET"]}}],"collection":[{"href":"https:\/\/blogs.ua.es\/lopedeaguirre\/wp-json\/wp\/v2\/pages"}],"about":[{"href":"https:\/\/blogs.ua.es\/lopedeaguirre\/wp-json\/wp\/v2\/types\/page"}],"author":[{"embeddable":true,"href":"https:\/\/blogs.ua.es\/lopedeaguirre\/wp-json\/wp\/v2\/users\/2169"}],"replies":[{"embeddable":true,"href":"https:\/\/blogs.ua.es\/lopedeaguirre\/wp-json\/wp\/v2\/comments?post=7"}],"version-history":[{"count":8,"href":"https:\/\/blogs.ua.es\/lopedeaguirre\/wp-json\/wp\/v2\/pages\/7\/revisions"}],"predecessor-version":[{"id":9,"href":"https:\/\/blogs.ua.es\/lopedeaguirre\/wp-json\/wp\/v2\/pages\/7\/revisions\/9"}],"wp:attachment":[{"href":"https:\/\/blogs.ua.es\/lopedeaguirre\/wp-json\/wp\/v2\/media?parent=7"}],"curies":[{"name":"wp","href":"https:\/\/api.w.org\/{rel}","templated":true}]}}