{"id":2,"date":"2011-09-27T14:53:04","date_gmt":"2011-09-27T14:53:04","guid":{"rendered":"https:\/\/blogs.ua.es\/lopedeaguirrejd\/?page_id=2"},"modified":"2011-12-11T13:21:35","modified_gmt":"2011-12-11T13:21:35","slug":"rumoresdeeldorad","status":"publish","type":"page","link":"https:\/\/blogs.ua.es\/lopedeaguirrejd\/rumoresdeeldorad\/","title":{"rendered":"El Dorado"},"content":{"rendered":"<p>Al fines del a\u00f1o 1560 una expedici\u00f3n bajo la direcci\u00f3n del gobernador Pedro de Usua sali\u00f3 de un campamento peque\u00f1o en los bordes extremos del Per\u00fa Espa\u00f1ol. Estaban en la b\u00fasqueda de algo mas para conquistar, mas espec\u00edficamente el reino supuesto de El Dorado. Hoy en d\u00eda esta expedici\u00f3n no se conoce por sus conquistas de reinos supuestos sino el aventurero mercenario Lope de Aguirre que a trav\u00e9s de asesinatos, manipulaciones y ideas radicales tomo control de ella en los profundidades de la salvaje amazona.<\/p>\n<p>El mito de El Dorado se naci\u00f3 de un ritual tradicional de una sola tribu de ind\u00edgenas en las monta\u00f1as de Colombia. En este ritual el cacique entrara en un lago cubierto en un polvo ligero de oro. De esta vestimenta de oro viene el termino \u00a8El Dorado\u00a8. Este ritual tambi\u00e9n dio luz a la creencia entre los hombres de la frontera de Per\u00fa que en alguna parte de la salvaje amazona que ya quedaba inexplorado hab\u00eda una civilizaci\u00f3n de riqueza inmensa.<\/p>\n<p>Este mito joven se hacia mas fuerte por los registros de un viaje de ind\u00edgenas brasile\u00f1as en que se les acompa\u00f1aron algunos sacerdotes espa\u00f1oles y portugueses. El cacique de este tribu brasile\u00f1a quer\u00eda llevar su tribu a un sito con mas recursos donde existiera la posibilidad de una vida menos dura. Por eso salieron su hogar cerca de la costa atl\u00e1ntico en Brazil y comenzaron marchar al oeste por el r\u00edo Amazona. A lo largo del viaje al oeste la mayor\u00eda del tribu y de los espa\u00f1oles y portugueses se murieron de hambre o enfermedad. De los mas o menos mil personas que salieron de Brazil solo tres cientos alcanzaron la amazona alta de Peru. Seg\u00fan los registros de este viaje de alguna manera durante el viaje el cacique del tribu obtuvo un pulsera de oro. Por alguna raz\u00f3n el cacique escogi\u00f3 usar esta pulsera como prueba de las cuentas que \u00e9l fabrico sobre una civilizaci\u00f3n vasta y rica que descubrieron en el camino.<\/p>\n<p>Afuera de estos eventos pocos documentados el mito de El Dorado tambi\u00e9n se crece por los deseos de los hombre de la frontera peruano. Deseaban encontrar un nuevo impero de las Am\u00e9ricas que podr\u00edan hacerlos ricos r\u00e1pidamente como el imperio Inca hab\u00eda hecho para Pizarro y sus hombres y el imperio Azteca hab\u00eda hecho para Cortez y sus hombres.<\/p>\n<p><a href=\"https:\/\/blogs.ua.es\/lopedeaguirrejd\/files\/2011\/09\/Muisca_raft_Legend_of_El_Dorado_Offerings_of_gold.jpg\"><img loading=\"lazy\" decoding=\"async\" class=\"alignleft size-medium wp-image-11\" src=\"https:\/\/blogs.ua.es\/lopedeaguirrejd\/files\/2011\/09\/Muisca_raft_Legend_of_El_Dorado_Offerings_of_gold-300x225.jpg\" alt=\"\" width=\"300\" height=\"225\" srcset=\"https:\/\/blogs.ua.es\/lopedeaguirrejd\/files\/2011\/09\/Muisca_raft_Legend_of_El_Dorado_Offerings_of_gold-300x225.jpg 300w, https:\/\/blogs.ua.es\/lopedeaguirrejd\/files\/2011\/09\/Muisca_raft_Legend_of_El_Dorado_Offerings_of_gold.jpg 584w\" sizes=\"auto, (max-width: 300px) 100vw, 300px\" \/><\/a><\/p>\n<p>&nbsp;<\/p>\n<p>&nbsp;<\/p>\n<p>&nbsp;<\/p>\n<p>&nbsp;<\/p>\n<p>&nbsp;<\/p>\n<p>&nbsp;<\/p>\n<p>&nbsp;<\/p>\n<p>&nbsp;<\/p>\n<p>&nbsp;<\/p>\n<p>Esto es la Balsa Muisca, una obra de arte de algunas ind\u00edgenas ancianas de Colombia. Es un artefacto que nos da una vista de como podr\u00eda ser el ritual del cacique cubierto en polvo de oro (Portal de turismo colombiano).<\/p>\n","protected":false},"excerpt":{"rendered":"<p>Al fines del a\u00f1o 1560 una expedici\u00f3n bajo la direcci\u00f3n del gobernador Pedro de Usua sali\u00f3 de un campamento peque\u00f1o en los bordes extremos del Per\u00fa Espa\u00f1ol. Estaban en la b\u00fasqueda de algo mas para conquistar, mas espec\u00edficamente el reino supuesto de El Dorado. Hoy en d\u00eda esta expedici\u00f3n no se conoce por sus conquistas [&hellip;]<\/p>\n","protected":false},"author":2201,"featured_media":0,"parent":0,"menu_order":0,"comment_status":"open","ping_status":"open","template":"","meta":{"footnotes":""},"class_list":["post-2","page","type-page","status-publish","hentry"],"_links":{"self":[{"href":"https:\/\/blogs.ua.es\/lopedeaguirrejd\/wp-json\/wp\/v2\/pages\/2","targetHints":{"allow":["GET"]}}],"collection":[{"href":"https:\/\/blogs.ua.es\/lopedeaguirrejd\/wp-json\/wp\/v2\/pages"}],"about":[{"href":"https:\/\/blogs.ua.es\/lopedeaguirrejd\/wp-json\/wp\/v2\/types\/page"}],"author":[{"embeddable":true,"href":"https:\/\/blogs.ua.es\/lopedeaguirrejd\/wp-json\/wp\/v2\/users\/2201"}],"replies":[{"embeddable":true,"href":"https:\/\/blogs.ua.es\/lopedeaguirrejd\/wp-json\/wp\/v2\/comments?post=2"}],"version-history":[{"count":6,"href":"https:\/\/blogs.ua.es\/lopedeaguirrejd\/wp-json\/wp\/v2\/pages\/2\/revisions"}],"predecessor-version":[{"id":32,"href":"https:\/\/blogs.ua.es\/lopedeaguirrejd\/wp-json\/wp\/v2\/pages\/2\/revisions\/32"}],"wp:attachment":[{"href":"https:\/\/blogs.ua.es\/lopedeaguirrejd\/wp-json\/wp\/v2\/media?parent=2"}],"curies":[{"name":"wp","href":"https:\/\/api.w.org\/{rel}","templated":true}]}}