{"id":24,"date":"2011-12-11T13:16:44","date_gmt":"2011-12-11T13:16:44","guid":{"rendered":"https:\/\/blogs.ua.es\/lopedeaguirrejd\/?page_id=24"},"modified":"2011-12-12T08:18:10","modified_gmt":"2011-12-12T08:18:10","slug":"pedro-de-ursua","status":"publish","type":"page","link":"https:\/\/blogs.ua.es\/lopedeaguirrejd\/pedro-de-ursua\/","title":{"rendered":"Pedro de Urs\u00faa"},"content":{"rendered":"<p>En el a\u00f1o 1558 el virrey actual de Per\u00fa reuni\u00f3 con Pedro de Urs\u00faa para le propuso una expedici\u00f3n al coraz\u00f3n de la Amazona a trav\u00e9s del R\u00edo Mara\u00f1\u00f3n. Porque se escogi\u00f3 este hombre como l\u00edder de una expedici\u00f3n tan peligrosa y prestigiosa? Y porque eventualmente esta expedici\u00f3n acab\u00f3 con su muerte a las manos de Lope de Aguirre. Tal vez la historia de su vida se ayuda en contestar estas preguntas.<\/p>\n<p>Urs\u00faa fue el hijo de una familia viaje del regi\u00f3n de Navarre. Como muchos de los hombres que iban al nuevo mundo no fue un hijo mayor. Tal vez por eso fue al las Am\u00e9ricas para buscar la oportunidad distinguirse. Lleg\u00f3 en Cartagena cuando s\u00f3lo ten\u00eda dieciocho a\u00f1os para empezar su vida nueva.<\/p>\n<p>Despu\u00e9s de su llegada a las Am\u00e9ricas su vida, como las vidas de muchos de los primeros hombres en ese continente llen\u00f3 con guerra. Luch\u00f3 contra indignas por todas partes del \u00e1rea de Colombia moderna. En 1555 el mismo virrey le manda derrotar un rebeli\u00f3n de esclavos negros en Panama. En su lucha contra este rebeli\u00f3n se ve por la primera vez su estilo de liderazgo. Los presos rebeldes que tom\u00f3, les ech\u00f3 al perros salvajes o les ejecut\u00f3 inmediatamente. Su \u00e9xito en derrotar el rebeli\u00f3n esclavo le dio una reputaci\u00f3n en muchas partes de Peru. Tanto era as\u00ed que el virrey le regal\u00f3 la posici\u00f3n de l\u00edder en su nuevo proyecto, una expedici\u00f3n en la b\u00fasqueda de El Dorado.<\/p>\n<p>Urs\u00faa gast\u00f3 todo la fortuna que hab\u00eda ganado a lo largo de sus aventuras en las Am\u00e9ricas durante su preparaci\u00f3n para la expedici\u00f3n por la Mara\u00f1\u00f3n. Mand\u00f3 la construcci\u00f3n de brigantines, barcos que se pod\u00eda navegar y remar en un base al este de los Andes. Entretanto en Lima compr\u00f3 un gran cantidad de ganado y, quiz\u00e1s unas de sus peores decisiones compr\u00f3 un gran cantidad de caballos.<\/p>\n<p>Fue durante esta preparaci\u00f3n para la expedici\u00f3n cuando Pedro de Urs\u00faa hizo lo que la mayor\u00eda de los\u00a0 hombres que narraron esos eventos culpara para el fracaso de la expedici\u00f3n y el rebeli\u00f3n de Aguirre. Se enamor\u00f3 con una mujer se llama Do\u00f1a In\u00e9s y la invit\u00f3 acompa\u00f1arlo en la expedici\u00f3n. Nunca mas se viera el l\u00edder efectivo y cruel que aplast\u00f3 los rebeliones de su pasado.<\/p>\n<p><a href=\"https:\/\/blogs.ua.es\/lopedeaguirrejd\/files\/2011\/12\/inez.jpg\"><img loading=\"lazy\" decoding=\"async\" class=\"alignleft size-medium wp-image-34\" src=\"https:\/\/blogs.ua.es\/lopedeaguirrejd\/files\/2011\/12\/inez-300x225.jpg\" alt=\"\" width=\"300\" height=\"225\" srcset=\"https:\/\/blogs.ua.es\/lopedeaguirrejd\/files\/2011\/12\/inez-300x225.jpg 300w, https:\/\/blogs.ua.es\/lopedeaguirrejd\/files\/2011\/12\/inez.jpg 600w\" sizes=\"auto, (max-width: 300px) 100vw, 300px\" \/><\/a><\/p>\n<p>&nbsp;<\/p>\n<p>&nbsp;<\/p>\n<p>&nbsp;<\/p>\n<p>&nbsp;<\/p>\n<p>&nbsp;<\/p>\n<p>&nbsp;<\/p>\n<p>&nbsp;<\/p>\n<p>&nbsp;<\/p>\n<p>&nbsp;<\/p>\n<p>Una captura de pantalla de la actriz Mexicana quien desempe\u00f1\u00f3 el papel de Do\u00f1a In\u00e9s en la interpretaci\u00f3n de la expedici\u00f3n del director alem\u00e1n Werner Herzog.<\/p>\n","protected":false},"excerpt":{"rendered":"<p>En el a\u00f1o 1558 el virrey actual de Per\u00fa reuni\u00f3 con Pedro de Urs\u00faa para le propuso una expedici\u00f3n al coraz\u00f3n de la Amazona a trav\u00e9s del R\u00edo Mara\u00f1\u00f3n. Porque se escogi\u00f3 este hombre como l\u00edder de una expedici\u00f3n tan peligrosa y prestigiosa? Y porque eventualmente esta expedici\u00f3n acab\u00f3 con su muerte a las manos [&hellip;]<\/p>\n","protected":false},"author":2201,"featured_media":0,"parent":0,"menu_order":0,"comment_status":"open","ping_status":"open","template":"","meta":{"footnotes":""},"class_list":["post-24","page","type-page","status-publish","hentry"],"_links":{"self":[{"href":"https:\/\/blogs.ua.es\/lopedeaguirrejd\/wp-json\/wp\/v2\/pages\/24","targetHints":{"allow":["GET"]}}],"collection":[{"href":"https:\/\/blogs.ua.es\/lopedeaguirrejd\/wp-json\/wp\/v2\/pages"}],"about":[{"href":"https:\/\/blogs.ua.es\/lopedeaguirrejd\/wp-json\/wp\/v2\/types\/page"}],"author":[{"embeddable":true,"href":"https:\/\/blogs.ua.es\/lopedeaguirrejd\/wp-json\/wp\/v2\/users\/2201"}],"replies":[{"embeddable":true,"href":"https:\/\/blogs.ua.es\/lopedeaguirrejd\/wp-json\/wp\/v2\/comments?post=24"}],"version-history":[{"count":8,"href":"https:\/\/blogs.ua.es\/lopedeaguirrejd\/wp-json\/wp\/v2\/pages\/24\/revisions"}],"predecessor-version":[{"id":33,"href":"https:\/\/blogs.ua.es\/lopedeaguirrejd\/wp-json\/wp\/v2\/pages\/24\/revisions\/33"}],"wp:attachment":[{"href":"https:\/\/blogs.ua.es\/lopedeaguirrejd\/wp-json\/wp\/v2\/media?parent=24"}],"curies":[{"name":"wp","href":"https:\/\/api.w.org\/{rel}","templated":true}]}}