{"id":29,"date":"2011-12-11T13:19:39","date_gmt":"2011-12-11T13:19:39","guid":{"rendered":"https:\/\/blogs.ua.es\/lopedeaguirrejd\/?page_id=29"},"modified":"2011-12-12T10:33:12","modified_gmt":"2011-12-12T10:33:12","slug":"tribus-de-la-amazona","status":"publish","type":"page","link":"https:\/\/blogs.ua.es\/lopedeaguirrejd\/tribus-de-la-amazona\/","title":{"rendered":"Tribus de la Amazona"},"content":{"rendered":"<p><strong>Informac\u00edon general<\/strong><\/p>\n<p>La expedici\u00f3n por el r\u00edo Mara\u00f1\u00f3n no es s\u00f3lo una historia de un choque de dos personajes, lo de Lope de Aguirre y lo de Pedro de Urs\u00faa. Seguro que la cosa que hizo el impacto mas grande en la expediciones fue su ambiente, la Selva Amazona. En 1560 esta selva no fue el \u00fanico \u00e1rea inmensa todav\u00eda inexplorado pero definitivamente fue uno de los mas crueles. Sin embargo, siquiera en este bosque lleno de enfermedades y plagas que no apoyaba agricultura ni ganado hab\u00eda una poblaci\u00f3n humana establecida, los tribus de la Amazona. Estes tribus interactuaba mucho con la expedici\u00f3n encabezado por Pedro de Urs\u00faa y eventualmente Lope de Aguirre.<\/p>\n<p>Antes de la llegada de europeos a las Am\u00e9ricas se estima que hab\u00eda algunos millones de ind\u00edgenas en la selva de Per\u00fa y Brazil moderna. Como sucedi\u00f3 con las Incas su poblaci\u00f3n se devast\u00f3 por los enfermedades y las practicas de esclavitud europeos. Hoy en d\u00eda de esos algunos millones solo quedan 300,000.<\/p>\n<p>En la \u00e9poca de la expedici\u00f3n de Aguirre el numero de tribus individuos fue cerca de dos mil. La mayor\u00eda de estos tribus viv\u00edan como n\u00f3madas dentro un territorio grande. Sobreviv\u00edan a trav\u00e9s de cazar, recoger frutas, frutas secas y ra\u00edces, y crecer cultivos de ciclo corto. Algunos de sus cultivos claves eran batatas, \u00f1ames y ma\u00edz. Cazaba patos y pavos salvajes. Entre los tribus que coquearon con la expedici\u00f3n exist\u00eda el conocimiento de hacer vino dulce y pan de mandioca.<\/p>\n<p><strong>Encuentros con la expedici\u00f3n<\/strong><\/p>\n<p>Una vez mientras un grupo de exploraci\u00f3n para la expedici\u00f3n baj\u00f3 por la Mara\u00f1\u00f3n un tribu de ind\u00edgenas lleg\u00f3 buscar paz y comercio. Garc\u00eda de Arce, un compa\u00f1ero de Urs\u00faa y l\u00edder de este grupo temi\u00f3 un ataque y por eso mand\u00f3 su propio ataque que acab\u00f3 con el muerte de cuarenta miembros del tribu. Una de los narradores de la expedici\u00f3n, Toribio de Ortiguera, subraya el problema con el actitud hostil de la expedici\u00f3n. Dice que por actos violentos como esto, los tribus del r\u00edo abajo hu\u00edan de la expedici\u00f3n. A\u00f1ade que esto causaba dificultad para la misma expedici\u00f3n porque no hab\u00eda nadie que pod\u00eda darles informaci\u00f3n sobre como sobrevivir en ese ambiente extranjero. Se aisl\u00f3. Ortiguera cree que esta aislamiento autoinfligido contribu\u00eda a los circunstancias de la traici\u00f3n de Lope de Aguirre.<\/p>\n<p><a href=\"https:\/\/blogs.ua.es\/lopedeaguirrejd\/files\/2011\/12\/080530-uncontacted-tribes-photo_big.jpg\"><img loading=\"lazy\" decoding=\"async\" class=\"aligncenter size-medium wp-image-51\" src=\"https:\/\/blogs.ua.es\/lopedeaguirrejd\/files\/2011\/12\/080530-uncontacted-tribes-photo_big-300x223.jpg\" alt=\"\" width=\"300\" height=\"223\" srcset=\"https:\/\/blogs.ua.es\/lopedeaguirrejd\/files\/2011\/12\/080530-uncontacted-tribes-photo_big-300x223.jpg 300w, https:\/\/blogs.ua.es\/lopedeaguirrejd\/files\/2011\/12\/080530-uncontacted-tribes-photo_big.jpg 461w\" sizes=\"auto, (max-width: 300px) 100vw, 300px\" \/><\/a><\/p>\n<p>&nbsp;<\/p>\n<p style=\"text-align: center\">Algunos tribus de la Amazona todavia no se han contactado por el mundo moderno. En este foto, tomado en 2008, dos hombres dispara flechas hacia un avion peque\u00f1o (National Geographic).<\/p>\n","protected":false},"excerpt":{"rendered":"<p>Informac\u00edon general La expedici\u00f3n por el r\u00edo Mara\u00f1\u00f3n no es s\u00f3lo una historia de un choque de dos personajes, lo de Lope de Aguirre y lo de Pedro de Urs\u00faa. Seguro que la cosa que hizo el impacto mas grande en la expediciones fue su ambiente, la Selva Amazona. En 1560 esta selva no fue [&hellip;]<\/p>\n","protected":false},"author":2201,"featured_media":0,"parent":0,"menu_order":0,"comment_status":"open","ping_status":"open","template":"","meta":{"footnotes":""},"class_list":["post-29","page","type-page","status-publish","hentry"],"_links":{"self":[{"href":"https:\/\/blogs.ua.es\/lopedeaguirrejd\/wp-json\/wp\/v2\/pages\/29","targetHints":{"allow":["GET"]}}],"collection":[{"href":"https:\/\/blogs.ua.es\/lopedeaguirrejd\/wp-json\/wp\/v2\/pages"}],"about":[{"href":"https:\/\/blogs.ua.es\/lopedeaguirrejd\/wp-json\/wp\/v2\/types\/page"}],"author":[{"embeddable":true,"href":"https:\/\/blogs.ua.es\/lopedeaguirrejd\/wp-json\/wp\/v2\/users\/2201"}],"replies":[{"embeddable":true,"href":"https:\/\/blogs.ua.es\/lopedeaguirrejd\/wp-json\/wp\/v2\/comments?post=29"}],"version-history":[{"count":5,"href":"https:\/\/blogs.ua.es\/lopedeaguirrejd\/wp-json\/wp\/v2\/pages\/29\/revisions"}],"predecessor-version":[{"id":56,"href":"https:\/\/blogs.ua.es\/lopedeaguirrejd\/wp-json\/wp\/v2\/pages\/29\/revisions\/56"}],"wp:attachment":[{"href":"https:\/\/blogs.ua.es\/lopedeaguirrejd\/wp-json\/wp\/v2\/media?parent=29"}],"curies":[{"name":"wp","href":"https:\/\/api.w.org\/{rel}","templated":true}]}}