{"id":30,"date":"2011-11-08T14:44:54","date_gmt":"2011-11-08T14:44:54","guid":{"rendered":"https:\/\/blogs.ua.es\/losaztecas\/?page_id=30"},"modified":"2011-12-21T10:17:39","modified_gmt":"2011-12-21T10:17:39","slug":"presentacion","status":"publish","type":"page","link":"https:\/\/blogs.ua.es\/losaztecas\/presentacion\/","title":{"rendered":"Presentaci\u00f3n"},"content":{"rendered":"<p style=\"text-align: justify\">\u00a1Hola todos!Soy una estudiante de China,de <a href=\"http:\/\/www.gdufs.edu.cn\/\" target=\"_blank\">GDUFS<\/a>. A decir verdad no me gusta mucho historia,pero como Antonio no me parece un profesor normal,sino un profesor muy majo y divertido,he decidido asistir a esta asignatura.<\/p>\n<p style=\"text-align: justify\">He elegido \u00a8los aztecas\u00a8 como el tema de mi blog,porque quiero conocer m\u00e1s de esta civilizaci\u00f3n m\u00edtica.Espero que os guste mi blog y que Antonio me deje aprobar esta asignatura.<\/p>\n<p style=\"text-align: justify\">Los aztecas lograron construir uno de los Imperios m\u00e1s grandes de la Am\u00e9rica precolombina en menos de dos siglos. Pose\u00edan conocimientos superiores a muchos de los que se manejaban en Europa; adem\u00e1s, contaban con un ej\u00e9rcito entrenado para la guerra desde la infancia. Como su destino se hallaba tan atado a unos dioses&#8221;sedientos de sangre&#8221;, se hallaban obligados a realizar continuamente sacrificios humanos, en los que inclu\u00edan actos de canibalismo&#8230;<\/p>\n<p style=\"text-align: justify\">Mi blog est\u00e1 compuesto de seis p\u00e1ginas:introducci\u00f3n,origen,contexto hist\u00f3rico y geogr\u00e1fico,el imperio azteca,mitos de los aztecas y bibliograf\u00eda.<\/p>\n<p style=\"text-align: justify\">Oj\u00e1la que no os aburr\u00e1is con mi blog.<\/p>\n<p style=\"text-align: justify\">\n","protected":false},"excerpt":{"rendered":"<p>\u00a1Hola todos!Soy una estudiante de China,de GDUFS. A decir verdad no me gusta mucho historia,pero como Antonio no me parece un profesor normal,sino un profesor muy majo y divertido,he decidido asistir a esta asignatura. He elegido \u00a8los aztecas\u00a8 como el &hellip; <a href=\"https:\/\/blogs.ua.es\/losaztecas\/presentacion\/\">Continue reading <span class=\"meta-nav\">&rarr;<\/span><\/a><\/p>\n","protected":false},"author":2180,"featured_media":0,"parent":0,"menu_order":0,"comment_status":"open","ping_status":"open","template":"","meta":{"footnotes":""},"class_list":["post-30","page","type-page","status-publish","hentry"],"_links":{"self":[{"href":"https:\/\/blogs.ua.es\/losaztecas\/wp-json\/wp\/v2\/pages\/30","targetHints":{"allow":["GET"]}}],"collection":[{"href":"https:\/\/blogs.ua.es\/losaztecas\/wp-json\/wp\/v2\/pages"}],"about":[{"href":"https:\/\/blogs.ua.es\/losaztecas\/wp-json\/wp\/v2\/types\/page"}],"author":[{"embeddable":true,"href":"https:\/\/blogs.ua.es\/losaztecas\/wp-json\/wp\/v2\/users\/2180"}],"replies":[{"embeddable":true,"href":"https:\/\/blogs.ua.es\/losaztecas\/wp-json\/wp\/v2\/comments?post=30"}],"version-history":[{"count":14,"href":"https:\/\/blogs.ua.es\/losaztecas\/wp-json\/wp\/v2\/pages\/30\/revisions"}],"predecessor-version":[{"id":83,"href":"https:\/\/blogs.ua.es\/losaztecas\/wp-json\/wp\/v2\/pages\/30\/revisions\/83"}],"wp:attachment":[{"href":"https:\/\/blogs.ua.es\/losaztecas\/wp-json\/wp\/v2\/media?parent=30"}],"curies":[{"name":"wp","href":"https:\/\/api.w.org\/{rel}","templated":true}]}}