{"id":33,"date":"2011-11-08T14:46:56","date_gmt":"2011-11-08T14:46:56","guid":{"rendered":"https:\/\/blogs.ua.es\/losaztecas\/?page_id=33"},"modified":"2011-12-21T10:18:20","modified_gmt":"2011-12-21T10:18:20","slug":"origen","status":"publish","type":"page","link":"https:\/\/blogs.ua.es\/losaztecas\/origen\/","title":{"rendered":"Origen"},"content":{"rendered":"<p style=\"text-align: justify\"><strong><span style=\"font-family: Arial;font-size: large\">\u00a0\u00a0\u00a0\u00a0\u00a0 Relato breve sobre el origen de los mexicas<\/span><\/strong><\/p>\n<p style=\"text-align: justify\"><strong><span style=\"font-family: Arial;font-size: large\"><code>[kml_flashembed movie=\"http:\/\/www.youtube.com\/v\/agqbBjq0Ma0\" width=\"425\" height=\"350\" wmode=\"transparent\" \/]<\/code><\/span><\/strong><\/p>\n<p style=\"text-align: justify\"><strong><span style=\"font-family: Arial;font-size: large\"><code><\/code> \u00a0 <\/span><\/strong><strong><span style=\"font-family: Arial;font-size: large\"><a href=\"https:\/\/blogs.ua.es\/losaztecas\/files\/2011\/11\/0.8A.jpg\"><img loading=\"lazy\" decoding=\"async\" class=\"size-full wp-image-97 alignright\" src=\"https:\/\/blogs.ua.es\/losaztecas\/files\/2011\/11\/0.8A.jpg\" alt=\"\" width=\"186\" height=\"179\" \/><\/a><\/span><\/strong><strong><span style=\"font-family: Arial;font-size: large\">L<\/span><\/strong><span style=\"font-family: Arial\">a \u00faltima tribu nahuatlaca que lleg\u00f3 al Valle de M\u00e9xico fue la de los<\/span><strong><span style=\"font-family: Arial\"> aztecas<\/span><\/strong><span style=\"font-family: Arial\">. En sus or\u00edgenes m\u00edticos, ellos emergieron de los intestinos de la Tierra a trav\u00e9s de siete cuevas, en un lugar denominado Chicomostoc.<\/span><strong><\/strong><\/p>\n<p style=\"text-align: justify\"><span style=\"font-family: Arial\">Las tradiciones afirman que ven\u00edan del Norte y que su pa\u00eds era <\/span><strong><\/strong><span style=\"font-family: Arial\">un lugar de tierra colorada. Algunos estudiosos suponen que la cuna de los pueblos nahuas pudiera ser el valle inferior del R\u00edo Colorado.<\/span><\/p>\n<p style=\"text-align: justify\"><span style=\"font-family: Arial\">Se detuvieron en Aztatl\u00e1n o Aztl\u00e1n, que seg\u00fan varias leyendas significa &#8220;lugar de garzas&#8221; o \u201clugar de la blancura\u201d, debido al color del plumaje de esas aves.<\/span><\/p>\n<p style=\"text-align: justify\"><span style=\"font-family: Arial\">Su localizaci\u00f3n exacta es desconocida, pero seg\u00fan algunos autores, es posible que estuviera localizado en una laguna situada en la desembocadura del R\u00edo San Pedro, en Mexcatitl\u00e1n, Nayarit.<\/span><\/p>\n<p style=\"text-align: justify\"><span style=\"font-family: Arial\">Algunas versiones se\u00f1alan que el nombre de &#8220;<\/span><strong><span style=\"font-family: Arial\">azteca<\/span><\/strong><span style=\"font-family: Arial\">&#8221; proviene de ese lugar m\u00edtico llamado Aztl\u00e1n, aunque ellos prefer\u00edan denominarse <\/span><strong><span style=\"font-family: Arial\">mexicas<\/span><\/strong><span style=\"font-family: Arial\">.<\/span><\/p>\n<p style=\"text-align: justify\"><span style=\"font-family: Arial\">Posteriormente, los<\/span><strong><span style=\"font-family: Arial\"> aztecas<\/span><\/strong><span style=\"font-family: Arial\"> abandonaron el &#8220;lugar de las garzas&#8221; por indicaciones de su dios Huitzilopochtli, quien les orden\u00f3 que lo dejaran, pues habr\u00edan de encontrar un lugar con mejores tierras.<\/span><br \/>\n<span style=\"font-family: Arial\">Se dice que el grupo de pescadores y cazadores sali\u00f3 de Aztl\u00e1n entre el a\u00f1o<\/span><strong><span style=\"font-family: Arial\"> 890<\/span><\/strong><span style=\"font-family: Arial\"> y el<\/span><strong><span style=\"font-family: Arial\"> 1111<\/span><\/strong><span style=\"font-family: Arial\">. Emprendieron su migraci\u00f3n hacia el Sur, en la b\u00fasqueda de una se\u00f1al que les indicar\u00eda que se establecieran otra vez.<\/span><br \/>\n<span style=\"font-family: Arial\">Vagaron durante a\u00f1os, seg\u00fan cuenta la leyenda, en busca de la se\u00f1al en donde deb\u00edan fundar su ciudad. Su peregrinaci\u00f3n dur\u00f3 m\u00e1s de siete siglos. <\/span><\/p>\n<p style=\"text-align: justify\"><span style=\"font-family: Arial\">Se cree que pasaron por los actuales territorios de Sinaloa, Jalisco, Guanajuato y Michoac\u00e1n. No es posible reconstruir en detalle el itinerario que hab\u00edan seguido hasta que llegaron a las inmediaciones de San Juan del R\u00edo, desde donde se cuenta con m\u00e1s informaci\u00f3n hasta su llegada al Valle de M\u00e9xico.<\/span><\/p>\n<p style=\"text-align: justify\"><span style=\"font-family: Arial\">Una tradici\u00f3n cuenta que a los emigrantes <\/span><strong><span style=\"font-family: Arial\">aztecas <\/span><\/strong><span style=\"font-family: Arial\">los guiaba un dios llamado Mixitli. Otra que el conductor era Huitzilopochtli, poderoso caudillo elevado a la categor\u00eda de dios despu\u00e9s de su muerte. Una tercera leyenda presenta a Huitzilopochtli como dios y como conductor y caudillo a Tenoch.<\/span><\/p>\n<p style=\"text-align: justify\"><span style=\"font-family: Arial\">Los <\/span><strong><span style=\"font-family: Arial\">aztecas<\/span><\/strong><span style=\"font-family: Arial\"> que dejaron Aztl\u00e1n ten\u00edan por costumbre encender un fuego nuevo cada 52 a\u00f1os, que era la duraci\u00f3n de un ciclo en su calendario.<\/span><\/p>\n<p style=\"text-align: justify\"><span style=\"font-family: Arial\">El primero celebrado despu\u00e9s de iniciada su peregrinaci\u00f3n fue el de Coatepec, cerca de Tula, en <\/span><strong><span style=\"font-family: Arial\">1163<\/span><\/strong><span style=\"font-family: Arial\">. Hab\u00edan vagado por mucho tiempo y se establecieron all\u00ed, donde vivieron varios a\u00f1os.<\/span><br \/>\n<span style=\"font-family: Arial\">Seg\u00fan un mito, en Coatepec naci\u00f3 el dios Huitzilopochtli o Colibr\u00ed del Sur, hijo de Coatlicue. Era un hechicero que rend\u00eda culto a Tezcatlipoca, su caudillo y su dios m\u00e1s venerado.<\/span><\/p>\n<p style=\"text-align: justify\"><span style=\"font-family: Arial\">Cuando los <\/span><strong><span style=\"font-family: Arial\">aztecas<\/span><\/strong><span style=\"font-family: Arial\"> estaban en Coatepec surgi\u00f3 una disputa. Algunos de ellos, que segu\u00edan a Huitzilopochtli, quer\u00edan irse y otros, que segu\u00edan a Coyolxuahqui, la hermana de Huitzilopochtli, quer\u00edan quedarse.<\/span><br \/>\n<span style=\"font-family: Arial\">En la batalla que sigui\u00f3, los seguidores de Huitzilopochtli ganaron y cambiaron su nombre a <\/span><strong><span style=\"font-family: Arial\">mexicas<\/span><\/strong><span style=\"font-family: Arial\">. La escultura del cuerpo desmembrado de Coyolxuahqui descansa hoy al pie del Templo Mayor, el centro religioso de los <\/span><strong><span style=\"font-family: Arial\">mexicas<\/span><\/strong><span style=\"font-family: Arial\">.<\/span><\/p>\n<p style=\"text-align: justify\"><span style=\"font-family: Arial\">Guiados por Huitzilopochtli, se trasladaron a Tula y posteriormente a Apazco, donde celebraron el siguiente fuego nuevo en<\/span><strong><span style=\"font-family: Arial\"> 1215<\/span><\/strong><span style=\"font-family: Arial\">. Se establecieron temporalmente en diversos sitios como Zumpango, Cuauhtitlan y Ecatepec.<\/span><\/p>\n<p style=\"text-align: justify\"><span style=\"font-family: Arial\">Continuando su peregrinaci\u00f3n, bordearon el Sur de la sierra de Guadalupe y llegaron a Tecpayocan, el actual cerro de Santa Isabel, donde encendieron su tercer fuego nuevo en <\/span><strong><span style=\"font-family: Arial\">1267<\/span><\/strong><span style=\"font-family: Arial\">.<\/span><\/p>\n<p style=\"text-align: justify\"><span style=\"font-family: Arial\">Desde su salida de Tula, los <\/span><strong><span style=\"font-family: Arial\">mexicas <\/span><\/strong><span style=\"font-family: Arial\">s\u00f3lo permanec\u00edan unos a\u00f1os en cada lugar por donde pasaban, pues todas las tierras estaban ocupadas y nadie los quer\u00eda como vecinos por ser muy pendencieros, practicar formas crueles de sacrificios humanos y tener la costumbre de robarse a las mujeres casadas.<\/span><\/p>\n<p style=\"text-align: justify\"><span style=\"font-family: Arial\">Fueron la \u00faltima tribu del Norte \u00e1rido en llegar a Mesoam\u00e9rica. Eran un pueblo pobre y atrasado, por lo que fueron mal recibidos por los habitantes de los se\u00f1or\u00edos de origen tolteca ya establecidos en el Valle de M\u00e9xico.<\/span><br \/>\n<span style=\"font-family: Arial\">Debido a su tard\u00eda aparici\u00f3n en el lugar, los <\/span><strong><span style=\"font-family: Arial\">mexicas<\/span><\/strong><span style=\"font-family: Arial\"> se vieron obligados a ocupar la zona pantanosa situada al Oeste del lago de Texcoco, rodeados por enemigos poderosos que les exig\u00edan tributos.<\/span><\/p>\n<p style=\"text-align: justify\"><span style=\"font-family: Arial\">Huitzilopochtli les dijo entonces que buscaran entre los carrizales de los islotes a un \u00e1guila posada en un nopal, que estar\u00eda devorando una serpiente, la se\u00f1al de que all\u00ed deber\u00edan establecerse definitivamente.<\/span><\/p>\n<p style=\"text-align: justify\"><span style=\"font-family: Arial\">En el a\u00f1o <\/span><strong><span style=\"font-family: Arial\">1325<\/span><\/strong><span style=\"font-family: Arial\"> los <\/span><strong><span style=\"font-family: Arial\">mexicas<\/span><\/strong><span style=\"font-family: Arial\"> hicieron por fin el prodigioso descubrimiento y se establecieron en el lago, fundando la gran Tenochtitl\u00e1n, bajo el auspicio del \u00faltimo caudillo-sacerdote Tenoch, qui\u00e9n le dio su nombre. <\/span><\/p>\n<p style=\"text-align: justify\"><span style=\"font-family: Arial\">Ya asentados, estuvieron por varias d\u00e9cadas bajo el dominio del se\u00f1or\u00edo de Azcapotzalco, como soldados mercenarios. Hacia<\/span><strong><span style=\"font-family: Arial\"> 1430<\/span><\/strong><span style=\"font-family: Arial\">, los <\/span><strong><span style=\"font-family: Arial\">mexicas<\/span><\/strong><span style=\"font-family: Arial\"> hab\u00edan asimilado la cultura de los pueblos avanzados del valle y ten\u00edan poder militar.<\/span><\/p>\n<p style=\"text-align: justify\"><span style=\"font-family: Arial\">Entonces atacaron y derrotaron a Azcapotzalco e iniciaron as\u00ed una sorprendente haza\u00f1a guerrera, que en s\u00f3lo 70 a\u00f1os los hizo due\u00f1os del m\u00e1s grande imperio de Mesoam\u00e9rica.<\/span><\/p>\n<p style=\"text-align: justify\"><span style=\"font-family: Arial\">Los <\/span><strong><span style=\"font-family: Arial\">mexicas<\/span><\/strong><span style=\"font-family: Arial\"> convirtieron el lecho del lago, poco profundo, en chinampas o islas artificiales donde cultivaban verduras y flores, adem\u00e1s de criar aves dom\u00e9sticas.<\/span><\/p>\n<p style=\"text-align: justify\"><span style=\"font-family: Arial\">Hicieron calzadas y puentes para conectar la ciudad con tierra firme; levantaron acueductos y excavaron canales para el transporte de mercanc\u00edas y personas. Las gigantescas pir\u00e1mides sobre las que constru\u00edan los templos, dominaban el paisaje.<\/span><\/p>\n<p style=\"text-align: justify\"><span style=\"font-family: Arial\">La ciudad floreci\u00f3 como resultado del alto grado de organizaci\u00f3n. A la llegada de los espa\u00f1oles, su imperio abarcaba casi todo lo que actualmente son los estados de Veracruz, Puebla, Hidalgo, M\u00e9xico, Morelos, gran parte de Guerrero, Oaxaca, Chiapas y el territorio de Soconusco, en lo que hoy es Guatemala.<\/span><\/p>\n","protected":false},"excerpt":{"rendered":"<p>\u00a0\u00a0\u00a0\u00a0\u00a0 Relato breve sobre el origen de los mexicas [kml_flashembed movie=&#8221;http:\/\/www.youtube.com\/v\/agqbBjq0Ma0&#8243; width=&#8221;425&#8243; height=&#8221;350&#8243; wmode=&#8221;transparent&#8221; \/] \u00a0 La \u00faltima tribu nahuatlaca que lleg\u00f3 al Valle de M\u00e9xico fue la de los aztecas. En sus or\u00edgenes m\u00edticos, ellos emergieron de los intestinos &hellip; <a href=\"https:\/\/blogs.ua.es\/losaztecas\/origen\/\">Continue reading <span class=\"meta-nav\">&rarr;<\/span><\/a><\/p>\n","protected":false},"author":2180,"featured_media":0,"parent":0,"menu_order":2,"comment_status":"open","ping_status":"open","template":"","meta":{"footnotes":""},"class_list":["post-33","page","type-page","status-publish","hentry"],"_links":{"self":[{"href":"https:\/\/blogs.ua.es\/losaztecas\/wp-json\/wp\/v2\/pages\/33","targetHints":{"allow":["GET"]}}],"collection":[{"href":"https:\/\/blogs.ua.es\/losaztecas\/wp-json\/wp\/v2\/pages"}],"about":[{"href":"https:\/\/blogs.ua.es\/losaztecas\/wp-json\/wp\/v2\/types\/page"}],"author":[{"embeddable":true,"href":"https:\/\/blogs.ua.es\/losaztecas\/wp-json\/wp\/v2\/users\/2180"}],"replies":[{"embeddable":true,"href":"https:\/\/blogs.ua.es\/losaztecas\/wp-json\/wp\/v2\/comments?post=33"}],"version-history":[{"count":9,"href":"https:\/\/blogs.ua.es\/losaztecas\/wp-json\/wp\/v2\/pages\/33\/revisions"}],"predecessor-version":[{"id":45,"href":"https:\/\/blogs.ua.es\/losaztecas\/wp-json\/wp\/v2\/pages\/33\/revisions\/45"}],"wp:attachment":[{"href":"https:\/\/blogs.ua.es\/losaztecas\/wp-json\/wp\/v2\/media?parent=33"}],"curies":[{"name":"wp","href":"https:\/\/api.w.org\/{rel}","templated":true}]}}