{"id":7,"date":"2011-09-20T14:22:09","date_gmt":"2011-09-20T14:22:09","guid":{"rendered":"https:\/\/blogs.ua.es\/losaztecas\/?page_id=7"},"modified":"2012-01-06T21:30:35","modified_gmt":"2012-01-06T21:30:35","slug":"indroduccion","status":"publish","type":"page","link":"https:\/\/blogs.ua.es\/losaztecas\/indroduccion\/","title":{"rendered":"Introducci\u00f3n"},"content":{"rendered":"<p><a href=\"https:\/\/blogs.ua.es\/losaztecas\/files\/2011\/09\/losazztecas.gif\"><img loading=\"lazy\" decoding=\"async\" class=\"size-medium wp-image-26 aligncenter\" src=\"https:\/\/blogs.ua.es\/losaztecas\/files\/2011\/09\/losazztecas-300x217.gif\" alt=\"\" width=\"828\" height=\"304\" \/><\/a><span style=\"color: #000000\"><strong><span style=\"font-size: x-small\">\u00a0 <\/span><\/strong><\/span><\/p>\n<p>Podr\u00edamos asegurar que los mismos que a los otras dos grandes civilizaciones de Am\u00e9rica: los mayas y los incas. Sin embargo, los aztecas ofrecen una singularidad espec\u00edfica,ya que su &lt;&lt;imperio&gt;&gt;no cubri\u00f3 los dos siglos, cuando los mayas superaron el milenio.<\/p>\n<p style=\"text-align: justify\" align=\"JUSTIFY\">Al fundar la ciudad de <a href=\"http:\/\/es.wikipedia.org\/wiki\/M%C3%A9xico-Tenochtitlan\" target=\"_blank\">Tenochtitl\u00e1n<\/a> los aztecas se asentaron definitivamente hasta la llegada de los espa\u00f1oles. Hab\u00edan salido de<a href=\"http:\/\/es.wikipedia.org\/wiki\/Aztl%C3%A1n\" target=\"_blank\"> Aztl\u00e1n<\/a> (lugar que desconocemos) convencidos por el dios <a href=\"http:\/\/es.wikipedia.org\/wiki\/Huitzilopochtli\" target=\"_blank\">Huitzilopochtli<\/a> para buscar un sitio nuevo. Tras un camino largo y duro llegaron al Valle de M\u00e9xico. Se establecieron en Chapultec, pero fueron expulsados de all\u00ed. Pidieron al se\u00f1or de Colhuac\u00e1n una tierra donde ir, y \u00e9l les dio<a href=\"http:\/\/es.wikipedia.org\/wiki\/Tizap%C3%A1n_el_Alto\" target=\"_blank\"> Tizap\u00e1n<\/a>, lleno de serpientes venenosas; pero no fue problema porque ellos se las comieron asadas. Pasado el tiempo pidieron al se\u00f1or del pueblo vecino (los culhuas) que les entregara a su hija para casarla con el dios. La muchacha fue ofrecida en sacrificio y cuando lo supo su padre, tuvieron que huir hacia los lagos. Esto era ya en el a\u00f1o 1323. En el lago Texcoco vieron una se\u00f1al del dios: un \u00e1guila, en un nopal, devorando a una serpiente; y fundaron all\u00ed la ciudad de Tenochtitl\u00e1n, que significa donde est\u00e1 el nopal silvestre.<\/p>\n<p style=\"text-align: justify\" align=\"JUSTIFY\">Al menos esto cuentan las historias aztecas. Generalmente llamamos aztecas a los habitantes de los territorios conquistados por<a href=\"http:\/\/es.wikipedia.org\/wiki\/Hern%C3%A1n_Cort%C3%A9s\" target=\"_blank\"> Hern\u00e1n Cort\u00e9s<\/a>, aplic\u00e1ndo, por tanto, ese t\u00e9rmino no s\u00f3lo a los propios aztecas sino tambi\u00e9n a los <a href=\"http:\/\/es.wikipedia.org\/wiki\/Mexica\" target=\"_blank\">mexicas<\/a>.<\/p>\n","protected":false},"excerpt":{"rendered":"<p>\u00a0 Podr\u00edamos asegurar que los mismos que a los otras dos grandes civilizaciones de Am\u00e9rica: los mayas y los incas. Sin embargo, los aztecas ofrecen una singularidad espec\u00edfica,ya que su &lt;&lt;imperio&gt;&gt;no cubri\u00f3 los dos siglos, cuando los mayas superaron el &hellip; <a href=\"https:\/\/blogs.ua.es\/losaztecas\/indroduccion\/\">Continue reading <span class=\"meta-nav\">&rarr;<\/span><\/a><\/p>\n","protected":false},"author":2180,"featured_media":0,"parent":0,"menu_order":1,"comment_status":"open","ping_status":"open","template":"","meta":{"footnotes":""},"class_list":["post-7","page","type-page","status-publish","hentry"],"_links":{"self":[{"href":"https:\/\/blogs.ua.es\/losaztecas\/wp-json\/wp\/v2\/pages\/7","targetHints":{"allow":["GET"]}}],"collection":[{"href":"https:\/\/blogs.ua.es\/losaztecas\/wp-json\/wp\/v2\/pages"}],"about":[{"href":"https:\/\/blogs.ua.es\/losaztecas\/wp-json\/wp\/v2\/types\/page"}],"author":[{"embeddable":true,"href":"https:\/\/blogs.ua.es\/losaztecas\/wp-json\/wp\/v2\/users\/2180"}],"replies":[{"embeddable":true,"href":"https:\/\/blogs.ua.es\/losaztecas\/wp-json\/wp\/v2\/comments?post=7"}],"version-history":[{"count":38,"href":"https:\/\/blogs.ua.es\/losaztecas\/wp-json\/wp\/v2\/pages\/7\/revisions"}],"predecessor-version":[{"id":9,"href":"https:\/\/blogs.ua.es\/losaztecas\/wp-json\/wp\/v2\/pages\/7\/revisions\/9"}],"wp:attachment":[{"href":"https:\/\/blogs.ua.es\/losaztecas\/wp-json\/wp\/v2\/media?parent=7"}],"curies":[{"name":"wp","href":"https:\/\/api.w.org\/{rel}","templated":true}]}}