{"id":86,"date":"2011-11-27T19:47:11","date_gmt":"2011-11-27T19:47:11","guid":{"rendered":"https:\/\/blogs.ua.es\/losaztecas\/?page_id=86"},"modified":"2012-01-07T09:00:34","modified_gmt":"2012-01-07T09:00:34","slug":"bibliografia","status":"publish","type":"page","link":"https:\/\/blogs.ua.es\/losaztecas\/bibliografia\/","title":{"rendered":"Bibliograf\u00eda"},"content":{"rendered":"<p style=\"text-align: justify\">Aguilar, Francisco: <em>Relaci\u00f3n breve de la conquista de la Nueva Espa\u00f1a<\/em><\/p>\n<p style=\"text-align: justify\">Cort\u00e9s, Hern\u00e1n: <em>Cartas de relaci\u00f3n de la conquista de M\u00e9xico<\/em><\/p>\n<p style=\"text-align: justify\">D\u00edaz del Castillo, Bernal: <em>Historia verdadera de la conquista de la Nueva Espa\u00f1a<\/em><\/p>\n<p style=\"text-align: justify\">Dur\u00e1n, Diego:<em> Historia de las Indias de Nueva Espa\u00f1a e islas de la tierra firme(2 vol\u00famenes)<\/em><\/p>\n<p style=\"text-align: justify\">Gruzinski, Serge: <em>El destino truncado del imperio azteca<\/em><\/p>\n<p style=\"text-align: justify\">Hagen, V\u00edctor W. von: <em>Los aztecas. Hombre y tribu<\/em><\/p>\n<p style=\"text-align: justify\">Hagen, V\u00edctor W. von: <em>Los aztecas<\/em><\/p>\n<p style=\"text-align: justify\">Johansson, Patrick: <em>La palabra de los aztecas<\/em><\/p>\n<p style=\"text-align: justify\">L\u00f3pez de Gomara, Francisco:<em> Historia de la conquista de M\u00e9jico<\/em><\/p>\n<p style=\"text-align: justify\">Madariaga, Salvador de: <em>Hern\u00e1n Cort\u00e9s<\/em><\/p>\n<p style=\"text-align: justify\">Prescott, William H.: <em>Historia de la conquista de M\u00e9jico<\/em><\/p>\n<p style=\"text-align: justify\">Rojas, Jos\u00e9 Luis: <em>Los aztecas. Entre el dios de la lluvia y la guerra<\/em><\/p>\n<p style=\"text-align: justify\">Sahag\u00fan, Bernardino de:<em>Historia General de las cosas de la Nueva Espa\u00f1a(3 vol\u00famenes)<\/em><\/p>\n<p style=\"text-align: justify\">Solis, Antonio: <em>Historia de la conquista de M\u00e9jico<\/em><\/p>\n<p style=\"text-align: justify\">Soustelle, Jacques: <em>Los aztecas<\/em><\/p>\n<p style=\"text-align: justify\">Soustelle, Jacques: <em>La vida de los aztecas en v\u00edsperasla conquista<\/em><\/p>\n<p style=\"text-align: justify\">Tapia, Andr\u00e9s de: <em>Relaci\u00f3n sobre la conquista de M\u00e9xico.<\/em><\/p>\n<p style=\"text-align: justify\">Vaillant, George C.: <em>La civilizaci\u00f3n azteca. Origen, grandeza y decadencia<\/em><\/p>\n<p style=\"text-align: justify\">V\u00e1zquez; Germ\u00e1n: <em>Moctezuma<\/em><\/p>\n<p style=\"text-align: justify\">Jos\u00e9 Luis Rojas: <em>Los Aztecas: entre el dios de la lluvia y el de la guerra<\/em><\/p>\n<p style=\"text-align: justify\">Internet:<\/p>\n<p style=\"text-align: justify\"><a href=\"http:\/\/historiamundo.com\/?p=1804\">http:\/\/historiamundo.com\/?p=1804<\/a><\/p>\n<p style=\"text-align: justify\"><a href=\"http:\/\/es.wikipedia.org\/wiki\/Mexica#Introducci.C3.B3n\">http:\/\/es.wikipedia.org\/wiki\/Mexica#Introducci.C3.B3n<\/a><\/p>\n<p style=\"text-align: justify\">\n","protected":false},"excerpt":{"rendered":"<p>Aguilar, Francisco: Relaci\u00f3n breve de la conquista de la Nueva Espa\u00f1a Cort\u00e9s, Hern\u00e1n: Cartas de relaci\u00f3n de la conquista de M\u00e9xico D\u00edaz del Castillo, Bernal: Historia verdadera de la conquista de la Nueva Espa\u00f1a Dur\u00e1n, Diego: Historia de las Indias &hellip; <a href=\"https:\/\/blogs.ua.es\/losaztecas\/bibliografia\/\">Continue reading <span class=\"meta-nav\">&rarr;<\/span><\/a><\/p>\n","protected":false},"author":2180,"featured_media":0,"parent":0,"menu_order":8,"comment_status":"open","ping_status":"open","template":"","meta":{"footnotes":""},"class_list":["post-86","page","type-page","status-publish","hentry"],"_links":{"self":[{"href":"https:\/\/blogs.ua.es\/losaztecas\/wp-json\/wp\/v2\/pages\/86","targetHints":{"allow":["GET"]}}],"collection":[{"href":"https:\/\/blogs.ua.es\/losaztecas\/wp-json\/wp\/v2\/pages"}],"about":[{"href":"https:\/\/blogs.ua.es\/losaztecas\/wp-json\/wp\/v2\/types\/page"}],"author":[{"embeddable":true,"href":"https:\/\/blogs.ua.es\/losaztecas\/wp-json\/wp\/v2\/users\/2180"}],"replies":[{"embeddable":true,"href":"https:\/\/blogs.ua.es\/losaztecas\/wp-json\/wp\/v2\/comments?post=86"}],"version-history":[{"count":8,"href":"https:\/\/blogs.ua.es\/losaztecas\/wp-json\/wp\/v2\/pages\/86\/revisions"}],"predecessor-version":[{"id":382,"href":"https:\/\/blogs.ua.es\/losaztecas\/wp-json\/wp\/v2\/pages\/86\/revisions\/382"}],"wp:attachment":[{"href":"https:\/\/blogs.ua.es\/losaztecas\/wp-json\/wp\/v2\/media?parent=86"}],"curies":[{"name":"wp","href":"https:\/\/api.w.org\/{rel}","templated":true}]}}