{"id":129,"date":"2011-11-15T14:12:36","date_gmt":"2011-11-15T14:12:36","guid":{"rendered":"https:\/\/blogs.ua.es\/losaztecasjm\/?page_id=129"},"modified":"2011-12-18T14:11:13","modified_gmt":"2011-12-18T14:11:13","slug":"la-historia-del-imperio-azteca-2","status":"publish","type":"page","link":"https:\/\/blogs.ua.es\/losaztecasjm\/la-historia-del-imperio-azteca-2\/","title":{"rendered":"La historia del imperio Azteca."},"content":{"rendered":"<p><strong><span style=\"text-decoration: underline\"><a title=\"1) El imperio azteca.\" href=\"https:\/\/blogs.ua.es\/losaztecasjm\/el-imperio-azteca\/\">1) El imperio azteca.<\/a><\/span><\/strong><\/p>\n<p><strong><span style=\"text-decoration: underline\"><a title=\"2) La cultura.\" href=\"https:\/\/blogs.ua.es\/losaztecasjm\/2-la-cultura\/\">2) La cultura.<\/a><\/span><\/strong><\/p>\n<p><strong><span style=\"text-decoration: underline\"><a title=\"3) La organizaci\u00f3n estatal.\" href=\"https:\/\/blogs.ua.es\/losaztecasjm\/3-la-organizacion-estatal\/\">3) La organizaci\u00f3n estatal.<\/a><\/span><\/strong><\/p>\n<p><a title=\"4) La organizaci\u00f3n econ\u00f3mica.\" href=\"https:\/\/blogs.ua.es\/losaztecasjm\/4-la-organizacion-economica-por-la\/\"><strong><span style=\"text-decoration: underline\">4) <\/span><\/strong><strong><span style=\"text-decoration: underline\">la organizaci\u00f3n econ\u00f3mica.<\/span><\/strong><\/a><\/p>\n<p><strong><span style=\"text-decoration: underline\"><a title=\"5) La educaci\u00f3n.\" href=\"https:\/\/blogs.ua.es\/losaztecasjm\/5-la-educacion\/\">5) La educaci\u00f3n.<\/a><\/span><\/strong><\/p>\n<p><a title=\"6) La religi\u00f3n y Tenochtitlan.\" href=\"https:\/\/blogs.ua.es\/losaztecasjm\/7-la-religion-y-tenochtitlan\/\"><strong><span style=\"text-decoration: underline\">6<\/span><\/strong><strong><span style=\"text-decoration: underline\">) <\/span><\/strong><strong><span style=\"text-decoration: underline\">La religi\u00f3n y Tenochtitlan.<\/span><\/strong><\/a><\/p>\n<p><a href=\"https:\/\/blogs.ua.es\/losaztecasjm\/files\/2011\/11\/El-imperio-azteca2.gif\"><img loading=\"lazy\" decoding=\"async\" class=\"aligncenter size-medium wp-image-223\" src=\"https:\/\/blogs.ua.es\/losaztecasjm\/files\/2011\/11\/El-imperio-azteca2-300x192.gif\" alt=\"\" width=\"300\" height=\"192\" srcset=\"https:\/\/blogs.ua.es\/losaztecasjm\/files\/2011\/11\/El-imperio-azteca2-300x192.gif 300w, https:\/\/blogs.ua.es\/losaztecasjm\/files\/2011\/11\/El-imperio-azteca2.gif 500w\" sizes=\"auto, (max-width: 300px) 100vw, 300px\" \/><\/a><\/p>\n<p><a title=\"Los aztecas\" href=\"https:\/\/blogs.ua.es\/losaztecasjm\/\">Volver a la p\u00e1gina principal.<\/a><\/p>\n<p>&nbsp;<\/p>\n","protected":false},"excerpt":{"rendered":"<p>1) El imperio azteca. 2) La cultura. 3) La organizaci\u00f3n estatal. 4) la organizaci\u00f3n econ\u00f3mica. 5) La educaci\u00f3n. 6) La religi\u00f3n y Tenochtitlan. Volver a la p\u00e1gina principal. &nbsp;<\/p>\n","protected":false},"author":2244,"featured_media":0,"parent":0,"menu_order":0,"comment_status":"open","ping_status":"open","template":"","meta":{"footnotes":""},"class_list":["post-129","page","type-page","status-publish","hentry"],"_links":{"self":[{"href":"https:\/\/blogs.ua.es\/losaztecasjm\/wp-json\/wp\/v2\/pages\/129","targetHints":{"allow":["GET"]}}],"collection":[{"href":"https:\/\/blogs.ua.es\/losaztecasjm\/wp-json\/wp\/v2\/pages"}],"about":[{"href":"https:\/\/blogs.ua.es\/losaztecasjm\/wp-json\/wp\/v2\/types\/page"}],"author":[{"embeddable":true,"href":"https:\/\/blogs.ua.es\/losaztecasjm\/wp-json\/wp\/v2\/users\/2244"}],"replies":[{"embeddable":true,"href":"https:\/\/blogs.ua.es\/losaztecasjm\/wp-json\/wp\/v2\/comments?post=129"}],"version-history":[{"count":11,"href":"https:\/\/blogs.ua.es\/losaztecasjm\/wp-json\/wp\/v2\/pages\/129\/revisions"}],"predecessor-version":[{"id":224,"href":"https:\/\/blogs.ua.es\/losaztecasjm\/wp-json\/wp\/v2\/pages\/129\/revisions\/224"}],"wp:attachment":[{"href":"https:\/\/blogs.ua.es\/losaztecasjm\/wp-json\/wp\/v2\/media?parent=129"}],"curies":[{"name":"wp","href":"https:\/\/api.w.org\/{rel}","templated":true}]}}