{"id":26,"date":"2011-11-13T15:24:07","date_gmt":"2011-11-13T15:24:07","guid":{"rendered":"https:\/\/blogs.ua.es\/losaztecasjm\/?page_id=26"},"modified":"2012-01-26T12:46:12","modified_gmt":"2012-01-26T12:46:12","slug":"los-aztecas","status":"publish","type":"page","link":"https:\/\/blogs.ua.es\/losaztecasjm\/","title":{"rendered":"Los aztecas"},"content":{"rendered":"<p>Los <strong>aztecas<\/strong>, llamados tambi\u00e9n \u201cmexicas\u201d, fueron un pueblo ind\u00edgena que vivi\u00f3 en la ciudad de M\u00e9xico y sus alrededores, de 300 antes Jes\u00fas-Cristo hasta 1520 despu\u00e9s de Jes\u00fas-Cristo, cuando llegaron los espa\u00f1oles. Al origen, fue solamente una <strong>tribu n\u00f3mada<\/strong> que se desplazaba por las estepas de M\u00e9xico, viviendo de la caza y de las cosechas, y, a lo mejor, de una agricultura epis\u00f3dica. Pero, poco a poco, se convirti\u00f3 jefe de las regiones, con una tribu la m\u00e1s extensa de Mesoam\u00e9rica, sobre todo gracias a la <strong>Triple Alianza<\/strong>.<\/p>\n<p>Los aztecas hablaban una lengua llamada <strong>n\u00e1huatl<\/strong>, cuya escritura mezclaba pictogramas, ideogramas y signos fon\u00e9ticos. Los manuscritos aztecas hallados, llamados <strong><em>c\u00f3dices<\/em><\/strong>, \u00a0permitieron reflejar su propia cultura, historia, geograf\u00eda, pol\u00edtica, econom\u00eda y religi\u00f3n.<\/p>\n<p><a title=\"La historia del imperio Azteca.\" href=\"https:\/\/blogs.ua.es\/losaztecasjm\/la-historia-del-imperio-azteca-2\/\">I) La historia del imperio azteca<\/a><\/p>\n<p><a title=\"Los aztecas y la pen\u00ednsula ib\u00e9rica\" href=\"https:\/\/blogs.ua.es\/losaztecasjm\/los-aztecas-y-la\/\">II) Los aztecas\u00a0y la pen\u00ednsula ib\u00e9rica<\/a><\/p>\n<p><a href=\"https:\/\/blogs.ua.es\/losaztecasjm\/files\/2011\/11\/aztecas.jpg\"><img loading=\"lazy\" decoding=\"async\" class=\"aligncenter size-medium wp-image-123\" src=\"https:\/\/blogs.ua.es\/losaztecasjm\/files\/2011\/11\/aztecas-300x217.jpg\" alt=\"\" width=\"300\" height=\"217\" srcset=\"https:\/\/blogs.ua.es\/losaztecasjm\/files\/2011\/11\/aztecas-300x217.jpg 300w, https:\/\/blogs.ua.es\/losaztecasjm\/files\/2011\/11\/aztecas.jpg 432w\" sizes=\"auto, (max-width: 300px) 100vw, 300px\" \/><\/a><\/p>\n","protected":false},"excerpt":{"rendered":"<p>Los aztecas, llamados tambi\u00e9n \u201cmexicas\u201d, fueron un pueblo ind\u00edgena que vivi\u00f3 en la ciudad de M\u00e9xico y sus alrededores, de 300 antes Jes\u00fas-Cristo hasta 1520 despu\u00e9s de Jes\u00fas-Cristo, cuando llegaron los espa\u00f1oles. Al origen, fue solamente una tribu n\u00f3mada que se desplazaba por las estepas de M\u00e9xico, viviendo de la caza y de las cosechas, [&hellip;]<\/p>\n","protected":false},"author":2244,"featured_media":0,"parent":0,"menu_order":0,"comment_status":"open","ping_status":"open","template":"","meta":{"footnotes":""},"class_list":["post-26","page","type-page","status-publish","hentry"],"_links":{"self":[{"href":"https:\/\/blogs.ua.es\/losaztecasjm\/wp-json\/wp\/v2\/pages\/26","targetHints":{"allow":["GET"]}}],"collection":[{"href":"https:\/\/blogs.ua.es\/losaztecasjm\/wp-json\/wp\/v2\/pages"}],"about":[{"href":"https:\/\/blogs.ua.es\/losaztecasjm\/wp-json\/wp\/v2\/types\/page"}],"author":[{"embeddable":true,"href":"https:\/\/blogs.ua.es\/losaztecasjm\/wp-json\/wp\/v2\/users\/2244"}],"replies":[{"embeddable":true,"href":"https:\/\/blogs.ua.es\/losaztecasjm\/wp-json\/wp\/v2\/comments?post=26"}],"version-history":[{"count":15,"href":"https:\/\/blogs.ua.es\/losaztecasjm\/wp-json\/wp\/v2\/pages\/26\/revisions"}],"predecessor-version":[{"id":29,"href":"https:\/\/blogs.ua.es\/losaztecasjm\/wp-json\/wp\/v2\/pages\/26\/revisions\/29"}],"wp:attachment":[{"href":"https:\/\/blogs.ua.es\/losaztecasjm\/wp-json\/wp\/v2\/media?parent=26"}],"curies":[{"name":"wp","href":"https:\/\/api.w.org\/{rel}","templated":true}]}}