{"id":52,"date":"2011-11-13T16:09:56","date_gmt":"2011-11-13T16:09:56","guid":{"rendered":"https:\/\/blogs.ua.es\/losaztecasjm\/?page_id=52"},"modified":"2011-12-18T13:37:54","modified_gmt":"2011-12-18T13:37:54","slug":"el-imperio-azteca","status":"publish","type":"page","link":"https:\/\/blogs.ua.es\/losaztecasjm\/el-imperio-azteca\/","title":{"rendered":"1) El imperio azteca."},"content":{"rendered":"<p>Antes de volverse en gran imperio, los aztecas fueron solamente una peque\u00f1a tribu dependiente de m\u00e1s fuerte que ellos, pero, un d\u00eda, un hombre lo va a cambiar todo.<\/p>\n<p>Maxtlatzin, hijo de Tezozomoc, sucedi\u00f3 a su padre para el trono de Azcapotzalco. Nunca escondi\u00f3 su odio para con los aztecas que ten\u00edan que darles nuevos impuestos. \u00c9stos hab\u00edan elegido Itzcoaltl para suceder a Chimalpopoca. Delante de la amenaza Tepaneca, Iztcoalt se dispon\u00eda a reconocer a Maxtlazin como soberano absoluto de todo el valle de M\u00e9xico. Pero en aquel momento, la intervenci\u00f3n de Tlacaelel iba a cambiar el destino de los aztecas, de dominados a dominantes. Tlacaelel consigui\u00f3 convencer a los se\u00f1ores aztecas de la necesidad de no aceptar la sumisi\u00f3n y de luchar contra los Tepanecas. As\u00ed, los aztecas se unieron a las otras tribus que se encontraban bajo el yugo de los Tepanecas. As\u00ed se unieron Tenochtitlan, Tacuba y Texcoco que formaron la Triple Alianza que van a infligir muchas derrotas a los Tepanecas hasta la ca\u00edda del rey en 1428.<\/p>\n<p><a href=\"https:\/\/blogs.ua.es\/losaztecasjm\/files\/2011\/11\/I-1-imperio-azteca.jpg\"><img loading=\"lazy\" decoding=\"async\" class=\"aligncenter size-medium wp-image-203\" src=\"https:\/\/blogs.ua.es\/losaztecasjm\/files\/2011\/11\/I-1-imperio-azteca-300x241.jpg\" alt=\"\" width=\"300\" height=\"241\" srcset=\"https:\/\/blogs.ua.es\/losaztecasjm\/files\/2011\/11\/I-1-imperio-azteca-300x241.jpg 300w, https:\/\/blogs.ua.es\/losaztecasjm\/files\/2011\/11\/I-1-imperio-azteca.jpg 658w\" sizes=\"auto, (max-width: 300px) 100vw, 300px\" \/><\/a><\/p>\n<p><a title=\"La historia del imperio Azteca.\" href=\"https:\/\/blogs.ua.es\/losaztecasjm\/la-historia-del-imperio-azteca-2\/\">Volver.<\/a><\/p>\n<p><a title=\"Los aztecas\" href=\"https:\/\/blogs.ua.es\/losaztecasjm\/\">Volver a la p\u00e1gina\u00a0principal. <\/a><\/p>\n<p>&nbsp;<\/p>\n","protected":false},"excerpt":{"rendered":"<p>Antes de volverse en gran imperio, los aztecas fueron solamente una peque\u00f1a tribu dependiente de m\u00e1s fuerte que ellos, pero, un d\u00eda, un hombre lo va a cambiar todo. Maxtlatzin, hijo de Tezozomoc, sucedi\u00f3 a su padre para el trono de Azcapotzalco. Nunca escondi\u00f3 su odio para con los aztecas que ten\u00edan que darles nuevos [&hellip;]<\/p>\n","protected":false},"author":2244,"featured_media":0,"parent":0,"menu_order":0,"comment_status":"open","ping_status":"open","template":"","meta":{"footnotes":""},"class_list":["post-52","page","type-page","status-publish","hentry"],"_links":{"self":[{"href":"https:\/\/blogs.ua.es\/losaztecasjm\/wp-json\/wp\/v2\/pages\/52","targetHints":{"allow":["GET"]}}],"collection":[{"href":"https:\/\/blogs.ua.es\/losaztecasjm\/wp-json\/wp\/v2\/pages"}],"about":[{"href":"https:\/\/blogs.ua.es\/losaztecasjm\/wp-json\/wp\/v2\/types\/page"}],"author":[{"embeddable":true,"href":"https:\/\/blogs.ua.es\/losaztecasjm\/wp-json\/wp\/v2\/users\/2244"}],"replies":[{"embeddable":true,"href":"https:\/\/blogs.ua.es\/losaztecasjm\/wp-json\/wp\/v2\/comments?post=52"}],"version-history":[{"count":10,"href":"https:\/\/blogs.ua.es\/losaztecasjm\/wp-json\/wp\/v2\/pages\/52\/revisions"}],"predecessor-version":[{"id":77,"href":"https:\/\/blogs.ua.es\/losaztecasjm\/wp-json\/wp\/v2\/pages\/52\/revisions\/77"}],"wp:attachment":[{"href":"https:\/\/blogs.ua.es\/losaztecasjm\/wp-json\/wp\/v2\/media?parent=52"}],"curies":[{"name":"wp","href":"https:\/\/api.w.org\/{rel}","templated":true}]}}