{"id":56,"date":"2011-11-13T16:11:43","date_gmt":"2011-11-13T16:11:43","guid":{"rendered":"https:\/\/blogs.ua.es\/losaztecasjm\/?page_id=56"},"modified":"2011-12-18T13:54:32","modified_gmt":"2011-12-18T13:54:32","slug":"3-la-organizacion-estatal","status":"publish","type":"page","link":"https:\/\/blogs.ua.es\/losaztecasjm\/3-la-organizacion-estatal\/","title":{"rendered":"3) La organizaci\u00f3n estatal."},"content":{"rendered":"<p>Podemos resumir la organizaci\u00f3n estatal de los aztecas a trav\u00e9s tres puntos: la pol\u00edtica , la sociedad y las leyes.<\/p>\n<p>Los aztecas ten\u00edan un estado olig\u00e1rquico, teocr\u00e1tico y militar. Hay que destacar los tres principales cargos y \u00f3rganos de este gobierno:<\/p>\n<p>-El <strong>soberano<\/strong> \u201c<em>tlatoani<\/em> o <em>tlacatecutli<\/em>\u201d que era la m\u00e1s alta autoridad pol\u00edtica, religiosa, administrativa, judicial y militar. Ten\u00eda el mando supremo de los ej\u00e9rcitos de la Triple Alianza. \u00a0Fueron quatro electores, elegidos por la nobleza, que eligieron al soberano. Al principio esa tarea se la encargaba al pueblo pero la cosa cambio en los \u00faltimos a\u00f1os.<\/p>\n<p>-El <strong>consejo supremo<\/strong> \u201c<em>Tlatocan<\/em>\u201d estaba compuesto de miembros de la nobleza o parientes cercanos del tlatoani. Se trataba de aconsejar al tlatoani y a la vez desempe\u00f1ar funciones legislativas, administrativas y judiciales.<\/p>\n<p>-El <strong>Cihuac\u00f3atl<\/strong> era jefe de los sacerdotes de la diosa de Cihuac\u00f3al (madre del dios Huitzilopochtli). Presentaba al tlatoani en las reuniones y lo sustitu\u00eda cuando se marchaba a campa\u00f1a. Tambi\u00e9n, era el juez supremo en lo militar y lo judicial, organizaba las expediciones militares, convocaba al colegio electoral cuando mor\u00eda el soberano y desempe\u00f1aba temporalmente las funciones de jefe de Estado. Adem\u00e1s, administraba la hacienda p\u00fablica y percib\u00eda los tributos.<\/p>\n<p>Segundo, la sociedad se organizaba alrededor del emperador, que pose\u00eda un poder ilimitado sobre todas las cosas y todas las personas. Junto a \u00e9l, los guerreros y sacerdotes formaban el grupo social de mayor poder. Los guerreros eran el principal apoyo del emperador que permiti\u00f3 la creaci\u00f3n de un imperio muy poderoso.<\/p>\n<p>Los otros grupos intermediarios fueron los comerciantes enriquecidos de la capital, que organizaban fiestas y ofrec\u00edan algunos de sus esclavos como v\u00edctima de un sacrificio ritual para obtener m\u00e1s prestigios.<\/p>\n<p>Sin embargo, la mayor parte de la poblaci\u00f3n eran artesanos, agricultores, servidores p\u00fablicos, etc., que se organizaban en grupos de parentesco llamados &#8220;<strong><em>calpulli&#8221;<\/em><\/strong>.<\/p>\n<p>Tambi\u00e9n hab\u00eda esclavos que se usaban para el trabajo agr\u00edcola, el transporte, el comercio o el servicio dom\u00e9stico. Algunos lo eran temporalmente, hasta que pagaran una deuda o una condena y otros eran prisioneros de guerra que pod\u00edan ser sacrificados a Huitzilopochtli.<\/p>\n<p>Tercero, las leyes eran muy severas con un castigo diferente seg\u00fan el delito y el rango de quien lo comet\u00eda. Exist\u00eda la pena de muerte para los delitos de asesinato, traici\u00f3n, aborto, incesto, violaci\u00f3n, robo con fractura y adulterio. En este \u00faltimo caso, se proced\u00eda a la lapidaci\u00f3n aunque la mujer era estrangulada previamente. Los guerreros pod\u00edan escapar de la pena de muerte aceptando un destino permanente en zona fronteriza. Adem\u00e1s, la embriaguez era considerada delito. S\u00f3lo era permitida, en algunas circunstancias, para los ancianos y los guerreros profesionales. El castigo pod\u00eda ser la muerte o el rapado de cabeza.<\/p>\n<p><a title=\"La historia del imperio Azteca.\" href=\"https:\/\/blogs.ua.es\/losaztecasjm\/la-historia-del-imperio-azteca-2\/\">\u00a0Volver.<\/a><\/p>\n<p><a title=\"Los aztecas\" href=\"https:\/\/blogs.ua.es\/losaztecasjm\/\">Volver a la p\u00e1gina principal. <\/a><\/p>\n<p>&nbsp;<\/p>\n","protected":false},"excerpt":{"rendered":"<p>Podemos resumir la organizaci\u00f3n estatal de los aztecas a trav\u00e9s tres puntos: la pol\u00edtica , la sociedad y las leyes. Los aztecas ten\u00edan un estado olig\u00e1rquico, teocr\u00e1tico y militar. Hay que destacar los tres principales cargos y \u00f3rganos de este gobierno: -El soberano \u201ctlatoani o tlacatecutli\u201d que era la m\u00e1s alta autoridad pol\u00edtica, religiosa, administrativa, [&hellip;]<\/p>\n","protected":false},"author":2244,"featured_media":0,"parent":0,"menu_order":0,"comment_status":"open","ping_status":"open","template":"","meta":{"footnotes":""},"class_list":["post-56","page","type-page","status-publish","hentry"],"_links":{"self":[{"href":"https:\/\/blogs.ua.es\/losaztecasjm\/wp-json\/wp\/v2\/pages\/56","targetHints":{"allow":["GET"]}}],"collection":[{"href":"https:\/\/blogs.ua.es\/losaztecasjm\/wp-json\/wp\/v2\/pages"}],"about":[{"href":"https:\/\/blogs.ua.es\/losaztecasjm\/wp-json\/wp\/v2\/types\/page"}],"author":[{"embeddable":true,"href":"https:\/\/blogs.ua.es\/losaztecasjm\/wp-json\/wp\/v2\/users\/2244"}],"replies":[{"embeddable":true,"href":"https:\/\/blogs.ua.es\/losaztecasjm\/wp-json\/wp\/v2\/comments?post=56"}],"version-history":[{"count":8,"href":"https:\/\/blogs.ua.es\/losaztecasjm\/wp-json\/wp\/v2\/pages\/56\/revisions"}],"predecessor-version":[{"id":85,"href":"https:\/\/blogs.ua.es\/losaztecasjm\/wp-json\/wp\/v2\/pages\/56\/revisions\/85"}],"wp:attachment":[{"href":"https:\/\/blogs.ua.es\/losaztecasjm\/wp-json\/wp\/v2\/media?parent=56"}],"curies":[{"name":"wp","href":"https:\/\/api.w.org\/{rel}","templated":true}]}}