{"id":62,"date":"2011-11-13T16:17:14","date_gmt":"2011-11-13T16:17:14","guid":{"rendered":"https:\/\/blogs.ua.es\/losaztecasjm\/?page_id=62"},"modified":"2011-12-18T14:04:41","modified_gmt":"2011-12-18T14:04:41","slug":"5-la-educacion","status":"publish","type":"page","link":"https:\/\/blogs.ua.es\/losaztecasjm\/5-la-educacion\/","title":{"rendered":"5) La educaci\u00f3n."},"content":{"rendered":"<p><a href=\"https:\/\/blogs.ua.es\/losaztecasjm\/files\/2011\/11\/I-5-educacion-azteca.jpg\"><img loading=\"lazy\" decoding=\"async\" class=\"aligncenter size-medium wp-image-215\" src=\"https:\/\/blogs.ua.es\/losaztecasjm\/files\/2011\/11\/I-5-educacion-azteca-300x296.jpg\" alt=\"\" width=\"300\" height=\"296\" srcset=\"https:\/\/blogs.ua.es\/losaztecasjm\/files\/2011\/11\/I-5-educacion-azteca-300x296.jpg 300w, https:\/\/blogs.ua.es\/losaztecasjm\/files\/2011\/11\/I-5-educacion-azteca.jpg 320w\" sizes=\"auto, (max-width: 300px) 100vw, 300px\" \/><\/a><\/p>\n<p>La educaci\u00f3n era importante pero se diferenciaba la ense\u00f1anza de los nobles, desarrollada en escuelas especializadas (<strong><em>calm\u00e9cac<\/em><\/strong>) de la que recib\u00edan los <strong><em>macehualt\u00edn<\/em><\/strong>, los no privilegiados. La formaci\u00f3n de la \u00e9lite deb\u00eda ser m\u00e1s completa, ya que eran ellos los que ocupar\u00edan cargos importantes en el ej\u00e9rcito y en la administraci\u00f3n; eran formados en derecho, historia, astronom\u00eda, religi\u00f3n&#8230;, pero tambi\u00e9n en poes\u00eda y canto.<\/p>\n<p>Como la guerra tiene una importancia en esta cultura, la educaci\u00f3n estaba orientada hacia la guerra con la preocupaci\u00f3n de que los j\u00f3venes fuesen formados en una serie de conocimientos y pr\u00e1cticas, y en un sentimiento de uni\u00f3n entre ellos. Es de notar tambi\u00e9n que la ense\u00f1anza de la religi\u00f3n era muy importante, pero tambi\u00e9n se aprend\u00eda escritura, lectura, historia y m\u00fasica.<\/p>\n<p>A los muchachos se les ense\u00f1aban las tareas que hac\u00edan los padres. Y las hijas se quedaban a casa con sus madres, para aprender las tareas del hogar\u00a0 (limpiar, cocinar&#8230;). S\u00f3lo las nobles pod\u00edan ir a aprender a una especie de monasterio donde viv\u00edan hasta el momento del matrimonio. Para los chicos hab\u00eda dos tipos de escuelas: el telpochcalli (estudio en la escuela pero se dormia en la casa) y el calmecacn (internado).<\/p>\n<p><a title=\"La historia del imperio Azteca.\" href=\"https:\/\/blogs.ua.es\/losaztecasjm\/la-historia-del-imperio-azteca-2\/\">Volver.<\/a><\/p>\n<p><a title=\"Los aztecas\" href=\"https:\/\/blogs.ua.es\/losaztecasjm\/\">Volver a la p\u00e1gina principal. <\/a><\/p>\n","protected":false},"excerpt":{"rendered":"<p>La educaci\u00f3n era importante pero se diferenciaba la ense\u00f1anza de los nobles, desarrollada en escuelas especializadas (calm\u00e9cac) de la que recib\u00edan los macehualt\u00edn, los no privilegiados. La formaci\u00f3n de la \u00e9lite deb\u00eda ser m\u00e1s completa, ya que eran ellos los que ocupar\u00edan cargos importantes en el ej\u00e9rcito y en la administraci\u00f3n; eran formados en derecho, [&hellip;]<\/p>\n","protected":false},"author":2244,"featured_media":0,"parent":0,"menu_order":0,"comment_status":"open","ping_status":"open","template":"","meta":{"footnotes":""},"class_list":["post-62","page","type-page","status-publish","hentry"],"_links":{"self":[{"href":"https:\/\/blogs.ua.es\/losaztecasjm\/wp-json\/wp\/v2\/pages\/62","targetHints":{"allow":["GET"]}}],"collection":[{"href":"https:\/\/blogs.ua.es\/losaztecasjm\/wp-json\/wp\/v2\/pages"}],"about":[{"href":"https:\/\/blogs.ua.es\/losaztecasjm\/wp-json\/wp\/v2\/types\/page"}],"author":[{"embeddable":true,"href":"https:\/\/blogs.ua.es\/losaztecasjm\/wp-json\/wp\/v2\/users\/2244"}],"replies":[{"embeddable":true,"href":"https:\/\/blogs.ua.es\/losaztecasjm\/wp-json\/wp\/v2\/comments?post=62"}],"version-history":[{"count":8,"href":"https:\/\/blogs.ua.es\/losaztecasjm\/wp-json\/wp\/v2\/pages\/62\/revisions"}],"predecessor-version":[{"id":92,"href":"https:\/\/blogs.ua.es\/losaztecasjm\/wp-json\/wp\/v2\/pages\/62\/revisions\/92"}],"wp:attachment":[{"href":"https:\/\/blogs.ua.es\/losaztecasjm\/wp-json\/wp\/v2\/media?parent=62"}],"curies":[{"name":"wp","href":"https:\/\/api.w.org\/{rel}","templated":true}]}}