{"id":66,"date":"2011-11-13T16:18:58","date_gmt":"2011-11-13T16:18:58","guid":{"rendered":"https:\/\/blogs.ua.es\/losaztecasjm\/?page_id=66"},"modified":"2011-12-18T14:07:14","modified_gmt":"2011-12-18T14:07:14","slug":"7-la-religion-y-tenochtitlan","status":"publish","type":"page","link":"https:\/\/blogs.ua.es\/losaztecasjm\/7-la-religion-y-tenochtitlan\/","title":{"rendered":"6) La religi\u00f3n y Tenochtitlan."},"content":{"rendered":"<p>Los aztecas eran una civilizaci\u00f3n polite\u00edsta, ten\u00edan un dios para cada actividad y cada calpulli. Los dioses eran de car\u00e1cter cambiante, asociados a colores y con posibilidad de multiplicarse. De todas estas divinidades, la m\u00e1s importante fue <em>Hiutzilopochtli<\/em>, el dios del sol y la guerra, concebido como un dios oscuro. Tambi\u00e9n fueron importantes <em>Tlaloc<\/em>, dios de la lluvia, y <em>Quetzalcoalt<\/em>. \u00c9ste era un dios antiguo, anterior a los mexicas, del que hay diversas versiones. Para algunos era el dios creador del hombre, mientras que para otros fue un dios civilizador. El mito de <em>Quetzalcoalt <\/em>es muy interesante para entender la reacci\u00f3n de los aztecas ante la llegada de los conquistadores.<\/p>\n<p>En Tenochtitlan, que corresponde a la ciudad actual de M\u00e9xico, se constru\u00eda un inmenso templo para los dos Dioses de la lluvia y a fin de rendir homenaje a los dioses. As\u00ed se volvi\u00f3 la sexta m\u00e1s grande parte del mundo en aquel tiempo. Las primeras construcciones de Teotihuac\u00e1n fueron el templo del sol y de la luna en \u201cla calle de los muertos\u201d. El agua, la tierra y la vida marina se representan frecuentemente en esos templos donde sol\u00edan ocurrir los sacrificios humanos y la de la guerra. Se destacaba una importante presencia de las serpientes y jaguares. En definitiva, se cre\u00f3 este centro religioso ya que se cre\u00edan que los dioses se hab\u00edan reunido all\u00ed para crear el sol. Era un sitio muy importante, por ejemplo, Moctezuma, el \u00faltimo jefe azteca, hizo 50 peregrinaciones all\u00ed.<\/p>\n<p><a href=\"https:\/\/blogs.ua.es\/losaztecasjm\/files\/2011\/11\/I-6-Tenochtitlan-Mexico.jpg\"><img loading=\"lazy\" decoding=\"async\" class=\"aligncenter size-medium wp-image-217\" src=\"https:\/\/blogs.ua.es\/losaztecasjm\/files\/2011\/11\/I-6-Tenochtitlan-Mexico-300x195.jpg\" alt=\"\" width=\"300\" height=\"195\" srcset=\"https:\/\/blogs.ua.es\/losaztecasjm\/files\/2011\/11\/I-6-Tenochtitlan-Mexico-300x195.jpg 300w, https:\/\/blogs.ua.es\/losaztecasjm\/files\/2011\/11\/I-6-Tenochtitlan-Mexico.jpg 644w\" sizes=\"auto, (max-width: 300px) 100vw, 300px\" \/><\/a><\/p>\n<p><a title=\"La historia del imperio Azteca.\" href=\"https:\/\/blogs.ua.es\/losaztecasjm\/la-historia-del-imperio-azteca-2\/\">Volver.<\/a><\/p>\n<p><a title=\"Los aztecas\" href=\"https:\/\/blogs.ua.es\/losaztecasjm\/\">Volver a la p\u00e1gina principal.<\/a><\/p>\n","protected":false},"excerpt":{"rendered":"<p>Los aztecas eran una civilizaci\u00f3n polite\u00edsta, ten\u00edan un dios para cada actividad y cada calpulli. Los dioses eran de car\u00e1cter cambiante, asociados a colores y con posibilidad de multiplicarse. De todas estas divinidades, la m\u00e1s importante fue Hiutzilopochtli, el dios del sol y la guerra, concebido como un dios oscuro. Tambi\u00e9n fueron importantes Tlaloc, dios [&hellip;]<\/p>\n","protected":false},"author":2244,"featured_media":0,"parent":0,"menu_order":0,"comment_status":"open","ping_status":"open","template":"","meta":{"footnotes":""},"class_list":["post-66","page","type-page","status-publish","hentry"],"_links":{"self":[{"href":"https:\/\/blogs.ua.es\/losaztecasjm\/wp-json\/wp\/v2\/pages\/66","targetHints":{"allow":["GET"]}}],"collection":[{"href":"https:\/\/blogs.ua.es\/losaztecasjm\/wp-json\/wp\/v2\/pages"}],"about":[{"href":"https:\/\/blogs.ua.es\/losaztecasjm\/wp-json\/wp\/v2\/types\/page"}],"author":[{"embeddable":true,"href":"https:\/\/blogs.ua.es\/losaztecasjm\/wp-json\/wp\/v2\/users\/2244"}],"replies":[{"embeddable":true,"href":"https:\/\/blogs.ua.es\/losaztecasjm\/wp-json\/wp\/v2\/comments?post=66"}],"version-history":[{"count":10,"href":"https:\/\/blogs.ua.es\/losaztecasjm\/wp-json\/wp\/v2\/pages\/66\/revisions"}],"predecessor-version":[{"id":219,"href":"https:\/\/blogs.ua.es\/losaztecasjm\/wp-json\/wp\/v2\/pages\/66\/revisions\/219"}],"wp:attachment":[{"href":"https:\/\/blogs.ua.es\/losaztecasjm\/wp-json\/wp\/v2\/media?parent=66"}],"curies":[{"name":"wp","href":"https:\/\/api.w.org\/{rel}","templated":true}]}}