{"id":71,"date":"2011-11-13T16:24:27","date_gmt":"2011-11-13T16:24:27","guid":{"rendered":"https:\/\/blogs.ua.es\/losaztecasjm\/?page_id=71"},"modified":"2011-12-18T13:56:31","modified_gmt":"2011-12-18T13:56:31","slug":"2-el-choque-de-la-confrontacion-de-las-dos-culturas","status":"publish","type":"page","link":"https:\/\/blogs.ua.es\/losaztecasjm\/2-el-choque-de-la-confrontacion-de-las-dos-culturas\/","title":{"rendered":"2) La confrontaci\u00f3n de las dos culturas."},"content":{"rendered":"<p>El descubrimiento de los aztecas por los conquistadores espa\u00f1oles lleg\u00f3 a la pen\u00ednsula del siglo XVI como una de las m\u00e1s grandes noticias que nunca hubo en\u00a0el mundo. Sin embargo, al conocerse, hubo un choque de culturas entre los espa\u00f1oles y los ind\u00edgenas.<\/p>\n<p>La pen\u00ednsula recibi\u00f3\u00a0 una visi\u00f3n de Am\u00e9rica a partir de diferentes fuentes. Tenemos varias cr\u00f3nicas que describieron el nuevo continente y sus habitantes. Entre los cronistas, tenemos Col\u00f3n, el primer llegado, los soldados que participaron a la conquista, los humanistas misioneros (fueron los que se fijaron en el pasado precolombino y nos permitieron nuestros conocimientos a prop\u00f3sito de los pueblos ind\u00edgenas como aqu\u00ed los aztecas) y los cronistas ind\u00edgenas o mestices). Podemos fijarnos sobre las cronistas de Hern\u00e1n Cort\u00e9s, ya que se trat\u00f3 del soldado que coloniz\u00f3 a los aztecas. Su obra mayor fue \u201cCartas de relaci\u00f3n\u201d, que son cinco cartas que escribi\u00f3 entre 1519 y 1521, dirigidas a Carlos I. Igual que Col\u00f3n, dio la<br \/>\nimagen de una Nueva Espa\u00f1a id\u00edlica y provechosa para la pen\u00ednsula. Cont\u00f3 sus principales episodios de conquista como su encuentro con Moctezuma, la descripci\u00f3n de Tenochtitlan, las nuevas construcciones cat\u00f3licas sobre las ruinas de los templos de Tenochtitlan&#8230;. La Espa\u00f1a recibi\u00f3 una imagen de providencialismo mesi\u00e1nico, que fueron evangelizar los dem\u00e1s, una acci\u00f3n semejante a las cruzadas medievales. Adem\u00e1s, los espa\u00f1oles percibieron los ind\u00edgenas de varias visiones distintas, Col\u00f3n les asociaba a salvajes d\u00f3ciles, ingenuo y pacifico mientras que Cort\u00e9s les asociaba con los \u00e1rabes, moriscos y jud\u00edos. El descubrimiento trajo a le Espa\u00f1a del siglo XVI muchas ilusiones, sobre todo la de un mundo maravilloso que va a enriquecer al pa\u00eds, una \u201csupuesta\u201d India llena de oro.<\/p>\n<p>Segundo, podemos ver cuales el papel del rey durante la conquista azteca. Mientras Hern\u00e1n Cort\u00e9s conquist\u00f3 a los aztecas de la Nueva Espa\u00f1a, Carlos V era el rey de la pen\u00ednsula. Por lo dem\u00e1s, fue el rey que nombr\u00f3 a Hern\u00e1n Cort\u00e9s gobernador y capit\u00e1n general de la Nueva Espa\u00f1a, en 1522. La mayor\u00eda de las expediciones fueron empresas privadas, realizadas con el permiso de Carlos V, pero declarando siempre la soberan\u00eda de la Corona espa\u00f1ola sobre todos los territorios conquistados, si bien estos se consideraron desde 1492 parte de la Corona de Castilla, al haber impulsado ese reino las primeras expediciones de exploraci\u00f3n y conquista de las Indias y la Tierra Firme, t\u00e9rmino que engloba a las islas del Caribe y a toda Sudam\u00e9rica.<\/p>\n<p>Tercero, hay que se\u00f1alar que el descubrimiento de Am\u00e9rica fue la oportunidad por el Rey de darse la imagen de un rey mesi\u00e1nico. Es decir que, desde la Edad Media, hab\u00eda predominado en Occidente una concepci\u00f3n del mundo basada en la unidad pol\u00edtica y religiosa, con una realidad pol\u00edtica que accionaba contra el infiel. As\u00ed, cuando ascendi\u00f3 al trono, Carlos I de Espa\u00f1a y V de Alemania procur\u00f3 cumplir su misi\u00f3n imperial como cabeza de la cristiandad frente a las herej\u00edas, los turcos y esa evangelizaci\u00f3n en Am\u00e9rica. De ah\u00ed, el proceso de evangelizaci\u00f3n en Am\u00e9rica le permiti\u00f3 en parte de ser<strong> <\/strong>el \u00faltimo emperador coronado por el Papa. Podemos decir que despu\u00e9s de haber expulsado de su seno a las minor\u00edas religiosas jud\u00eda y musulmana, el descubrimiento de Am\u00e9rica reforz\u00f3 su esp\u00edritu misionero y su vinculaci\u00f3n con las empresas divinales europeas y transatl\u00e1nticas.<\/p>\n<p>Luego,\u00a0es interesante dar cuenta del choque cultural que engendr\u00f3 el descubrimiento de los aztecas y los otros ind\u00edgenas. Ocurri\u00f3 choques culturales entre los dos pueblos cuyo m\u00e1s importante fue las distintas creencias religiosas. La de los ind\u00edgenas fue polite\u00edsta, basada en creencias o ritos desconocidos de los valores occidentales (los sacrificios, el miedo de que el sol se apague, la relaci\u00f3n muy estrecha con la naturaleza&#8230;.). Ciertos modos de vida fueron tan contrarios que crearon un sentimiento de incomprensi\u00f3n, y por eso fueron despreciados los ind\u00edgenas a los ojos de la poblaci\u00f3n espa\u00f1ola del siglo XVI. Por ejemplo, la noci\u00f3n de higiene era inexistente en los ind\u00edgenas, que no la entend\u00edan los ind\u00edgenas, y as\u00ed los espa\u00f1oles no entend\u00edan que aquellos no entend\u00edan eso&#8230;. En otros t\u00e9rminos, los aztecas permitieron\u00a0 \u201cabrir\u201d las mentes de los espa\u00f1oles, o m\u00e1s bien mostrar que los reflejos cotidianos o las costumbres no fueron universales&#8230; Conforme a la historia de conquista y colonizaci\u00f3n que conocemos, no podemos decir que los espa\u00f1oles fueron muy tolerantes y curiosos a la recepci\u00f3n de una cultura distinta, sin embargo, poco a poco gente protestaba con los m\u00e9todos brutos de los espa\u00f1oles a fin de proteger a la cultura de cada uno. El descubrimiento va a conducir a un largo y muy lento camino hasta la apertura de mente de la gente delante de lo novedoso.<\/p>\n<p>Por fin, la conquista del pueblo azteca permiti\u00f3 la \u201ccreaci\u00f3n de nuevas razas\u201d. Los soldados, por \u201cnecesidades humanas\u201d, tuvieron relaciones con mujeres ind\u00edgenas. Se podr\u00edan tratar de violacion, de seducci\u00f3n por el t\u00f3pico contrario a canon de belleza occidental, o por voluntad propia de las mujeres que entendieron que m\u00e1s val\u00eda ponerse del lado del hombre extranjero, blanco y armado.<\/p>\n<p><a href=\"https:\/\/blogs.ua.es\/losaztecasjm\/files\/2011\/11\/II-3-Mestizaje.gif\"><img loading=\"lazy\" decoding=\"async\" class=\"aligncenter size-medium wp-image-208\" src=\"https:\/\/blogs.ua.es\/losaztecasjm\/files\/2011\/11\/II-3-Mestizaje-300x295.gif\" alt=\"\" width=\"300\" height=\"295\" srcset=\"https:\/\/blogs.ua.es\/losaztecasjm\/files\/2011\/11\/II-3-Mestizaje-300x295.gif 300w, https:\/\/blogs.ua.es\/losaztecasjm\/files\/2011\/11\/II-3-Mestizaje.gif 508w\" sizes=\"auto, (max-width: 300px) 100vw, 300px\" \/><\/a><\/p>\n<p><a title=\"Los aztecas y la pen\u00ednsula ib\u00e9rica\" href=\"https:\/\/blogs.ua.es\/losaztecasjm\/los-aztecas-y-la\/\">Volver. <\/a><\/p>\n<p><a title=\"Los aztecas\" href=\"https:\/\/blogs.ua.es\/losaztecasjm\/\">Volver a la p\u00e1gina principal.<\/a><\/p>\n","protected":false},"excerpt":{"rendered":"<p>El descubrimiento de los aztecas por los conquistadores espa\u00f1oles lleg\u00f3 a la pen\u00ednsula del siglo XVI como una de las m\u00e1s grandes noticias que nunca hubo en\u00a0el mundo. Sin embargo, al conocerse, hubo un choque de culturas entre los espa\u00f1oles y los ind\u00edgenas. La pen\u00ednsula recibi\u00f3\u00a0 una visi\u00f3n de Am\u00e9rica a partir de diferentes fuentes. [&hellip;]<\/p>\n","protected":false},"author":2244,"featured_media":0,"parent":0,"menu_order":0,"comment_status":"open","ping_status":"open","template":"","meta":{"footnotes":""},"class_list":["post-71","page","type-page","status-publish","hentry"],"_links":{"self":[{"href":"https:\/\/blogs.ua.es\/losaztecasjm\/wp-json\/wp\/v2\/pages\/71","targetHints":{"allow":["GET"]}}],"collection":[{"href":"https:\/\/blogs.ua.es\/losaztecasjm\/wp-json\/wp\/v2\/pages"}],"about":[{"href":"https:\/\/blogs.ua.es\/losaztecasjm\/wp-json\/wp\/v2\/types\/page"}],"author":[{"embeddable":true,"href":"https:\/\/blogs.ua.es\/losaztecasjm\/wp-json\/wp\/v2\/users\/2244"}],"replies":[{"embeddable":true,"href":"https:\/\/blogs.ua.es\/losaztecasjm\/wp-json\/wp\/v2\/comments?post=71"}],"version-history":[{"count":8,"href":"https:\/\/blogs.ua.es\/losaztecasjm\/wp-json\/wp\/v2\/pages\/71\/revisions"}],"predecessor-version":[{"id":209,"href":"https:\/\/blogs.ua.es\/losaztecasjm\/wp-json\/wp\/v2\/pages\/71\/revisions\/209"}],"wp:attachment":[{"href":"https:\/\/blogs.ua.es\/losaztecasjm\/wp-json\/wp\/v2\/media?parent=71"}],"curies":[{"name":"wp","href":"https:\/\/api.w.org\/{rel}","templated":true}]}}