{"id":73,"date":"2011-11-13T16:25:19","date_gmt":"2011-11-13T16:25:19","guid":{"rendered":"https:\/\/blogs.ua.es\/losaztecasjm\/?page_id=73"},"modified":"2011-12-18T13:57:15","modified_gmt":"2011-12-18T13:57:15","slug":"3-las-huellas-actuales-que-dejaron-este-pasado-prehispanico","status":"publish","type":"page","link":"https:\/\/blogs.ua.es\/losaztecasjm\/3-las-huellas-actuales-que-dejaron-este-pasado-prehispanico\/","title":{"rendered":"3) Las huellas de este pasado prehisp\u00e1nico."},"content":{"rendered":"<p>La principal huella se encuentra en el idioma. El espa\u00f1ol mexicano est\u00e1 salpicado de palabras n\u00e1huatl.<\/p>\n<p>Por ejemplo: agua = atl, batalla = necalli, cielo = ilhuicatl, dios = teotl, ense\u00f1ar = machtia, guerra = yaototl, serpiente = coatl, ofrendar = mana, pelota= tlachtli, tiempo = cahuitl&#8230;.<\/p>\n<p>Adem\u00e1s, la\u00a0comida sigue siendo de estilo precolombina como las salsas de chocolate, el chili, las tortillas. Tambi\u00e9n el estilo de vida sigue todav\u00eda precolombino, con los rituales como poner sangre sobre la tierra para entretenerla o como las danzas aztecas&#8230; Podemos decir que a pesar de la conquista y del intento de evangelizaci\u00f3n, la poblaci\u00f3n oriunda de los aztecas sigue manteniendo vivas las pr\u00e1cticas precolombinas de sus ancestros.<\/p>\n<p><a title=\"Los aztecas y la pen\u00ednsula ib\u00e9rica\" href=\"https:\/\/blogs.ua.es\/losaztecasjm\/los-aztecas-y-la\/\">Volver. <\/a><\/p>\n<p><a title=\"Los aztecas\" href=\"https:\/\/blogs.ua.es\/losaztecasjm\/\">Volver a la p\u00e1gina principal. <\/a><\/p>\n<p>&nbsp;<\/p>\n","protected":false},"excerpt":{"rendered":"<p>La principal huella se encuentra en el idioma. El espa\u00f1ol mexicano est\u00e1 salpicado de palabras n\u00e1huatl. Por ejemplo: agua = atl, batalla = necalli, cielo = ilhuicatl, dios = teotl, ense\u00f1ar = machtia, guerra = yaototl, serpiente = coatl, ofrendar = mana, pelota= tlachtli, tiempo = cahuitl&#8230;. Adem\u00e1s, la\u00a0comida sigue siendo de estilo precolombina como [&hellip;]<\/p>\n","protected":false},"author":2244,"featured_media":0,"parent":0,"menu_order":0,"comment_status":"open","ping_status":"open","template":"","meta":{"footnotes":""},"class_list":["post-73","page","type-page","status-publish","hentry"],"_links":{"self":[{"href":"https:\/\/blogs.ua.es\/losaztecasjm\/wp-json\/wp\/v2\/pages\/73","targetHints":{"allow":["GET"]}}],"collection":[{"href":"https:\/\/blogs.ua.es\/losaztecasjm\/wp-json\/wp\/v2\/pages"}],"about":[{"href":"https:\/\/blogs.ua.es\/losaztecasjm\/wp-json\/wp\/v2\/types\/page"}],"author":[{"embeddable":true,"href":"https:\/\/blogs.ua.es\/losaztecasjm\/wp-json\/wp\/v2\/users\/2244"}],"replies":[{"embeddable":true,"href":"https:\/\/blogs.ua.es\/losaztecasjm\/wp-json\/wp\/v2\/comments?post=73"}],"version-history":[{"count":7,"href":"https:\/\/blogs.ua.es\/losaztecasjm\/wp-json\/wp\/v2\/pages\/73\/revisions"}],"predecessor-version":[{"id":210,"href":"https:\/\/blogs.ua.es\/losaztecasjm\/wp-json\/wp\/v2\/pages\/73\/revisions\/210"}],"wp:attachment":[{"href":"https:\/\/blogs.ua.es\/losaztecasjm\/wp-json\/wp\/v2\/media?parent=73"}],"curies":[{"name":"wp","href":"https:\/\/api.w.org\/{rel}","templated":true}]}}