{"id":12,"date":"2020-05-08T09:39:10","date_gmt":"2020-05-08T09:39:10","guid":{"rendered":"https:\/\/blogs.ua.es\/loscarlos\/?page_id=12"},"modified":"2020-05-24T17:20:45","modified_gmt":"2020-05-24T17:20:45","slug":"tema-2-rol-social","status":"publish","type":"page","link":"https:\/\/blogs.ua.es\/loscarlos\/tema-2-rol-social\/","title":{"rendered":"Tema 2 Rol social"},"content":{"rendered":"<p>Roles sociales, son los modos de comportamiento que una sociedad considera que debe de caracterizar a los comportamientos individuales. Tiene una funci\u00f3n social, dotar de contenido cultural a las relaciones humanas.<\/p>\n<p>El concepto de rol implica adem\u00e1s una expectativa social, por lo que va unido al de estatus no se pueden separar aunque son conceptos distintos, <a href=\"https:\/\/es.wikipedia.org\/wiki\/Ralph_Linton\">Ralph Linton,<\/a>publica una obra donde establece sus diferencias.<\/p>\n<p>Existen diferentes tipos de roles, por un lado tenemos el rol adscrito; que es aquel que se desempe\u00f1a por raz\u00f3n de edad, sexo, raza, etc. Este viene dado por herencia y va ligado a los aspectos biol\u00f3gicos de los individuos por lo que poco se puede hacer por cambiarlo.<\/p>\n<p>Por otro lado tenemos el rol adquirido; este se consigue mediante el esfuerzo, el m\u00e9rito, el trabajo y la educaci\u00f3n. Son los papales secundarios de los individuos como la profesi\u00f3n, los cargos, etc. Sobre ellos tenemos mas control y dependen de la voluntad individual. El rol adscrito influye en el rol adquirido.<\/p>\n<p>Tambi\u00e9n tenemos el rol prescrito: que es el papel que la sociedad prescribe a una persona que esta desempe\u00f1ando ese papel, y el rol desempe\u00f1ado: que es el papel que se exhibe el que realmente representamos y que muchas veces difiere del prescrito dando lugar a las transformaciones sociales.<\/p>\n<p>La representaci\u00f3n de los roles por parte de los individuos provoca que algunas veces surjan conflictos. Estos conflictos pueden ser entre roles complementarios de personas distintas, ya que al interiorizarse por pares entran en desavenencias. Tambi\u00e9n se pueden dar conflictos entre los papeles desempe\u00f1ados por una misma persona, este tipo de conflicto tiene sus distintos grados: distanciamiento de roles, tensi\u00f3n de rol, conflicto de rol.<\/p>\n<p><strong><em>Mapa mental.<\/em><\/strong><\/p>\n<p><a href=\"https:\/\/www.goconqr.com\/es-ES\/mindmap\/22672123\/ROL-SOCIAL-1\">https:\/\/www.goconqr.com\/es-ES\/mindmap\/22672123\/ROL-SOCIAL-1<\/a><\/p>\n<p><strong><em>Prototipo.<\/em><\/strong><\/p>\n<p><a href=\"https:\/\/www.youtube.com\/watch?v=VfRAKcsqkVg\">https:\/\/www.youtube.com\/watch?v=VfRAKcsqkVg<\/a><\/p>\n<p>Hemos escogido el trailer de la pel\u00edcula el show de Truman porque pensamos, que en general toda la pel\u00edcula est\u00e1 repleta de ejemplos relacionados con los distintos roles, sus tipos y sus conflictos.<\/p>\n<p><strong><em>COVID-19.<\/em><\/strong><\/p>\n<p><strong>Art\u00edculo period\u00edstico.<\/strong><\/p>\n<p><img loading=\"lazy\" decoding=\"async\" class=\"alignnone size-medium wp-image-112\" src=\"https:\/\/blogs.ua.es\/loscarlos\/files\/2020\/05\/Captura-rol-medico-estudiante-300x74.jpg\" alt=\"\" width=\"300\" height=\"74\" srcset=\"https:\/\/blogs.ua.es\/loscarlos\/files\/2020\/05\/Captura-rol-medico-estudiante-300x74.jpg 300w, https:\/\/blogs.ua.es\/loscarlos\/files\/2020\/05\/Captura-rol-medico-estudiante-768x188.jpg 768w, https:\/\/blogs.ua.es\/loscarlos\/files\/2020\/05\/Captura-rol-medico-estudiante-150x37.jpg 150w, https:\/\/blogs.ua.es\/loscarlos\/files\/2020\/05\/Captura-rol-medico-estudiante-250x61.jpg 250w, https:\/\/blogs.ua.es\/loscarlos\/files\/2020\/05\/Captura-rol-medico-estudiante.jpg 1020w\" sizes=\"auto, (max-width: 300px) 100vw, 300px\" \/><\/p>\n<p><a href=\"https:\/\/cadenaser.com\/emisora\/2020\/05\/15\/radio_cadiz\/1589529859_761693.html\">https:\/\/cadenaser.com\/emisora\/2020\/05\/15\/radio_cadiz\/1589529859_761693.html<\/a><\/p>\n<p>En este art\u00edculo apreciamos la dificultad que ha tenido para los m\u00e9dicos reci\u00e9n licenciados, el cambiar de su rol de estudiante de medicina a un rol con unas responsabilidades elevadas como el de m\u00e9dico durante una pand\u00e9mia. Esto seguramente les ha supuesto un conflicto entre ambos roles, teniendo que elegir y aceptar uno de ellos.<\/p>\n<p><strong>Imagen.<\/strong><\/p>\n<p><img loading=\"lazy\" decoding=\"async\" class=\"alignnone size-medium wp-image-116\" src=\"https:\/\/blogs.ua.es\/loscarlos\/files\/2020\/05\/Captura-rol-profe-padre-300x171.jpg\" alt=\"\" width=\"300\" height=\"171\" srcset=\"https:\/\/blogs.ua.es\/loscarlos\/files\/2020\/05\/Captura-rol-profe-padre-300x171.jpg 300w, https:\/\/blogs.ua.es\/loscarlos\/files\/2020\/05\/Captura-rol-profe-padre-150x86.jpg 150w, https:\/\/blogs.ua.es\/loscarlos\/files\/2020\/05\/Captura-rol-profe-padre-250x143.jpg 250w, https:\/\/blogs.ua.es\/loscarlos\/files\/2020\/05\/Captura-rol-profe-padre.jpg 588w\" sizes=\"auto, (max-width: 300px) 100vw, 300px\" \/><\/p>\n<p>Con esta imagen, pretendemos enfatizar como durante este periodo de confinamiento, los roles de padres y madres se han solapado con los de profesores y profesoras.<\/p>\n<p><strong>Red social.<\/strong><\/p>\n<p><img loading=\"lazy\" decoding=\"async\" class=\"alignnone size-medium wp-image-127\" src=\"https:\/\/blogs.ua.es\/loscarlos\/files\/2020\/05\/Captura-rol-policia-deportista-300x261.jpg\" alt=\"\" width=\"300\" height=\"261\" srcset=\"https:\/\/blogs.ua.es\/loscarlos\/files\/2020\/05\/Captura-rol-policia-deportista-300x261.jpg 300w, https:\/\/blogs.ua.es\/loscarlos\/files\/2020\/05\/Captura-rol-policia-deportista-150x131.jpg 150w, https:\/\/blogs.ua.es\/loscarlos\/files\/2020\/05\/Captura-rol-policia-deportista-172x150.jpg 172w, https:\/\/blogs.ua.es\/loscarlos\/files\/2020\/05\/Captura-rol-policia-deportista.jpg 599w\" sizes=\"auto, (max-width: 300px) 100vw, 300px\" \/><\/p>\n<p>En este tuit podemos observar como se produce un cambio de rol, ante la necesidad de ayudar durante esta pandemia, el deportista ol\u00edmpico Sa\u00fal Craviotto abandona su rol como deportista para cambiarlo por el de su profesi\u00f3n como polic\u00eda.<\/p>\n<p>&nbsp;<\/p>\n<p>&nbsp;<\/p>\n","protected":false},"excerpt":{"rendered":"<p>Roles sociales, son los modos de comportamiento que una sociedad considera que debe de caracterizar a los comportamientos individuales. Tiene una funci\u00f3n social, dotar de contenido cultural a las relaciones humanas. El concepto de rol implica adem\u00e1s una expectativa social, por lo que va unido al de estatus no se pueden separar aunque son conceptos [&hellip;]<\/p>\n","protected":false},"author":4400,"featured_media":0,"parent":0,"menu_order":0,"comment_status":"closed","ping_status":"closed","template":"","meta":{"footnotes":""},"class_list":["post-12","page","type-page","status-publish","hentry"],"_links":{"self":[{"href":"https:\/\/blogs.ua.es\/loscarlos\/wp-json\/wp\/v2\/pages\/12","targetHints":{"allow":["GET"]}}],"collection":[{"href":"https:\/\/blogs.ua.es\/loscarlos\/wp-json\/wp\/v2\/pages"}],"about":[{"href":"https:\/\/blogs.ua.es\/loscarlos\/wp-json\/wp\/v2\/types\/page"}],"author":[{"embeddable":true,"href":"https:\/\/blogs.ua.es\/loscarlos\/wp-json\/wp\/v2\/users\/4400"}],"replies":[{"embeddable":true,"href":"https:\/\/blogs.ua.es\/loscarlos\/wp-json\/wp\/v2\/comments?post=12"}],"version-history":[{"count":19,"href":"https:\/\/blogs.ua.es\/loscarlos\/wp-json\/wp\/v2\/pages\/12\/revisions"}],"predecessor-version":[{"id":163,"href":"https:\/\/blogs.ua.es\/loscarlos\/wp-json\/wp\/v2\/pages\/12\/revisions\/163"}],"wp:attachment":[{"href":"https:\/\/blogs.ua.es\/loscarlos\/wp-json\/wp\/v2\/media?parent=12"}],"curies":[{"name":"wp","href":"https:\/\/api.w.org\/{rel}","templated":true}]}}