{"id":14,"date":"2020-05-08T09:41:05","date_gmt":"2020-05-08T09:41:05","guid":{"rendered":"https:\/\/blogs.ua.es\/loscarlos\/?page_id=14"},"modified":"2020-05-22T17:40:50","modified_gmt":"2020-05-22T17:40:50","slug":"tema-3-solidaridad-e-durkheim","status":"publish","type":"page","link":"https:\/\/blogs.ua.es\/loscarlos\/tema-3-solidaridad-e-durkheim\/","title":{"rendered":"Tema 3 Solidaridad. E. Durkheim"},"content":{"rendered":"<p><a href=\"https:\/\/es.wikipedia.org\/wiki\/%C3%89mile_Durkheim\">E.Durkheim<\/a>, entiende que el orden social existe gracias a la solidaridad, entendida esta como los lazos que unen a los individuos. En las comunidades tradicionales la cohesi\u00f3n social viene dada por la coincidencia en sus ideas y creencias, teniendo una gran influencia la religi\u00f3n, a este tipo de solidaridad lo denomin\u00f3 mec\u00e1nica. Aunque con la llegada del sistema capitalista observo cambios importantes en la cohesi\u00f3n social.<\/p>\n<p>Para lograr la cohesi\u00f3n social en estas nuevas comunidades m\u00e1s modernas e industrializadas, observo que la divisi\u00f3n en el trabajo y la alta especializaci\u00f3n del mismo,as\u00ed como tratar de lograr objetivos comunes eran necesarias. A este tipo de cohesi\u00f3n lo denomin\u00f3 solidaridad org\u00e1nica.<\/p>\n<p>En las sociedades modernas debido a la gran velocidad de transformaci\u00f3n, observo que los controles sociales a los que son sometidos los individuos, cada vez eran m\u00e1s d\u00e9biles. Debido a la p\u00e9rdida de importancia de la religi\u00f3n y el predominio de la raz\u00f3n los individuos ten\u00edan mas posibilidades de caer en la anomia.<\/p>\n<p>Entend\u00eda como anomia la falta de claridad entre lo justo y los injusto, lo leg\u00edtimo y lo ileg\u00edtimo, llevando a los individuos a una situaci\u00f3n complicada en la que se dejaban llevar por sus deseos y pasiones al no tener puntos de referencia.<\/p>\n<p><strong><em>Mapa mental.<\/em><\/strong><\/p>\n<p><a href=\"https:\/\/www.goconqr.com\/es-ES\/mindmap\/22538319\/E--Durkheim--Orden-social-\">https:\/\/www.goconqr.com\/es-ES\/mindmap\/22538319\/E&#8211;Durkheim&#8211;Orden-social-<\/a><\/p>\n<p><strong><em>Prototipo.<\/em><\/strong><\/p>\n<p><a href=\"https:\/\/www.youtube.com\/watch?v=YEcukXzB7RE\">https:\/\/www.youtube.com\/watch?v=YEcukXzB7RE<\/a><\/p>\n<p>Ejemplo de solidaridad mec\u00e1nica. Podemos ver que un grupo de familias trabajan en la milpa, tierra de la comunidad, para beneficiarse; bien vendiendo el producto en el mercado o bien us\u00e1ndolo para consumo propio. Es un trabajo poco especializado, en el que gran parte de la comunidad participa.<\/p>\n<p>&nbsp;<\/p>\n<p><a href=\"https:\/\/www.youtube.com\/watch?v=xvFjTj2O09I\">https:\/\/www.youtube.com\/watch?v=xvFjTj2O09I<\/a><\/p>\n<p>Ejemplo de solidaridad org\u00e1nica. Observamos un proceso de elaboraci\u00f3n industrial, en este caso de melocot\u00f3n en alm\u00edbar, muy especializado en el que cada uno tiene su trabajo y est\u00e1 interrelacionado con los dem\u00e1s,\u00a0 para que el producto final llegue al consumidor.<\/p>\n<p><strong><em>COVID -19.<\/em><\/strong><\/p>\n<p><strong>Art\u00edculo period\u00edstico.<\/strong><\/p>\n<p><img loading=\"lazy\" decoding=\"async\" class=\"alignnone size-medium wp-image-122\" src=\"https:\/\/blogs.ua.es\/loscarlos\/files\/2020\/05\/Captura-diferencia-pueblo-ciudad-300x71.jpg\" alt=\"\" width=\"300\" height=\"71\" srcset=\"https:\/\/blogs.ua.es\/loscarlos\/files\/2020\/05\/Captura-diferencia-pueblo-ciudad-300x71.jpg 300w, https:\/\/blogs.ua.es\/loscarlos\/files\/2020\/05\/Captura-diferencia-pueblo-ciudad-1024x242.jpg 1024w, https:\/\/blogs.ua.es\/loscarlos\/files\/2020\/05\/Captura-diferencia-pueblo-ciudad-768x182.jpg 768w, https:\/\/blogs.ua.es\/loscarlos\/files\/2020\/05\/Captura-diferencia-pueblo-ciudad-150x36.jpg 150w, https:\/\/blogs.ua.es\/loscarlos\/files\/2020\/05\/Captura-diferencia-pueblo-ciudad-250x59.jpg 250w, https:\/\/blogs.ua.es\/loscarlos\/files\/2020\/05\/Captura-diferencia-pueblo-ciudad.jpg 1318w\" sizes=\"auto, (max-width: 300px) 100vw, 300px\" \/><\/p>\n<p><a href=\"https:\/\/www.elconfidencial.com\/espana\/2020-04-16\/coronavirus-confinamiento-igual-toda-espana_2548596\/\">https:\/\/www.elconfidencial.com\/espana\/2020-04-16\/coronavirus-confinamiento-igual-toda-espana_2548596\/<\/a><\/p>\n<p>Pensamos que este art\u00edculo muestra las diferencias entre la solidaridad mec\u00e1nica y la org\u00e1nica. Ya que pone de manifiesto los diferentes modos de vida tanto en el campo como en la ciudad, y como las decisiones tomadas en un \u00e1mbito urbano no siempre son bien recibidas en las zonas rurales.<\/p>\n<p><strong>Imagen.<\/strong><\/p>\n<p><img loading=\"lazy\" decoding=\"async\" class=\"alignnone size-medium wp-image-124\" src=\"https:\/\/blogs.ua.es\/loscarlos\/files\/2020\/05\/Captura-quedate-en-casa-pueblo-300x224.jpg\" alt=\"\" width=\"300\" height=\"224\" srcset=\"https:\/\/blogs.ua.es\/loscarlos\/files\/2020\/05\/Captura-quedate-en-casa-pueblo-300x224.jpg 300w, https:\/\/blogs.ua.es\/loscarlos\/files\/2020\/05\/Captura-quedate-en-casa-pueblo-150x112.jpg 150w, https:\/\/blogs.ua.es\/loscarlos\/files\/2020\/05\/Captura-quedate-en-casa-pueblo-201x150.jpg 201w, https:\/\/blogs.ua.es\/loscarlos\/files\/2020\/05\/Captura-quedate-en-casa-pueblo.jpg 597w\" sizes=\"auto, (max-width: 300px) 100vw, 300px\" \/><\/p>\n<p>Creemos que esta es una imagen representativa de como las sociedades rurales tratan de preservar su modo de vida durante el confinamiento. Tratando de evitar que la poblaci\u00f3n de los n\u00facleos urbanos pueda acceder a los pueblos en busca de espacio y distanciamiento social, sin ser conscientes del peligro que les puede suponer debido a la falta de medios que las zonas rurales soportan.<\/p>\n<p><strong>Red social.<\/strong><\/p>\n<p><img loading=\"lazy\" decoding=\"async\" class=\"alignnone size-medium wp-image-130\" src=\"https:\/\/blogs.ua.es\/loscarlos\/files\/2020\/05\/Captura-Espa\u00f1a-vaciada-300x247.jpg\" alt=\"\" width=\"300\" height=\"247\" srcset=\"https:\/\/blogs.ua.es\/loscarlos\/files\/2020\/05\/Captura-Espa\u00f1a-vaciada-300x247.jpg 300w, https:\/\/blogs.ua.es\/loscarlos\/files\/2020\/05\/Captura-Espa\u00f1a-vaciada-150x124.jpg 150w, https:\/\/blogs.ua.es\/loscarlos\/files\/2020\/05\/Captura-Espa\u00f1a-vaciada-182x150.jpg 182w, https:\/\/blogs.ua.es\/loscarlos\/files\/2020\/05\/Captura-Espa\u00f1a-vaciada.jpg 584w\" sizes=\"auto, (max-width: 300px) 100vw, 300px\" \/><\/p>\n<p>Este mensaje extra\u00eddo de twitter creemos que representa esa distancia que a\u00fan se conserva entre una sociedad m\u00e1s tradicional y rural, y entre una sociedad m\u00e1s urbanita y moderna.<\/p>\n","protected":false},"excerpt":{"rendered":"<p>E.Durkheim, entiende que el orden social existe gracias a la solidaridad, entendida esta como los lazos que unen a los individuos. En las comunidades tradicionales la cohesi\u00f3n social viene dada por la coincidencia en sus ideas y creencias, teniendo una gran influencia la religi\u00f3n, a este tipo de solidaridad lo denomin\u00f3 mec\u00e1nica. Aunque con la [&hellip;]<\/p>\n","protected":false},"author":4400,"featured_media":0,"parent":0,"menu_order":0,"comment_status":"closed","ping_status":"closed","template":"","meta":{"footnotes":""},"class_list":["post-14","page","type-page","status-publish","hentry"],"_links":{"self":[{"href":"https:\/\/blogs.ua.es\/loscarlos\/wp-json\/wp\/v2\/pages\/14","targetHints":{"allow":["GET"]}}],"collection":[{"href":"https:\/\/blogs.ua.es\/loscarlos\/wp-json\/wp\/v2\/pages"}],"about":[{"href":"https:\/\/blogs.ua.es\/loscarlos\/wp-json\/wp\/v2\/types\/page"}],"author":[{"embeddable":true,"href":"https:\/\/blogs.ua.es\/loscarlos\/wp-json\/wp\/v2\/users\/4400"}],"replies":[{"embeddable":true,"href":"https:\/\/blogs.ua.es\/loscarlos\/wp-json\/wp\/v2\/comments?post=14"}],"version-history":[{"count":15,"href":"https:\/\/blogs.ua.es\/loscarlos\/wp-json\/wp\/v2\/pages\/14\/revisions"}],"predecessor-version":[{"id":145,"href":"https:\/\/blogs.ua.es\/loscarlos\/wp-json\/wp\/v2\/pages\/14\/revisions\/145"}],"wp:attachment":[{"href":"https:\/\/blogs.ua.es\/loscarlos\/wp-json\/wp\/v2\/media?parent=14"}],"curies":[{"name":"wp","href":"https:\/\/api.w.org\/{rel}","templated":true}]}}