{"id":16,"date":"2020-05-08T09:41:54","date_gmt":"2020-05-08T09:41:54","guid":{"rendered":"https:\/\/blogs.ua.es\/loscarlos\/?page_id=16"},"modified":"2020-05-22T17:55:40","modified_gmt":"2020-05-22T17:55:40","slug":"valores-r-inglehart","status":"publish","type":"page","link":"https:\/\/blogs.ua.es\/loscarlos\/valores-r-inglehart\/","title":{"rendered":"Tema 4.Valores. R Inglehart."},"content":{"rendered":"<p><a href=\"https:\/\/es.wikipedia.org\/wiki\/Ronald_Inglehart\">Ronald Inglehart <\/a>centr\u00f3 sus investigaciones en analizar los cambios que se produc\u00edan en los valores analizando la estructura social, para poder establecer sus consecuencias y causas econ\u00f3micas, sociales y culturales.<\/p>\n<p>Traz\u00f3 un modelo de an\u00e1lisis comparativo de las estructuras macro, estudi\u00f3 Estados, pa\u00edses, generaciones, etc. Compar\u00e1ndolos entre s\u00ed a lo largo del tiempo.<\/p>\n<p>Para ello dividi\u00f3 su estudio en zonas culturales, que para \u00e9l fueron 5: Cat\u00f3lica, protestante, ortodoxa, confuciana y comunista. Seg\u00fan su estudio son los cambios tecnol\u00f3gicos y el desarrollo socioecon\u00f3mico de las distintas zonas lo que modifica los valores a lo largo del tiempo.<\/p>\n<p>Cada zona cultural, tiende hacia unos determinados valores, y esta tendencia se debe en gran parte a la herencia cultural, aunque individualmente la experiencia vital de cada uno tambi\u00e9n influye.<\/p>\n<p>C. Wezel junto con R. Inglehart, en su libro Modernizaci\u00f3n y postmodernizaci\u00f3n (1998) denominaron proceso de desarrollo humano a la evoluci\u00f3n que tienen las sociedades durante su proceso de modernizaci\u00f3n, en las que cada vez son m\u00e1s importantes los valores seculares-racionales y de autoexpresi\u00f3n.<\/p>\n<p>Para\u00a0 \u00e9l los valores est\u00e1n basados en dos ideas centrales: los valores se fundamentan en la cultura a trav\u00e9s de la socializaci\u00f3n, pero tambi\u00e9n en la experiencia social individual. Y la segunda idea es que la capacidad de decisi\u00f3n de las personas es universal, todos aspiramos a tener nuestras propias elecciones vitales de forma aut\u00f3noma.<\/p>\n<p>En el proceso de evoluci\u00f3n hacia la modernidad, las sociedades se dividen en 2 tipos: Sociedades industriales y sociedades postindustriales.<\/p>\n<p>En las sociedades industriales los valores transitan de los m\u00e1s tradicionales hacia unos valores seculares-racionales, que llevan a sociedades democr\u00e1ticas aunque en circunstancias determinadas pueden llevar a reg\u00edmenes autoritarios.<\/p>\n<p>En las sociedades postindustriales, los valores de supervivencia llevan a valores de autoexpresi\u00f3n, en este tipo de sociedades se fomenta la participaci\u00f3n mediante la emancipaci\u00f3n de la autoridad por parte de los individuos.<\/p>\n<p><strong><em>Mapa mental.<\/em><\/strong><\/p>\n<p><a href=\"https:\/\/www.goconqr.com\/es-ES\/mindmap\/22911679\/Tema-4--Valores-materialistas-y-postmaterialistas--R--Inglehart-\">https:\/\/www.goconqr.com\/es-ES\/mindmap\/22911679\/Tema-4&#8211;Valores-materialistas-y-postmaterialistas&#8211;R&#8211;Inglehart-<\/a><\/p>\n<p><strong><em>Prototipo.<\/em><\/strong><\/p>\n<p><a href=\"https:\/\/www.youtube.com\/watch?time_continue=1&amp;v=ABWYOcru7js&amp;feature=emb_logo\">https:\/\/www.youtube.com\/watch?time_continue=1&amp;v=ABWYOcru7js&amp;feature=emb_logo<\/a><\/p>\n<p>En este gr\u00e1fico en movimiento podemos observar como las diversas zonas culturales, basadas en los valores de supervivencia, tradicionales, autoexpresi\u00f3n y secular-racional, van evolucionando de unos valores a otros en distintos pa\u00edses y a los largo del tiempo.<\/p>\n<p><strong><em>COVID-19.<\/em><\/strong><\/p>\n<p><strong>Art\u00edculo period\u00edstico.<\/strong><\/p>\n<p><img loading=\"lazy\" decoding=\"async\" class=\"alignnone size-medium wp-image-134\" src=\"https:\/\/blogs.ua.es\/loscarlos\/files\/2020\/05\/Captura-valores-300x58.jpg\" alt=\"\" width=\"300\" height=\"58\" srcset=\"https:\/\/blogs.ua.es\/loscarlos\/files\/2020\/05\/Captura-valores-300x58.jpg 300w, https:\/\/blogs.ua.es\/loscarlos\/files\/2020\/05\/Captura-valores-768x147.jpg 768w, https:\/\/blogs.ua.es\/loscarlos\/files\/2020\/05\/Captura-valores-150x29.jpg 150w, https:\/\/blogs.ua.es\/loscarlos\/files\/2020\/05\/Captura-valores-250x48.jpg 250w, https:\/\/blogs.ua.es\/loscarlos\/files\/2020\/05\/Captura-valores.jpg 985w\" sizes=\"auto, (max-width: 300px) 100vw, 300px\" \/><\/p>\n<p><a href=\"https:\/\/www.lavanguardia.com\/vivo\/psicologia\/20200326\/474207515821\/coronavirus-egoismo-solidaridad.html\">https:\/\/www.lavanguardia.com\/vivo\/psicologia\/20200326\/474207515821\/coronavirus-egoismo-solidaridad.html<\/a><\/p>\n<p>Hemos seleccionado este art\u00edculo por qu\u00e9 trata sobre que tipo de valores imperan en la sociedad espa\u00f1ola. Observamos como a pesar de pertenecer a una sociedad postindustrial, con un claro predominio de los valores de autoexpresi\u00f3n, en momentos de crisis aumenta considerablemente los valores relacionados con la seguridad y la solidaridad.<\/p>\n<p><strong>Imagen.<\/strong><\/p>\n<p><img loading=\"lazy\" decoding=\"async\" class=\"alignnone size-medium wp-image-135\" src=\"https:\/\/blogs.ua.es\/loscarlos\/files\/2020\/05\/Captura-diploma-refuerzo-valores-300x238.jpg\" alt=\"\" width=\"300\" height=\"238\" srcset=\"https:\/\/blogs.ua.es\/loscarlos\/files\/2020\/05\/Captura-diploma-refuerzo-valores-300x238.jpg 300w, https:\/\/blogs.ua.es\/loscarlos\/files\/2020\/05\/Captura-diploma-refuerzo-valores-150x119.jpg 150w, https:\/\/blogs.ua.es\/loscarlos\/files\/2020\/05\/Captura-diploma-refuerzo-valores-189x150.jpg 189w, https:\/\/blogs.ua.es\/loscarlos\/files\/2020\/05\/Captura-diploma-refuerzo-valores.jpg 596w\" sizes=\"auto, (max-width: 300px) 100vw, 300px\" \/><\/p>\n<p>Hemos seleccionado esta imagen que para nosotros trata de reforzar en los menores valores relacionados con la supervivencia. Este tipo de valores tratan de incrementar la confianza en las autoridades.<\/p>\n<p><strong>Red social.<\/strong><\/p>\n<p><img loading=\"lazy\" decoding=\"async\" class=\"alignnone size-medium wp-image-140\" src=\"https:\/\/blogs.ua.es\/loscarlos\/files\/2020\/05\/Captura-a-favor-sanitarios-300x218.jpg\" alt=\"\" width=\"300\" height=\"218\" srcset=\"https:\/\/blogs.ua.es\/loscarlos\/files\/2020\/05\/Captura-a-favor-sanitarios-300x218.jpg 300w, https:\/\/blogs.ua.es\/loscarlos\/files\/2020\/05\/Captura-a-favor-sanitarios-150x109.jpg 150w, https:\/\/blogs.ua.es\/loscarlos\/files\/2020\/05\/Captura-a-favor-sanitarios-207x150.jpg 207w, https:\/\/blogs.ua.es\/loscarlos\/files\/2020\/05\/Captura-a-favor-sanitarios.jpg 610w\" sizes=\"auto, (max-width: 300px) 100vw, 300px\" \/><img loading=\"lazy\" decoding=\"async\" class=\"alignnone size-medium wp-image-141\" src=\"https:\/\/blogs.ua.es\/loscarlos\/files\/2020\/05\/Captura-en-contra-sanitarios-300x227.jpg\" alt=\"\" width=\"300\" height=\"227\" srcset=\"https:\/\/blogs.ua.es\/loscarlos\/files\/2020\/05\/Captura-en-contra-sanitarios-300x227.jpg 300w, https:\/\/blogs.ua.es\/loscarlos\/files\/2020\/05\/Captura-en-contra-sanitarios-150x114.jpg 150w, https:\/\/blogs.ua.es\/loscarlos\/files\/2020\/05\/Captura-en-contra-sanitarios-198x150.jpg 198w, https:\/\/blogs.ua.es\/loscarlos\/files\/2020\/05\/Captura-en-contra-sanitarios.jpg 475w\" sizes=\"auto, (max-width: 300px) 100vw, 300px\" \/><\/p>\n<p>Hemos seleccionado estas im\u00e1genes, que representan dos formas completamente distintas de entender la seguridad propia, bien a trav\u00e9s de valores como la solidaridad o bien a trav\u00e9s de valores de individualidad y ego\u00edsmo.<\/p>\n","protected":false},"excerpt":{"rendered":"<p>Ronald Inglehart centr\u00f3 sus investigaciones en analizar los cambios que se produc\u00edan en los valores analizando la estructura social, para poder establecer sus consecuencias y causas econ\u00f3micas, sociales y culturales. Traz\u00f3 un modelo de an\u00e1lisis comparativo de las estructuras macro, estudi\u00f3 Estados, pa\u00edses, generaciones, etc. Compar\u00e1ndolos entre s\u00ed a lo largo del tiempo. Para ello [&hellip;]<\/p>\n","protected":false},"author":4400,"featured_media":0,"parent":0,"menu_order":0,"comment_status":"closed","ping_status":"closed","template":"","meta":{"footnotes":""},"class_list":["post-16","page","type-page","status-publish","hentry"],"_links":{"self":[{"href":"https:\/\/blogs.ua.es\/loscarlos\/wp-json\/wp\/v2\/pages\/16","targetHints":{"allow":["GET"]}}],"collection":[{"href":"https:\/\/blogs.ua.es\/loscarlos\/wp-json\/wp\/v2\/pages"}],"about":[{"href":"https:\/\/blogs.ua.es\/loscarlos\/wp-json\/wp\/v2\/types\/page"}],"author":[{"embeddable":true,"href":"https:\/\/blogs.ua.es\/loscarlos\/wp-json\/wp\/v2\/users\/4400"}],"replies":[{"embeddable":true,"href":"https:\/\/blogs.ua.es\/loscarlos\/wp-json\/wp\/v2\/comments?post=16"}],"version-history":[{"count":14,"href":"https:\/\/blogs.ua.es\/loscarlos\/wp-json\/wp\/v2\/pages\/16\/revisions"}],"predecessor-version":[{"id":148,"href":"https:\/\/blogs.ua.es\/loscarlos\/wp-json\/wp\/v2\/pages\/16\/revisions\/148"}],"wp:attachment":[{"href":"https:\/\/blogs.ua.es\/loscarlos\/wp-json\/wp\/v2\/media?parent=16"}],"curies":[{"name":"wp","href":"https:\/\/api.w.org\/{rel}","templated":true}]}}