{"id":2,"date":"2010-10-20T06:34:36","date_gmt":"2010-10-20T06:34:36","guid":{"rendered":"https:\/\/blogs.ua.es\/loshijosdelosreyescatolicos\/?page_id=2"},"modified":"2010-12-17T12:58:07","modified_gmt":"2010-12-17T12:58:07","slug":"acerca-de","status":"publish","type":"page","link":"https:\/\/blogs.ua.es\/loshijosdelosreyescatolicos\/acerca-de\/","title":{"rendered":"Los Reyes Cat\u00f3licos"},"content":{"rendered":"<p><a href=\"https:\/\/blogs.ua.es\/loshijosdelosreyescatolicos\/files\/2010\/10\/reyes-catols.jpg\"><img loading=\"lazy\" decoding=\"async\" class=\"alignright size-medium wp-image-162\" src=\"https:\/\/blogs.ua.es\/loshijosdelosreyescatolicos\/files\/2010\/10\/reyes-catols-300x214.jpg\" alt=\"\" width=\"300\" height=\"214\" srcset=\"https:\/\/blogs.ua.es\/loshijosdelosreyescatolicos\/files\/2010\/10\/reyes-catols-300x214.jpg 300w, https:\/\/blogs.ua.es\/loshijosdelosreyescatolicos\/files\/2010\/10\/reyes-catols.jpg 619w\" sizes=\"auto, (max-width: 300px) 100vw, 300px\" \/><\/a>Isabel de Castilla o la Cat\u00f3lica (1451-1504) era hija de Juan II de Castilla y de Isabel de Portugal. Por su parte, Fernando de Arag\u00f3n o el Cat\u00f3lico (1452-1516) era hijo de Juan II de Arag\u00f3n y Juana Enriquez, accedi\u00f3 al trono a la muerte de su padre.<\/p>\n<p>El camino de Isabel hasta alcanzar la corona de Castilla no fue corto ni sencillo como el de Fernando. Era la tercera en la l\u00ednea sucesoria por detr\u00e1s de su hermanastro Enrique IV, que perdi\u00f3 la corona tras una revuelta de la nobleza, y de su hermano Alfonso, que se convertir\u00eda en rey tras la revuelta ya mencionada. Tras la muerte de su hermano Alfonso, Isabel se convert\u00eda en la heredera a la corona. Pero por evitar un enfrentamiento con su hermanastro Enrique, que segu\u00eda reclamando sus derechos al trono, se pact\u00f3 en el Acuerdo de los Toros de Guisando que Enrique se convertir\u00eda en rey y a su muerte acceder\u00eda al trono Isabel. As\u00ed fue como accedi\u00f3 Isabel al trono de Castilla en 1474.<\/p>\n<p>En 1469 se celebr\u00f3 de forma secreta, siendo Isabel aun heredera al trono, el matrimonio de Isabel con el pr\u00edncipe Fernando, heredero de la corona de Arag\u00f3n. De este Matrimonio nacieron seis hijos, llegado cinco a la edad adulta Isabel, Juan, Juana, Mar\u00eda y Catalina. Isabel y Fernando usaron a sus hijos para establecer alianzas matrimoniales con otros pa\u00edses para aislar a su gran enemigo, Francia.<\/p>\n<p>Esta uni\u00f3n no cont\u00f3 con la aprobaci\u00f3n de una parte de la nobleza, que a la muerte del rey Enrique IV reconoci\u00f3 como reina a la hija de este Juana la Beltraneja, mientras que otra fracci\u00f3n de la nobleza si admit\u00eda \u00a0a Isabel soberana de Castilla. Se desat\u00f3 una gran Guerra Civil en Castilla de la que Isabel sali\u00f3 victoriosa Isabel con el apoyo de Arag\u00f3n quedando derrotada Juana apoyada por Portugal. A partir del tratado de Alca\u00e7obas de 1479 en que se finiquit\u00f3 definitivamente la Guerra Civil no se volvi\u00f3 a cuestionar la autoridad de Isabel como reina.<\/p>\n<p>Ese mismo a\u00f1o subi\u00f3 al trono de Arag\u00f3n el esposo de Isabel, Fernando II, produci\u00e9ndose la uni\u00f3n din\u00e1stica de la corona de Castilla en manos de Isabel y la de Arag\u00f3n en manos de Fernando. Es muy importante se\u00f1alar que Castilla y Arag\u00f3n se asociaron por la uni\u00f3n personal de sus soberanos, y que aunque por deseo de ambos, las dos coronas tuvieron una pol\u00edtica y diplomacia com\u00fan, mantuvieron sus leyes, instituciones y costumbres diferenciadas y distintas.<\/p>\n<p>Tras la muerte de Isabel en 1504 se temi\u00f3 por la continuidad de la unidad entre las dos coronas, pero Castilla y Arag\u00f3n permanecieron unidas. Fernando continu\u00f3 como rey en Aragon mientras que su hija Juana, heredera tras la muerte de sus dos hermanos mayores Isabel y Juan, junto a su marido Felipe el Hermoso gobernar\u00edan en Castilla. Tras la muerte de Felipe, Fernando se hizo cargo del gobierno de Castilla frente a la incapacidad de esta de gobernar. Tras la muerte de Fernando en 1516 subi\u00f3 al trono Carlos I de Espa\u00f1a y V de Alemania, el emperador del gran Imperio espa\u00f1ol, un Imperio que habr\u00eda sido imposible de lograr sin la obra de los Reyes Cat\u00f3licos.<\/p>\n","protected":false},"excerpt":{"rendered":"<p>Isabel de Castilla o la Cat\u00f3lica (1451-1504) era hija de Juan II de Castilla y de Isabel de Portugal. Por su parte, Fernando de Arag\u00f3n o el Cat\u00f3lico (1452-1516) era hijo de Juan II de Arag\u00f3n y Juana Enriquez, accedi\u00f3 al trono a la muerte de su padre. El camino de Isabel hasta alcanzar la [&hellip;]<\/p>\n","protected":false},"author":1877,"featured_media":0,"parent":0,"menu_order":0,"comment_status":"open","ping_status":"open","template":"","meta":{"footnotes":""},"class_list":["post-2","page","type-page","status-publish","hentry"],"_links":{"self":[{"href":"https:\/\/blogs.ua.es\/loshijosdelosreyescatolicos\/wp-json\/wp\/v2\/pages\/2","targetHints":{"allow":["GET"]}}],"collection":[{"href":"https:\/\/blogs.ua.es\/loshijosdelosreyescatolicos\/wp-json\/wp\/v2\/pages"}],"about":[{"href":"https:\/\/blogs.ua.es\/loshijosdelosreyescatolicos\/wp-json\/wp\/v2\/types\/page"}],"author":[{"embeddable":true,"href":"https:\/\/blogs.ua.es\/loshijosdelosreyescatolicos\/wp-json\/wp\/v2\/users\/1877"}],"replies":[{"embeddable":true,"href":"https:\/\/blogs.ua.es\/loshijosdelosreyescatolicos\/wp-json\/wp\/v2\/comments?post=2"}],"version-history":[{"count":3,"href":"https:\/\/blogs.ua.es\/loshijosdelosreyescatolicos\/wp-json\/wp\/v2\/pages\/2\/revisions"}],"predecessor-version":[{"id":160,"href":"https:\/\/blogs.ua.es\/loshijosdelosreyescatolicos\/wp-json\/wp\/v2\/pages\/2\/revisions\/160"}],"wp:attachment":[{"href":"https:\/\/blogs.ua.es\/loshijosdelosreyescatolicos\/wp-json\/wp\/v2\/media?parent=2"}],"curies":[{"name":"wp","href":"https:\/\/api.w.org\/{rel}","templated":true}]}}