{"id":29,"date":"2010-11-15T18:52:45","date_gmt":"2010-11-15T18:52:45","guid":{"rendered":"https:\/\/blogs.ua.es\/loshijosdelosreyescatolicos\/"},"modified":"2010-11-30T15:32:57","modified_gmt":"2010-11-30T15:32:57","slug":"isabel","status":"publish","type":"page","link":"https:\/\/blogs.ua.es\/loshijosdelosreyescatolicos\/isabel\/","title":{"rendered":"Isabel"},"content":{"rendered":"<p><a href=\"https:\/\/blogs.ua.es\/loshijosdelosreyescatolicos\/files\/2010\/11\/ISABEL-DE-PORTUGAL.jpg\"><img loading=\"lazy\" decoding=\"async\" class=\"alignright size-thumbnail wp-image-95\" src=\"https:\/\/blogs.ua.es\/loshijosdelosreyescatolicos\/files\/2010\/11\/ISABEL-DE-PORTUGAL-150x150.jpg\" alt=\"\" width=\"150\" height=\"150\" \/><\/a><\/p>\n<p>Isabel de Arag\u00f3n y castilla (2 de octubre de 1470 \u2013 23 de agosto de 1498) fue la primog\u00e9nita de los Reyes Cat\u00f3licos. Fue jurada heredera por las Cortes de Madrigal en 1476, pero tras el nacimiento de su hermano Juan, 8 a\u00f1os despu\u00e9s que ella, la desplaz\u00f3 en el orden sucesorio.<\/p>\n<p>Por intereses pol\u00edticos de Isabel y Fernando, en el Tratado de las Tercer\u00edas de Moura de 1479 se pacta con Portugal el matrimonio de Isabel con el heredero de la corona portuguesa, Alfonso.<\/p>\n<p>El 3 de noviembre de 1490 se celebra la boda en la localidad de Estremoz. Isabel ten\u00eda 20 a\u00f1os mientras que el pr\u00edncipe \u00a0Alfonso apenas ten\u00eda 15. A pesar de la diferencia de edad, se enamoraron desde el momento en que se vieron, por lo que el matrimonio acab\u00f3 siendo una uni\u00f3n por amor.<\/p>\n<p>Pero, lamentablemente, el enlace duro poco ya que en 1491 fallece Alfonso tras una ca\u00edda de caballo. Apenada y sin hijos, Isabel regresa a Espa\u00f1a como princesa viuda de Portugal donde adopta el h\u00e1bito de las hermanas de Clares y solicita a sus padres permiso para convertirse en monja.<\/p>\n<p>Pero no eran estos los intereses de los Reyes Cat\u00f3licos que deciden casarla en segundas nupcias con Manuel I de Portugal, quiense sent\u00eda muy atra\u00eddo por ella. Isabel no quer\u00eda volver a casarse pero finalmente accede por la presi\u00f3n de sus padres. Los Reyes Cat\u00f3licos ponen como condici\u00f3n para que el matrimonio se celebre la expulsi\u00f3n de los jud\u00edos de Portugal, a lo que el Manuel I finalmente accede.<\/p>\n<p>La boda se celebr\u00f3 en 1497. De esta uni\u00f3n naci\u00f3 en 1498 un var\u00f3n al que se llam\u00f3 Miguel de la Paz, pero desafortunadamente Isabel falleci\u00f3 a las pocas horas de dar a luz a su \u00fanico hijo.<\/p>\n","protected":false},"excerpt":{"rendered":"<p>Isabel de Arag\u00f3n y castilla (2 de octubre de 1470 \u2013 23 de agosto de 1498) fue la primog\u00e9nita de los Reyes Cat\u00f3licos. Fue jurada heredera por las Cortes de Madrigal en 1476, pero tras el nacimiento de su hermano Juan, 8 a\u00f1os despu\u00e9s que ella, la desplaz\u00f3 en el orden sucesorio. Por intereses pol\u00edticos [&hellip;]<\/p>\n","protected":false},"author":1877,"featured_media":0,"parent":0,"menu_order":0,"comment_status":"open","ping_status":"open","template":"","meta":{"footnotes":""},"class_list":["post-29","page","type-page","status-publish","hentry"],"_links":{"self":[{"href":"https:\/\/blogs.ua.es\/loshijosdelosreyescatolicos\/wp-json\/wp\/v2\/pages\/29","targetHints":{"allow":["GET"]}}],"collection":[{"href":"https:\/\/blogs.ua.es\/loshijosdelosreyescatolicos\/wp-json\/wp\/v2\/pages"}],"about":[{"href":"https:\/\/blogs.ua.es\/loshijosdelosreyescatolicos\/wp-json\/wp\/v2\/types\/page"}],"author":[{"embeddable":true,"href":"https:\/\/blogs.ua.es\/loshijosdelosreyescatolicos\/wp-json\/wp\/v2\/users\/1877"}],"replies":[{"embeddable":true,"href":"https:\/\/blogs.ua.es\/loshijosdelosreyescatolicos\/wp-json\/wp\/v2\/comments?post=29"}],"version-history":[{"count":6,"href":"https:\/\/blogs.ua.es\/loshijosdelosreyescatolicos\/wp-json\/wp\/v2\/pages\/29\/revisions"}],"predecessor-version":[{"id":98,"href":"https:\/\/blogs.ua.es\/loshijosdelosreyescatolicos\/wp-json\/wp\/v2\/pages\/29\/revisions\/98"}],"wp:attachment":[{"href":"https:\/\/blogs.ua.es\/loshijosdelosreyescatolicos\/wp-json\/wp\/v2\/media?parent=29"}],"curies":[{"name":"wp","href":"https:\/\/api.w.org\/{rel}","templated":true}]}}