{"id":33,"date":"2010-11-15T18:53:18","date_gmt":"2010-11-15T18:53:18","guid":{"rendered":"https:\/\/blogs.ua.es\/loshijosdelosreyescatolicos\/"},"modified":"2010-11-24T17:44:50","modified_gmt":"2010-11-24T17:44:50","slug":"juana","status":"publish","type":"page","link":"https:\/\/blogs.ua.es\/loshijosdelosreyescatolicos\/juana\/","title":{"rendered":"Juana"},"content":{"rendered":"<p><strong><em>Juana I de Trast\u00e1mara <\/em><\/strong>naci\u00f3 en Toledo el 6 de noviembre de 1479 y muri\u00f3 el\u00a0 12 de abril de 1555 en Tordesillas. Fue primero infanta\u00a0de Castilla y Arag\u00f3n. Tras su matrimonio\u00a0ar<a href=\"https:\/\/blogs.ua.es\/loshijosdelosreyescatolicos\/files\/2010\/11\/juanaa.jpg\"><img loading=\"lazy\" decoding=\"async\" class=\"alignleft size-full wp-image-60\" src=\"https:\/\/blogs.ua.es\/loshijosdelosreyescatolicos\/files\/2010\/11\/juanaa.jpg\" alt=\"\" width=\"178\" height=\"284\" \/><\/a>chiduquesa\u00a0de Austria, duquesa\u00a0de Borgo\u00f1a\u00a0y Brabante\u00a0y condesa\u00a0de\u00a0Flandes. Finalmente, reina de Castilla\u00a0y de Le\u00f3n, de Galicia, de Granada, de Sevilla, de\u00a0Murcia, de\u00a0Ja\u00e9n, de\u00a0Gibraltar, de las Islas Canarias\u00a0y de las Indias Occidentales, de Navarra\u00a0y de Arag\u00f3n, de Valencia, de Mallorca, de N\u00e1poles\u00a0y Sicilia. Adem\u00e1s otros t\u00edtulos como condesa de Barcelona y se\u00f1ora de Vizcaya, t\u00edtulos heredados tras la muerte de sus padres.\u00a0Con lo cual uni\u00f3 definitivamente las coronas de Castilla y Arag\u00f3n, a partir del 25 de enero\u00a0de 1516, convirti\u00e9ndose as\u00ed en la primera reina de Espa\u00f1a\u00a0\u00a0junto con su hijo Carlos I.<\/p>\n<p>Contrajo matrimonio con Felipe el hermoso, hijo del Sacro Emperador Romano Germ\u00e1nico con quien tuvo seis hijos: Leonor, Carlos, Isabel, Fernando, Mar\u00eda y Catalina. Su amor por Felipe la condujo a la locura.<\/p>\n<p>Fue Reina de Castilla s\u00f3lo en t\u00edtulo. La voluntad de su madre, Isabel, era que fuera proclamada Reina de Castilla pero con regencia de su padre o su esposo. Tras la muerte de Felipe, Fernando tom\u00f3 las riendas de Castilla y decidi\u00f3 encerrar a Juana en el monasterio de Tordesillas ya que su estado mental no le permit\u00eda gobernar. Su hijo Carlos decidi\u00f3 mantenerla tambi\u00e9n en el monasterio tras su subida al trono. Permaneci\u00f3 all\u00ed hasta su muerte en 1555 a los 76 a\u00f1os. Fue enterrada junto a su amado Felipe en la Catedral de Granada.<\/p>\n","protected":false},"excerpt":{"rendered":"<p>Juana I de Trast\u00e1mara naci\u00f3 en Toledo el 6 de noviembre de 1479 y muri\u00f3 el\u00a0 12 de abril de 1555 en Tordesillas. Fue primero infanta\u00a0de Castilla y Arag\u00f3n. Tras su matrimonio\u00a0archiduquesa\u00a0de Austria, duquesa\u00a0de Borgo\u00f1a\u00a0y Brabante\u00a0y condesa\u00a0de\u00a0Flandes. Finalmente, reina de Castilla\u00a0y de Le\u00f3n, de Galicia, de Granada, de Sevilla, de\u00a0Murcia, de\u00a0Ja\u00e9n, de\u00a0Gibraltar, de las Islas [&hellip;]<\/p>\n","protected":false},"author":1877,"featured_media":0,"parent":0,"menu_order":0,"comment_status":"open","ping_status":"open","template":"","meta":{"footnotes":""},"class_list":["post-33","page","type-page","status-publish","hentry"],"_links":{"self":[{"href":"https:\/\/blogs.ua.es\/loshijosdelosreyescatolicos\/wp-json\/wp\/v2\/pages\/33","targetHints":{"allow":["GET"]}}],"collection":[{"href":"https:\/\/blogs.ua.es\/loshijosdelosreyescatolicos\/wp-json\/wp\/v2\/pages"}],"about":[{"href":"https:\/\/blogs.ua.es\/loshijosdelosreyescatolicos\/wp-json\/wp\/v2\/types\/page"}],"author":[{"embeddable":true,"href":"https:\/\/blogs.ua.es\/loshijosdelosreyescatolicos\/wp-json\/wp\/v2\/users\/1877"}],"replies":[{"embeddable":true,"href":"https:\/\/blogs.ua.es\/loshijosdelosreyescatolicos\/wp-json\/wp\/v2\/comments?post=33"}],"version-history":[{"count":4,"href":"https:\/\/blogs.ua.es\/loshijosdelosreyescatolicos\/wp-json\/wp\/v2\/pages\/33\/revisions"}],"predecessor-version":[{"id":62,"href":"https:\/\/blogs.ua.es\/loshijosdelosreyescatolicos\/wp-json\/wp\/v2\/pages\/33\/revisions\/62"}],"wp:attachment":[{"href":"https:\/\/blogs.ua.es\/loshijosdelosreyescatolicos\/wp-json\/wp\/v2\/media?parent=33"}],"curies":[{"name":"wp","href":"https:\/\/api.w.org\/{rel}","templated":true}]}}