{"id":35,"date":"2010-11-15T18:53:31","date_gmt":"2010-11-15T18:53:31","guid":{"rendered":"https:\/\/blogs.ua.es\/loshijosdelosreyescatolicos\/"},"modified":"2011-09-11T00:41:30","modified_gmt":"2011-09-11T00:41:30","slug":"maria","status":"publish","type":"page","link":"https:\/\/blogs.ua.es\/loshijosdelosreyescatolicos\/maria\/","title":{"rendered":"Mar\u00eda"},"content":{"rendered":"<p><a href=\"https:\/\/blogs.ua.es\/loshijosdelosreyescatolicos\/files\/2010\/11\/maria-de-aragon-y-castilla.jpg\"><img loading=\"lazy\" decoding=\"async\" class=\"alignright size-full wp-image-139\" src=\"https:\/\/blogs.ua.es\/loshijosdelosreyescatolicos\/files\/2010\/11\/maria-de-aragon-y-castilla.jpg\" alt=\"\" width=\"242\" height=\"300\" \/><\/a><\/p>\n<p><strong>Mar\u00eda de Arag\u00f3n y Castilla o de Trast\u00e1mara (29 de junio de 1482 \u2013 7 de marzo de 1517) fue la cuarta hija de los Reyes Cat\u00f3licos.<\/strong><\/p>\n<p><strong>En 1500 se cas\u00f3 con el Rey Manuel I el Afortunado de Portugal, viudo de su hermana Isabel desde 1498, continuando as\u00ed las alianzas matrimoniales portuguesas y espa\u00f1olas. <\/strong><\/p>\n<p><strong>Fue la hija que m\u00e1s nietos dio a los Reyes Cat\u00f3licos, diez. De entre ellos destaca el futuro rey luso Juan III, Isabel que ser\u00eda esposa del emperador Carlos I de Espa\u00f1a y V de Alemania y Enrique I que llegar\u00eda tambi\u00e9n a ser monarca de Portugal.<\/strong><\/p>\n<p><strong>Fue una fervorosa partidaria del proyecto de su marido de destruir las ciudades santas isl\u00e1micas, La Meca y Medina, y de reconquistar los lugares santos de la cristiandad.<\/strong><\/p>\n<p><strong>Muri\u00f3 el 7 de marzo de 1517 en Lisboa, Portugal.<\/strong><\/p>\n","protected":false},"excerpt":{"rendered":"<p>Mar\u00eda de Arag\u00f3n y Castilla o de Trast\u00e1mara (29 de junio de 1482 \u2013 7 de marzo de 1517) fue la cuarta hija de los Reyes Cat\u00f3licos. En 1500 se cas\u00f3 con el Rey Manuel I el Afortunado de Portugal, viudo de su hermana Isabel desde 1498, continuando as\u00ed las alianzas matrimoniales portuguesas y espa\u00f1olas. [&hellip;]<\/p>\n","protected":false},"author":1877,"featured_media":0,"parent":0,"menu_order":0,"comment_status":"open","ping_status":"open","template":"","meta":{"footnotes":""},"class_list":["post-35","page","type-page","status-publish","hentry"],"_links":{"self":[{"href":"https:\/\/blogs.ua.es\/loshijosdelosreyescatolicos\/wp-json\/wp\/v2\/pages\/35","targetHints":{"allow":["GET"]}}],"collection":[{"href":"https:\/\/blogs.ua.es\/loshijosdelosreyescatolicos\/wp-json\/wp\/v2\/pages"}],"about":[{"href":"https:\/\/blogs.ua.es\/loshijosdelosreyescatolicos\/wp-json\/wp\/v2\/types\/page"}],"author":[{"embeddable":true,"href":"https:\/\/blogs.ua.es\/loshijosdelosreyescatolicos\/wp-json\/wp\/v2\/users\/1877"}],"replies":[{"embeddable":true,"href":"https:\/\/blogs.ua.es\/loshijosdelosreyescatolicos\/wp-json\/wp\/v2\/comments?post=35"}],"version-history":[{"count":4,"href":"https:\/\/blogs.ua.es\/loshijosdelosreyescatolicos\/wp-json\/wp\/v2\/pages\/35\/revisions"}],"predecessor-version":[{"id":177,"href":"https:\/\/blogs.ua.es\/loshijosdelosreyescatolicos\/wp-json\/wp\/v2\/pages\/35\/revisions\/177"}],"wp:attachment":[{"href":"https:\/\/blogs.ua.es\/loshijosdelosreyescatolicos\/wp-json\/wp\/v2\/media?parent=35"}],"curies":[{"name":"wp","href":"https:\/\/api.w.org\/{rel}","templated":true}]}}