{"id":37,"date":"2010-11-15T18:53:41","date_gmt":"2010-11-15T18:53:41","guid":{"rendered":"https:\/\/blogs.ua.es\/loshijosdelosreyescatolicos\/"},"modified":"2010-12-14T20:16:47","modified_gmt":"2010-12-14T20:16:47","slug":"catalina","status":"publish","type":"page","link":"https:\/\/blogs.ua.es\/loshijosdelosreyescatolicos\/catalina\/","title":{"rendered":"Catalina"},"content":{"rendered":"<p><a href=\"https:\/\/blogs.ua.es\/loshijosdelosreyescatolicos\/files\/2010\/11\/catalina-de-aragon.jpg\"><img loading=\"lazy\" decoding=\"async\" class=\"alignleft size-full wp-image-154\" src=\"https:\/\/blogs.ua.es\/loshijosdelosreyescatolicos\/files\/2010\/11\/catalina-de-aragon.jpg\" alt=\"\" width=\"173\" height=\"235\" \/><\/a><\/p>\n<p>Catalina de Arag\u00f3n (1485-1536) fue la hija menor de los Reyes Cat\u00f3licos. Era la que m\u00e1s se parec\u00eda a su madre, Isabel, rubia, ojos claros, decidida e inteligente. Ten\u00eda unas grandes capacidades intelectuales y morales fruto de una esmerada educaci\u00f3n apegada al catolicismo, digna de una futura reina.<\/p>\n<p>Con seis a\u00f1os fue prometida al pr\u00edncipe de Gales, hijo del rey Enrique VII de Inglaterra, dentro de estas alianzas que establecieron Isabel y Fernando para aislar a su gran enemigo internacional, Francia. En 1501 tuvo lugar el enlace entre Catalina de 15 a\u00f1os y Arturo, el pr\u00edncipe de Gales. Unos pocos meses despu\u00e9s fruto de una epidemia conocida como la \u201cfiebre del sudor\u201d fallec\u00eda el pr\u00edncipe dejando a Catalina viuda y, tal y como ella no se canso de afirmar a lo largo de su vida, virgen.<\/p>\n<p>Tras la muerte de Arturo la alianza entre ambas coronas peligraba por lo que se comprometi\u00f3 a Catalina con el que hasta ahora hab\u00eda sido su cu\u00f1ado y que ser\u00eda el futuro rey de Inglaterra Enrique VIII cuando este apenas ten\u00eda 11 a\u00f1os..<\/p>\n<p>En 1509 se celebr\u00f3 el matrimonio tras la muerte de Enrique VII, y Enrique y Catalina fueron nombrados reyes de Inglaterra. La uni\u00f3n pudo celebrarse gracias a la bula del papa Julio II en la que se reafirmaba la virginidad de Catalina. De este matrimonio naci\u00f3 \u00fanica hija, la futura Mar\u00eda I de Inglaterra, y murieron durante el embarazo o tras el parto varios hijos , varones y mujeres. La falta de un heredero preocupaba a Enrique quien ve\u00eda cercano el fin de la fertilidad de la reina.<\/p>\n<p>Pero algo cambio radicalmente el destino de Catalina. El rey se enamor\u00f3 locamente de Ana Bolena y solicito la nulidad eclesi\u00e1stica al Papa en 1527 bajo el pretexto de que el matrimonio era ilegitimo por haber sido Catalina esposa de su hermano. El Papa finalmente decidi\u00f3 desestimar la petici\u00f3n del rey y no anul\u00f3 su matrimonio. Enrique VIII como respuesta se convirti\u00f3 a la religi\u00f3n protestante, desvincul\u00e1ndose por completo de la Iglesia Cat\u00f3lica y nombr\u00e1ndose a si mismo jefe supremo de la nueva Iglesia de Inglaterra. Fue entonces cuando el arzobispo de Canterbury, Thomas Cranmer anul\u00f3 el matrimonio del rey con Catalina. Tras esto se cas\u00f3 con Ana Bolena, ya embarazada de la futura reina Isabel I. Este matrimonio del rey no fue bien visto por la poblaci\u00f3n inglesa. Catalina se hab\u00eda ganado a sus s\u00fabditos quienes la admiraban y siempre la creyeron su reina.<\/p>\n<p>Catalina fue confinada sucesivamente en Ampthill, en Buckden y en el castillo de Kimbolton donde muri\u00f3 el 7 de enero de 1536, con 50 a\u00f1os. Nunca renunci\u00f3 al t\u00edtulo real y fue enterrada en la Catedral de Peterborough con un funeral propio de Princesa viuda en lugar del de una reina.<\/p>\n","protected":false},"excerpt":{"rendered":"<p>Catalina de Arag\u00f3n (1485-1536) fue la hija menor de los Reyes Cat\u00f3licos. Era la que m\u00e1s se parec\u00eda a su madre, Isabel, rubia, ojos claros, decidida e inteligente. Ten\u00eda unas grandes capacidades intelectuales y morales fruto de una esmerada educaci\u00f3n apegada al catolicismo, digna de una futura reina. Con seis a\u00f1os fue prometida al pr\u00edncipe [&hellip;]<\/p>\n","protected":false},"author":1877,"featured_media":0,"parent":0,"menu_order":0,"comment_status":"open","ping_status":"open","template":"","meta":{"footnotes":""},"class_list":["post-37","page","type-page","status-publish","hentry"],"_links":{"self":[{"href":"https:\/\/blogs.ua.es\/loshijosdelosreyescatolicos\/wp-json\/wp\/v2\/pages\/37","targetHints":{"allow":["GET"]}}],"collection":[{"href":"https:\/\/blogs.ua.es\/loshijosdelosreyescatolicos\/wp-json\/wp\/v2\/pages"}],"about":[{"href":"https:\/\/blogs.ua.es\/loshijosdelosreyescatolicos\/wp-json\/wp\/v2\/types\/page"}],"author":[{"embeddable":true,"href":"https:\/\/blogs.ua.es\/loshijosdelosreyescatolicos\/wp-json\/wp\/v2\/users\/1877"}],"replies":[{"embeddable":true,"href":"https:\/\/blogs.ua.es\/loshijosdelosreyescatolicos\/wp-json\/wp\/v2\/comments?post=37"}],"version-history":[{"count":4,"href":"https:\/\/blogs.ua.es\/loshijosdelosreyescatolicos\/wp-json\/wp\/v2\/pages\/37\/revisions"}],"predecessor-version":[{"id":155,"href":"https:\/\/blogs.ua.es\/loshijosdelosreyescatolicos\/wp-json\/wp\/v2\/pages\/37\/revisions\/155"}],"wp:attachment":[{"href":"https:\/\/blogs.ua.es\/loshijosdelosreyescatolicos\/wp-json\/wp\/v2\/media?parent=37"}],"curies":[{"name":"wp","href":"https:\/\/api.w.org\/{rel}","templated":true}]}}