{"id":50,"date":"2010-11-24T16:29:17","date_gmt":"2010-11-24T16:29:17","guid":{"rendered":"https:\/\/blogs.ua.es\/loshijosdelosreyescatolicos\/"},"modified":"2010-12-14T20:49:18","modified_gmt":"2010-12-14T20:49:18","slug":"pedro","status":"publish","type":"page","link":"https:\/\/blogs.ua.es\/loshijosdelosreyescatolicos\/pedro\/","title":{"rendered":"Pedro"},"content":{"rendered":"<p>Pedro de Embasaguas, fue el hijo menor de los Reyes Cat\u00f3licos Isabel de Castilla y Fernando de Arag\u00f3n. Naci\u00f3 en 1488 teniendo una vida muy breve, ya que falleci\u00f3 al poco de haber nacido en una \u00e9poca en la que la mortalidad infantil era muy elevada y alcanzaba a todas las capas sociales.<br \/>\nPD: De momento esto es lo que he conseguido de Pedro, si voy encontrando m\u00e1s informaci\u00f3n la publicare.<\/p>\n","protected":false},"excerpt":{"rendered":"<p>Pedro de Embasaguas, fue el hijo menor de los Reyes Cat\u00f3licos Isabel de Castilla y Fernando de Arag\u00f3n. Naci\u00f3 en 1488 teniendo una vida muy breve, ya que falleci\u00f3 al poco de haber nacido en una \u00e9poca en la que la mortalidad infantil era muy elevada y alcanzaba a todas las capas sociales. PD: De [&hellip;]<\/p>\n","protected":false},"author":1877,"featured_media":0,"parent":0,"menu_order":0,"comment_status":"open","ping_status":"open","template":"","meta":{"footnotes":""},"class_list":["post-50","page","type-page","status-publish","hentry"],"_links":{"self":[{"href":"https:\/\/blogs.ua.es\/loshijosdelosreyescatolicos\/wp-json\/wp\/v2\/pages\/50","targetHints":{"allow":["GET"]}}],"collection":[{"href":"https:\/\/blogs.ua.es\/loshijosdelosreyescatolicos\/wp-json\/wp\/v2\/pages"}],"about":[{"href":"https:\/\/blogs.ua.es\/loshijosdelosreyescatolicos\/wp-json\/wp\/v2\/types\/page"}],"author":[{"embeddable":true,"href":"https:\/\/blogs.ua.es\/loshijosdelosreyescatolicos\/wp-json\/wp\/v2\/users\/1877"}],"replies":[{"embeddable":true,"href":"https:\/\/blogs.ua.es\/loshijosdelosreyescatolicos\/wp-json\/wp\/v2\/comments?post=50"}],"version-history":[{"count":5,"href":"https:\/\/blogs.ua.es\/loshijosdelosreyescatolicos\/wp-json\/wp\/v2\/pages\/50\/revisions"}],"predecessor-version":[{"id":136,"href":"https:\/\/blogs.ua.es\/loshijosdelosreyescatolicos\/wp-json\/wp\/v2\/pages\/50\/revisions\/136"}],"wp:attachment":[{"href":"https:\/\/blogs.ua.es\/loshijosdelosreyescatolicos\/wp-json\/wp\/v2\/media?parent=50"}],"curies":[{"name":"wp","href":"https:\/\/api.w.org\/{rel}","templated":true}]}}