{"id":52,"date":"2010-11-24T16:29:56","date_gmt":"2010-11-24T16:29:56","guid":{"rendered":"https:\/\/blogs.ua.es\/loshijosdelosreyescatolicos\/"},"modified":"2010-11-30T13:58:15","modified_gmt":"2010-11-30T13:58:15","slug":"presentacion","status":"publish","type":"page","link":"https:\/\/blogs.ua.es\/loshijosdelosreyescatolicos\/presentacion\/","title":{"rendered":"Presentaci\u00f3n"},"content":{"rendered":"<p>Bienvenidos al blog de la Universidad de Alicante &#8220;Los hijos de los Reyes Cat\u00f3licos&#8221;.<\/p>\n<p>Me llamo David y soy un estudiante de Historia en la Universidad de Alicante. \u00a0Este blog es una de las pr\u00e1cticas realizadas en la asignatura Historia Moderna de Espa\u00f1a I (Austrias) del plan de Licenciatura a extinguir durante el curso 2010\/2011.<\/p>\n<p>En el blog se pretende ampliar el conocimiento acerca de los hijos de Isabel de Castilla y Fernando de Arag\u00f3n aunque, como es evidente, tambi\u00e9n tendremos que hablar varias veces de ellos ya que, como solia hacerse en la \u00e9poca, decidieron el futuro de sus hijos.<\/p>\n<p>Deseo que os guste el blog y que la informaci\u00f3n proporcionada os pueda valer para realizar trabajos o estudiar.<\/p>\n<p>Espero que seais muchos los que visiteis el blog y gracias a los que ya lo han hecho.<\/p>\n<p>David.<\/p>\n","protected":false},"excerpt":{"rendered":"<p>Bienvenidos al blog de la Universidad de Alicante &#8220;Los hijos de los Reyes Cat\u00f3licos&#8221;. Me llamo David y soy un estudiante de Historia en la Universidad de Alicante. \u00a0Este blog es una de las pr\u00e1cticas realizadas en la asignatura Historia Moderna de Espa\u00f1a I (Austrias) del plan de Licenciatura a extinguir durante el curso 2010\/2011. [&hellip;]<\/p>\n","protected":false},"author":1877,"featured_media":0,"parent":0,"menu_order":0,"comment_status":"open","ping_status":"open","template":"","meta":{"footnotes":""},"class_list":["post-52","page","type-page","status-publish","hentry"],"_links":{"self":[{"href":"https:\/\/blogs.ua.es\/loshijosdelosreyescatolicos\/wp-json\/wp\/v2\/pages\/52","targetHints":{"allow":["GET"]}}],"collection":[{"href":"https:\/\/blogs.ua.es\/loshijosdelosreyescatolicos\/wp-json\/wp\/v2\/pages"}],"about":[{"href":"https:\/\/blogs.ua.es\/loshijosdelosreyescatolicos\/wp-json\/wp\/v2\/types\/page"}],"author":[{"embeddable":true,"href":"https:\/\/blogs.ua.es\/loshijosdelosreyescatolicos\/wp-json\/wp\/v2\/users\/1877"}],"replies":[{"embeddable":true,"href":"https:\/\/blogs.ua.es\/loshijosdelosreyescatolicos\/wp-json\/wp\/v2\/comments?post=52"}],"version-history":[{"count":5,"href":"https:\/\/blogs.ua.es\/loshijosdelosreyescatolicos\/wp-json\/wp\/v2\/pages\/52\/revisions"}],"predecessor-version":[{"id":82,"href":"https:\/\/blogs.ua.es\/loshijosdelosreyescatolicos\/wp-json\/wp\/v2\/pages\/52\/revisions\/82"}],"wp:attachment":[{"href":"https:\/\/blogs.ua.es\/loshijosdelosreyescatolicos\/wp-json\/wp\/v2\/media?parent=52"}],"curies":[{"name":"wp","href":"https:\/\/api.w.org\/{rel}","templated":true}]}}