{"id":79,"date":"2010-11-29T17:55:36","date_gmt":"2010-11-29T17:55:36","guid":{"rendered":"https:\/\/blogs.ua.es\/loshijosdelosreyescatolicos\/"},"modified":"2011-01-14T15:32:44","modified_gmt":"2011-01-14T15:32:44","slug":"bibliografia-2","status":"publish","type":"page","link":"https:\/\/blogs.ua.es\/loshijosdelosreyescatolicos\/bibliografia-2\/","title":{"rendered":"BIBLIOGRAF\u00cdA"},"content":{"rendered":"<p>Aqu\u00ed os dejo alguno de los materiales que he utilizado para realizar este blog. Espero que a vosotros tambi\u00e9n os sirvan en el futuro.<\/p>\n<p>WEBGRAF\u00cdA<\/p>\n<p>Isabel la Cat\u00f3lica<\/p>\n<p>http:\/\/images.google.es\/images?q=Isabel+la+Cat%C3%B3lica&amp;oe=utf-8&amp;rls=org.mozilla:es-ES:official&amp;client=firefox-a&amp;um=1&amp;ie=UTF-8&amp;ei=6Sm6SprSMs_KjAfD6M30BQ&amp;sa=X&amp;oi=image_result_group&amp;ct=title&amp;resnum=5  http:\/\/www.cervantesvirtual.com\/portal\/isabel_I\/index.jsp  http:\/\/www.cervantesvirtual.com\/portal\/isabel_I\/include\/pisabel_biografia.jsp?nomportal=isabel_I  http:\/\/es.wikipedia.org\/wiki\/Isabel_I_de_Castilla  http:\/\/www.artehistoria.jcyl.es\/historia\/personajes\/5750.htm  http:\/\/www.biografiasyvidas.com\/biografia\/i\/isabel_i_catolica.htm  http:\/\/www.reinacatolica.org\/portada.aspx<\/p>\n<p>Fernando el Cat\u00f3lico<\/p>\n<p>http:\/\/images.google.es\/images?hl=es&amp;safe=off&amp;client=firefox-a&amp;rls=org.mozilla:es-ES:official&amp;hs=GtS&amp;num=100&amp;q=fernando%20el%20cat%C3%B3lico&amp;um=1&amp;ie=UTF-8&amp;sa=N&amp;tab=wi  http:\/\/es.wikipedia.org\/wiki\/Fernando_II_de_Arag%C3%B3n  http:\/\/www.artehistoria.jcyl.es\/historia\/personajes\/5751.htm  http:\/\/www.arteguias.com\/biografia\/fernandoelcatolico.htm<\/p>\n<p>BIBLIOGRAF\u00cdA<\/p>\n<ul>\n<li><a title=\"Joseph P\u00e9rez\" href=\"http:\/\/es.wikipedia.org\/wiki\/Joseph_P%C3%A9rez\">P\u00e9rez, Joseph<\/a>.\u00a0<em>La Espa\u00f1a de los Reyes Cat\u00f3licos<\/em>. Madrid: Nerea, 2002.\u00a0<a href=\"http:\/\/es.wikipedia.org\/wiki\/Especial:FuentesDeLibros\/9788489569126\">ISBN 978-84-89569-12-6<\/a>.<\/li>\n<li><span style=\"color: #000000\"><a title=\"Ernest Belenguer\" href=\"http:\/\/es.wikipedia.org\/wiki\/Ernest_Belenguer\">Belenguer, Ernest<\/a>.\u00a0<em>Fernando el Cat\u00f3lico<\/em>. Barcelona: Pen\u00ednsula, 1999.\u00a0<a href=\"http:\/\/es.wikipedia.org\/wiki\/Especial:FuentesDeLibros\/9788483071830\">ISBN 978-84-8307-183-0<\/a>.<\/span><\/li>\n<li><span style=\"color: #000000\"><a title=\"Manuel Fern\u00e1ndez \u00c1lvarez\" href=\"http:\/\/es.wikipedia.org\/wiki\/Manuel_Fern%C3%A1ndez_%C3%81lvarez\">Fern\u00e1ndez \u00c1lvarez, Manuel<\/a>.\u00a0<em>Isabel la Cat\u00f3lica<\/em>. Madrid: Espasa-Calpe, 2003.\u00a0<a href=\"http:\/\/es.wikipedia.org\/wiki\/Especial:FuentesDeLibros\/9788467012606\">ISBN 978-84-670-1260-6<\/a>.<\/span><\/li>\n<li><span style=\"color: #000000\">Edwards, John.\u00a0<em>Isabel la Cat\u00f3lica, edad y fama<\/em>. Madrid: Marcial Pons, 2004.\u00a0<a href=\"http:\/\/es.wikipedia.org\/wiki\/Especial:FuentesDeLibros\/9788495379924\">ISBN 978-84-95379-92-4<\/a>.<\/span><\/li>\n<li><span style=\"color: #000000\">La serie de libros de\u00a0<a title=\"Luis Su\u00e1rez Fern\u00e1ndez\" href=\"http:\/\/es.wikipedia.org\/wiki\/Luis_Su%C3%A1rez_Fern%C3%A1ndez\">Su\u00e1rez Fern\u00e1ndez, Luis<\/a>, dedicados a distintos aspectos del reinado de los Reyes Cat\u00f3licos, como:<\/span>\n<ul>\n<li><span style=\"color: #000000\"><em>Los Reyes Cat\u00f3licos: la conquista del trono<\/em>. Madrid: Rialp, 1989.\u00a0<a href=\"http:\/\/es.wikipedia.org\/wiki\/Especial:FuentesDeLibros\/8432124761\">ISBN 84-321-2476-1<\/a>. \u00abLa llegada al trono\u00bb<\/span><\/li>\n<li><span style=\"color: #000000\"><em>Los Reyes Cat\u00f3licos: el tiempo de la Guerra de Granada<\/em>. Madrid: Rialp, 1989.\u00a0<a href=\"http:\/\/es.wikipedia.org\/wiki\/Especial:FuentesDeLibros\/8432125601\">ISBN 84-321-2560-1<\/a>. \u00abLa conquista de Granada\u00bb<\/span><\/li>\n<li><span style=\"color: #000000\"><em>Los Reyes Cat\u00f3licos: la expansi\u00f3n de la fe<\/em>. Madrid: Rialp, 1990.\u00a0<a href=\"http:\/\/es.wikipedia.org\/wiki\/Especial:FuentesDeLibros\/8432125857\">ISBN 84-321-2585-7<\/a>. \u00abLos Reyes Cat\u00f3licos y la fe\u00bb<\/span><\/li>\n<li><span style=\"color: #000000\"><em>Los Reyes Cat\u00f3licos. El camino hacia Europa<\/em>. Madrid: Rialp, 1990.\u00a0<a href=\"http:\/\/es.wikipedia.org\/wiki\/Especial:FuentesDeLibros\/9788432125898\">ISBN 978-84-321-2589-8<\/a>. \u00abLos Reyes Cat\u00f3licos y la pol\u00edtica exterior\u00bb.<\/span><\/li>\n<\/ul>\n<\/li>\n<\/ul>\n","protected":false},"excerpt":{"rendered":"<p>Aqu\u00ed os dejo alguno de los materiales que he utilizado para realizar este blog. Espero que a vosotros tambi\u00e9n os sirvan en el futuro. WEBGRAF\u00cdA Isabel la Cat\u00f3lica http:\/\/images.google.es\/images?q=Isabel+la+Cat%C3%B3lica&amp;oe=utf-8&amp;rls=org.mozilla:es-ES:official&amp;client=firefox-a&amp;um=1&amp;ie=UTF-8&amp;ei=6Sm6SprSMs_KjAfD6M30BQ&amp;sa=X&amp;oi=image_result_group&amp;ct=title&amp;resnum=5 http:\/\/www.cervantesvirtual.com\/portal\/isabel_I\/index.jsp http:\/\/www.cervantesvirtual.com\/portal\/isabel_I\/include\/pisabel_biografia.jsp?nomportal=isabel_I http:\/\/es.wikipedia.org\/wiki\/Isabel_I_de_Castilla http:\/\/www.artehistoria.jcyl.es\/historia\/personajes\/5750.htm http:\/\/www.biografiasyvidas.com\/biografia\/i\/isabel_i_catolica.htm http:\/\/www.reinacatolica.org\/portada.aspx Fernando el Cat\u00f3lico http:\/\/images.google.es\/images?hl=es&amp;safe=off&amp;client=firefox-a&amp;rls=org.mozilla:es-ES:official&amp;hs=GtS&amp;num=100&amp;q=fernando%20el%20cat%C3%B3lico&amp;um=1&amp;ie=UTF-8&amp;sa=N&amp;tab=wi http:\/\/es.wikipedia.org\/wiki\/Fernando_II_de_Arag%C3%B3n http:\/\/www.artehistoria.jcyl.es\/historia\/personajes\/5751.htm http:\/\/www.arteguias.com\/biografia\/fernandoelcatolico.htm BIBLIOGRAF\u00cdA P\u00e9rez, Joseph.\u00a0La Espa\u00f1a de los Reyes Cat\u00f3licos. Madrid: Nerea, 2002.\u00a0ISBN 978-84-89569-12-6. Belenguer, [&hellip;]<\/p>\n","protected":false},"author":1877,"featured_media":0,"parent":0,"menu_order":0,"comment_status":"open","ping_status":"open","template":"","meta":{"footnotes":""},"class_list":["post-79","page","type-page","status-publish","hentry"],"_links":{"self":[{"href":"https:\/\/blogs.ua.es\/loshijosdelosreyescatolicos\/wp-json\/wp\/v2\/pages\/79","targetHints":{"allow":["GET"]}}],"collection":[{"href":"https:\/\/blogs.ua.es\/loshijosdelosreyescatolicos\/wp-json\/wp\/v2\/pages"}],"about":[{"href":"https:\/\/blogs.ua.es\/loshijosdelosreyescatolicos\/wp-json\/wp\/v2\/types\/page"}],"author":[{"embeddable":true,"href":"https:\/\/blogs.ua.es\/loshijosdelosreyescatolicos\/wp-json\/wp\/v2\/users\/1877"}],"replies":[{"embeddable":true,"href":"https:\/\/blogs.ua.es\/loshijosdelosreyescatolicos\/wp-json\/wp\/v2\/comments?post=79"}],"version-history":[{"count":6,"href":"https:\/\/blogs.ua.es\/loshijosdelosreyescatolicos\/wp-json\/wp\/v2\/pages\/79\/revisions"}],"predecessor-version":[{"id":173,"href":"https:\/\/blogs.ua.es\/loshijosdelosreyescatolicos\/wp-json\/wp\/v2\/pages\/79\/revisions\/173"}],"wp:attachment":[{"href":"https:\/\/blogs.ua.es\/loshijosdelosreyescatolicos\/wp-json\/wp\/v2\/media?parent=79"}],"curies":[{"name":"wp","href":"https:\/\/api.w.org\/{rel}","templated":true}]}}