{"id":52,"date":"2012-01-13T22:05:27","date_gmt":"2012-01-13T22:05:27","guid":{"rendered":"https:\/\/blogs.ua.es\/losmayas\/?page_id=52"},"modified":"2012-01-17T17:30:47","modified_gmt":"2012-01-17T17:30:47","slug":"introduccion","status":"publish","type":"page","link":"https:\/\/blogs.ua.es\/losmayas\/introduccion\/","title":{"rendered":"Introducci\u00f3n general"},"content":{"rendered":"<p><span style=\"color: #999999\"> <span style=\"font-family: Helvetica, sans-serif\"><span style=\"font-size: small\">La <\/span><\/span><span style=\"font-family: Helvetica, sans-serif\"><span style=\"font-size: small\"><strong>civilizaci\u00f3n maya<\/strong><\/span><\/span><span style=\"font-family: Helvetica, sans-serif\"><span style=\"font-size: small\"> habit\u00f3 una vasta regi\u00f3n denominada Mesoam\u00e9rica<\/span><\/span><span style=\"font-family: Helvetica, sans-serif\"><span style=\"font-size: small\">, en el territorio hoy comprendido por cinco estados del sureste de M\u00e9xico<\/span><\/span><span style=\"font-family: Helvetica, sans-serif\"><span style=\"font-size: small\">\u00a0que son, Campeche<\/span><\/span><span style=\"font-family: Helvetica, sans-serif\"><span style=\"font-size: small\">, Chiapas, Quintana Roo, Tabasco y Yucat\u00e1n;<\/span><\/span><span style=\"font-family: Helvetica, sans-serif\"><span style=\"font-size: small\">\u00a0y en Am\u00e9rica Central<\/span><\/span><span style=\"font-family: Helvetica, sans-serif\"><span style=\"font-size: small\">, en los territorios actuales de Belice, Guatemala, Honduras, y El Salvador<\/span><\/span><span style=\"font-family: Helvetica, sans-serif\"><span style=\"font-size: small\">, con una historia<\/span><\/span><span style=\"font-family: Helvetica, sans-serif\"><span style=\"font-size: small\">\u00a0de aproximadamente 3.000 a\u00f1os.<\/span><\/span><\/span><\/p>\n<p><span style=\"color: #999999\"><span style=\"font-family: Helvetica, sans-serif\"><span style=\"font-size: small\">Los mayas hicieron grandes e impresionantes construcciones desde el Precl\u00e1sico medio y grandes ciudades como Nakb\u00e9, El Mirador, San Bartolo, Cival,\u00a0<\/span><\/span><span style=\"font-family: Helvetica, sans-serif\"><span style=\"font-size: small\">localizadas en la Cuenca del Mirador<\/span><\/span><span style=\"font-family: Helvetica, sans-serif\"><span style=\"font-size: small\">, en el norte del Pet\u00e9n,<\/span><\/span><span style=\"font-family: Helvetica, sans-serif\"><span style=\"font-size: small\">\u00a0y durante el Cl\u00e1sico, las conocidas ciudades\u00a0<\/span><\/span><span style=\"font-family: Helvetica, sans-serif\"><span style=\"font-size: small\">de Tikal, Quirigu\u00e1<\/span><\/span><span style=\"font-family: Helvetica, sans-serif\"><span style=\"font-size: small\">,Palenque, Cop\u00e1n, R\u00edo Azul, Calakmul, Comalcado<\/span><\/span><span style=\"font-family: Helvetica, sans-serif\"><span style=\"font-size: small\">\u00a0<\/span><\/span><span style=\"font-family: Helvetica, sans-serif\"><span style=\"font-size: small\">y muchos otros sitios en el \u00e1rea. Se puede clasificar como un imperio, pero no se sabe si al momento de colonizar impusieron su cultura o si fue un fruto de su organizaci\u00f3n en ciudades-estado\u00a0<\/span><\/span><span style=\"font-family: Helvetica, sans-serif\"><span style=\"font-size: small\">independientes cuya base eran la agricultura y el comercio<\/span><\/span><span style=\"font-family: Helvetica, sans-serif\"><span style=\"font-size: small\">. Los monumentos m\u00e1s notables son las pir\u00e1mides<\/span><\/span><span style=\"font-family: Helvetica, sans-serif\"><span style=\"font-size: small\">\u00a0que construyeron en sus centros religiosos,<\/span><\/span><span style=\"font-family: Helvetica, sans-serif\"><span style=\"font-size: small\">\u00a0junto a los palacios de sus gobernantes y los palacios, lugares de gobierno y residencia de los nobles, siendo el mayor encontrado hasta ahora el de Cancu\u00e9n<\/span><\/span><span style=\"font-family: Helvetica, sans-serif\"><span style=\"font-size: small\">, en el sur del Pet\u00e9n<\/span><\/span><span style=\"font-family: Helvetica, sans-serif\"><span style=\"font-size: small\">, muchas de cuyas estructuras estaban decoradas con pinturas murales y adornos de estuco<\/span><\/span><span style=\"font-family: Helvetica, sans-serif\"><span style=\"font-size: small\">. Otros restos arque\u00f3licos\u00a0<\/span><\/span><span style=\"font-family: Helvetica, sans-serif\"><span style=\"font-size: small\">importantes incluyen las losas de piedra<\/span><\/span><span style=\"font-family: Helvetica, sans-serif\"><span style=\"font-size: small\">\u00a0tallada usualmente llamadas estelas<\/span><\/span><span style=\"font-family: Helvetica, sans-serif\"><span style=\"font-size: small\">\u00a0(los mayas las llamaban <\/span><\/span><span style=\"font-family: Helvetica, sans-serif\"><span style=\"font-size: small\"><em>Tet\u00fan<\/em><\/span><\/span><span style=\"font-family: Helvetica, sans-serif\"><span style=\"font-size: small\">, o \u201ctres piedras\u201d), que describen a los gobernantes junto a textos logogr\u00e1ficos<\/span><\/span><span style=\"font-family: Helvetica, sans-serif\"><span style=\"font-size: small\">\u00a0que describen sus genealog\u00edas<\/span><\/span><span style=\"font-family: Helvetica, sans-serif\"><span style=\"font-size: small\">, victorias militares, y otros logros. La cer\u00e1mica maya est\u00e1 catalogada como de las m\u00e1s variadas, finas y elaboradas del mundo antiguo.<\/span><\/span><\/span><\/p>\n<p><span style=\"color: #999999\"><span style=\"font-family: Helvetica, sans-serif\"><span style=\"font-size: small\">Los mayas participaban en el comercio\u00a0<\/span><\/span><span style=\"font-family: Helvetica, sans-serif\"><span style=\"font-size: small\">a larga distancia en Mesoam\u00e9rica<\/span><\/span><span style=\"font-family: Helvetica, sans-serif\"><span style=\"font-size: small\">, y posiblemente m\u00e1s all\u00e1. Entre los bienes de comercio estaban el jade<\/span><\/span><span style=\"font-family: Helvetica, sans-serif\"><span style=\"font-size: small\">, el cacao<\/span><\/span><span style=\"font-family: Helvetica, sans-serif\"><span style=\"font-size: small\">, el ma\u00edz<\/span><\/span><span style=\"font-family: Helvetica, sans-serif\"><span style=\"font-size: small\">, la sal<\/span><\/span><span style=\"font-family: Helvetica, sans-serif\"><span style=\"font-size: small\">\u00a0y la obsidiana<\/span><\/span><span style=\"font-family: Helvetica, sans-serif\"><span style=\"font-size: small\">.<a href=\"https:\/\/blogs.ua.es\/losmayas\/files\/2012\/01\/images-2.jpeg\"><img loading=\"lazy\" decoding=\"async\" class=\"aligncenter size-full wp-image-80\" src=\"https:\/\/blogs.ua.es\/losmayas\/files\/2012\/01\/images-2.jpeg\" alt=\"\" width=\"225\" height=\"225\" srcset=\"https:\/\/blogs.ua.es\/losmayas\/files\/2012\/01\/images-2.jpeg 225w, https:\/\/blogs.ua.es\/losmayas\/files\/2012\/01\/images-2-150x150.jpg 150w\" sizes=\"auto, (max-width: 225px) 100vw, 225px\" \/><\/a><\/span><\/span><\/span><\/p>\n","protected":false},"excerpt":{"rendered":"<p>La civilizaci\u00f3n maya habit\u00f3 una vasta regi\u00f3n denominada Mesoam\u00e9rica, en el territorio hoy comprendido por cinco estados del sureste de M\u00e9xico\u00a0que son, Campeche, Chiapas, Quintana Roo, Tabasco y Yucat\u00e1n;\u00a0y en Am\u00e9rica Central, en los territorios actuales de Belice, Guatemala, Honduras, y El Salvador, con una historia\u00a0de aproximadamente 3.000 a\u00f1os. Los mayas hicieron grandes e impresionantes [&hellip;]<\/p>\n","protected":false},"author":2204,"featured_media":0,"parent":0,"menu_order":0,"comment_status":"open","ping_status":"open","template":"","meta":{"footnotes":""},"class_list":["post-52","page","type-page","status-publish","hentry"],"_links":{"self":[{"href":"https:\/\/blogs.ua.es\/losmayas\/wp-json\/wp\/v2\/pages\/52","targetHints":{"allow":["GET"]}}],"collection":[{"href":"https:\/\/blogs.ua.es\/losmayas\/wp-json\/wp\/v2\/pages"}],"about":[{"href":"https:\/\/blogs.ua.es\/losmayas\/wp-json\/wp\/v2\/types\/page"}],"author":[{"embeddable":true,"href":"https:\/\/blogs.ua.es\/losmayas\/wp-json\/wp\/v2\/users\/2204"}],"replies":[{"embeddable":true,"href":"https:\/\/blogs.ua.es\/losmayas\/wp-json\/wp\/v2\/comments?post=52"}],"version-history":[{"count":6,"href":"https:\/\/blogs.ua.es\/losmayas\/wp-json\/wp\/v2\/pages\/52\/revisions"}],"predecessor-version":[{"id":113,"href":"https:\/\/blogs.ua.es\/losmayas\/wp-json\/wp\/v2\/pages\/52\/revisions\/113"}],"wp:attachment":[{"href":"https:\/\/blogs.ua.es\/losmayas\/wp-json\/wp\/v2\/media?parent=52"}],"curies":[{"name":"wp","href":"https:\/\/api.w.org\/{rel}","templated":true}]}}