{"id":105,"date":"2011-12-23T12:42:30","date_gmt":"2011-12-23T12:42:30","guid":{"rendered":"https:\/\/blogs.ua.es\/losmayasani\/?page_id=105"},"modified":"2011-12-23T12:42:30","modified_gmt":"2011-12-23T12:42:30","slug":"instruccion-general","status":"publish","type":"page","link":"https:\/\/blogs.ua.es\/losmayasani\/instruccion-general\/","title":{"rendered":"Instrucci\u00f3n General"},"content":{"rendered":"<p>En el blog, voy a presentar algunas cosas sobre los mayas. Sobre todo, tenemos que conocer los diferentes per\u00edodos de los mayas. Ellos son el per\u00edodo protocl\u00e1sico, el per\u00edodo cl\u00e1sico temprano, el per\u00edodo cl\u00e1sico tard\u00edo, el per\u00edodo Poscl\u00e1sico temprano. En diferente per\u00edodo, la caracter\u00edstica de la cultura es distinta. El descubrimiento y difusi\u00f3n de la cultura maya para el mundo occidental se ha considerado de manera tradicional un fen\u00f3meno anglosaj\u00f3n. Fundamentos recientes de car\u00e1cter geogr\u00e1fico, econ\u00f3mico y, en un sentido amplio de la palabra, hist\u00f3rico han confluido sobre las tierras bajas de sur de M\u00e9xico y norte de la Am\u00e9rica central, determinando una clara supremac\u00eda de investigadores estadounidenses en la regi\u00f3n. Sin embargo, la curiosidad no tiene fronteras ni entiende de nacionalidades, y personalidades de muy diversa \u00edndole y condici\u00f3n han contribuido en la construcci\u00f3n del pasado de esta avanzada y compleja cultura. Las pinturas de los mayas son muy significadas y misteriosas. Vamos a sacar unos ejemplos para saborear desde las artes distintas.<\/p>\n","protected":false},"excerpt":{"rendered":"<p>En el blog, voy a presentar algunas cosas sobre los mayas. Sobre todo, tenemos que conocer los diferentes per\u00edodos de los mayas. Ellos son el per\u00edodo protocl\u00e1sico, el per\u00edodo cl\u00e1sico temprano, el per\u00edodo cl\u00e1sico tard\u00edo, el per\u00edodo Poscl\u00e1sico temprano. En diferente per\u00edodo, la caracter\u00edstica de la cultura es distinta. El descubrimiento y difusi\u00f3n de la [&hellip;]<\/p>\n","protected":false},"author":2242,"featured_media":0,"parent":0,"menu_order":0,"comment_status":"open","ping_status":"open","template":"","meta":{"footnotes":""},"class_list":["post-105","page","type-page","status-publish","hentry"],"_links":{"self":[{"href":"https:\/\/blogs.ua.es\/losmayasani\/wp-json\/wp\/v2\/pages\/105","targetHints":{"allow":["GET"]}}],"collection":[{"href":"https:\/\/blogs.ua.es\/losmayasani\/wp-json\/wp\/v2\/pages"}],"about":[{"href":"https:\/\/blogs.ua.es\/losmayasani\/wp-json\/wp\/v2\/types\/page"}],"author":[{"embeddable":true,"href":"https:\/\/blogs.ua.es\/losmayasani\/wp-json\/wp\/v2\/users\/2242"}],"replies":[{"embeddable":true,"href":"https:\/\/blogs.ua.es\/losmayasani\/wp-json\/wp\/v2\/comments?post=105"}],"version-history":[{"count":1,"href":"https:\/\/blogs.ua.es\/losmayasani\/wp-json\/wp\/v2\/pages\/105\/revisions"}],"predecessor-version":[{"id":106,"href":"https:\/\/blogs.ua.es\/losmayasani\/wp-json\/wp\/v2\/pages\/105\/revisions\/106"}],"wp:attachment":[{"href":"https:\/\/blogs.ua.es\/losmayasani\/wp-json\/wp\/v2\/media?parent=105"}],"curies":[{"name":"wp","href":"https:\/\/api.w.org\/{rel}","templated":true}]}}