{"id":110,"date":"2012-01-06T13:25:20","date_gmt":"2012-01-06T13:25:20","guid":{"rendered":"https:\/\/blogs.ua.es\/losmayasani\/?page_id=110"},"modified":"2012-01-06T13:25:20","modified_gmt":"2012-01-06T13:25:20","slug":"contextos-de-los-mayas","status":"publish","type":"page","link":"https:\/\/blogs.ua.es\/losmayasani\/contextos-de-los-mayas\/","title":{"rendered":"Contextos de los mayas"},"content":{"rendered":"<p>He descubierto estos art\u00edculos en el libro titulado <em>los mayas el esplendor de una civilizaci\u00f3n. En el libro hay 5 cap\u00edtulos. El primer cap\u00edtulo es La historia de la investigaci\u00f3n en el \u00a0\u00e1rea maya. Desde esta parte, he conocido las investigaciones misteriosos de la civilizaci\u00f3n maya,\u00a0<\/em><\/p>\n<p><em><br \/>\n<\/em><\/p>\n<p><em><a href=\"https:\/\/blogs.ua.es\/losmayasani\/files\/2012\/01\/Xpuhil.jpg\"><img loading=\"lazy\" decoding=\"async\" class=\"alignright size-full wp-image-111\" style=\"border-style: initial;border-color: initial;float: right;border-width: 0px\" src=\"https:\/\/blogs.ua.es\/losmayasani\/files\/2012\/01\/Xpuhil.jpg\" alt=\"\" width=\"600\" height=\"435\" srcset=\"https:\/\/blogs.ua.es\/losmayasani\/files\/2012\/01\/Xpuhil.jpg 600w, https:\/\/blogs.ua.es\/losmayasani\/files\/2012\/01\/Xpuhil-300x217.jpg 300w\" sizes=\"auto, (max-width: 600px) 100vw, 600px\" \/><\/a><\/em><\/p>\n<p><em>especialmente los instituciones y museos. La etapa se define por la retirada de estudiosos que sufragan sus propios trabajos y por el monopolio en la investigaci\u00f3n de las grandes instituciones, lo que redunda en un avance en la estrategia de trabajo y en la formulaci\u00f3n de modelos explicativos del desarrollo socio-cultura de los mayas.<\/em><\/p>\n<p>El segundo cap\u00edtulo es Medio ambiente e historia del territorio.En los tiempos que vivimos es frecuente ver este tipo de encabeza a la hora de introducir a un lector no especializado en el conocimiento de una cultura tan atractiva como mitificada, la cultura maya. Voy a presentar estas cosa sobre el cap\u00edtulo con detalles \u00a0despu\u00e9s.<\/p>\n<p>El tercer cap\u00edtulo es Los sistemas mayas de subsistencia y patr\u00f3n de asentamiento, \u00a0pasado y futuro.<\/p>\n<p>El cuarto es Estructura social en la evoluci\u00f3n de los estados pol\u00edticos de mesoam\u00e9rica.<\/p>\n","protected":false},"excerpt":{"rendered":"<p>He descubierto estos art\u00edculos en el libro titulado los mayas el esplendor de una civilizaci\u00f3n. En el libro hay 5 cap\u00edtulos. El primer cap\u00edtulo es La historia de la investigaci\u00f3n en el \u00a0\u00e1rea maya. Desde esta parte, he conocido las investigaciones misteriosos de la civilizaci\u00f3n maya,\u00a0 especialmente los instituciones y museos. La etapa se define [&hellip;]<\/p>\n","protected":false},"author":2242,"featured_media":0,"parent":0,"menu_order":0,"comment_status":"open","ping_status":"open","template":"","meta":{"footnotes":""},"class_list":["post-110","page","type-page","status-publish","hentry"],"_links":{"self":[{"href":"https:\/\/blogs.ua.es\/losmayasani\/wp-json\/wp\/v2\/pages\/110","targetHints":{"allow":["GET"]}}],"collection":[{"href":"https:\/\/blogs.ua.es\/losmayasani\/wp-json\/wp\/v2\/pages"}],"about":[{"href":"https:\/\/blogs.ua.es\/losmayasani\/wp-json\/wp\/v2\/types\/page"}],"author":[{"embeddable":true,"href":"https:\/\/blogs.ua.es\/losmayasani\/wp-json\/wp\/v2\/users\/2242"}],"replies":[{"embeddable":true,"href":"https:\/\/blogs.ua.es\/losmayasani\/wp-json\/wp\/v2\/comments?post=110"}],"version-history":[{"count":1,"href":"https:\/\/blogs.ua.es\/losmayasani\/wp-json\/wp\/v2\/pages\/110\/revisions"}],"predecessor-version":[{"id":115,"href":"https:\/\/blogs.ua.es\/losmayasani\/wp-json\/wp\/v2\/pages\/110\/revisions\/115"}],"wp:attachment":[{"href":"https:\/\/blogs.ua.es\/losmayasani\/wp-json\/wp\/v2\/media?parent=110"}],"curies":[{"name":"wp","href":"https:\/\/api.w.org\/{rel}","templated":true}]}}