{"id":116,"date":"2012-01-06T14:27:37","date_gmt":"2012-01-06T14:27:37","guid":{"rendered":"https:\/\/blogs.ua.es\/losmayasani\/?page_id=116"},"modified":"2012-01-06T14:27:37","modified_gmt":"2012-01-06T14:27:37","slug":"la-sociedad-maya","status":"publish","type":"page","link":"https:\/\/blogs.ua.es\/losmayasani\/la-sociedad-maya\/","title":{"rendered":"La sociedad maya"},"content":{"rendered":"<p>Desde los primeros a\u00f1os de la may\u00edstoca hasta nuestros d\u00edas, el conocimiento de lo que fue la sociedad maya en el tiempo del apogeo del Per\u00edodo Cl\u00e1sico ha experimentado un progreso considerable. As\u00ed, las hip\u00f3tesis iniciales meramente conjeturales que dibujaron un sistema social regido por Pac\u00edficos gobernantes que ocupaban su existencia en la astronom\u00eda y en el c\u00e1lculo matem\u00e1tico han cedido paso&#8211;gracias a las aporaciones de la arqueolog\u00eda, que ha prestado una especial atenci\u00f3n a la demograf\u00eda y a los patrones de asentamiento, la epigraf\u00eda, que ha ido revelando un mundo de complicadas relaciones socio-pol\u00edticaw, y la iconograf\u00eda , que ha dado una interpretaci\u00f3n m\u00e1s acertada de las escenas y motivos representados en los monumentos y objetos art\u00edsticos-a la nueva visi\u00f3n, a\u00fan incompleta, pero m\u00e1s real y fundamentada, de una sociedad estratificada y compleja.<\/p>\n<p>Ocupando los escalones m\u00e1s alto de la pir\u00e1mide social nos encontramos. La mujer de los linajes dirigentes ocup\u00f3 ciertamente un papel muy importante en la pol\u00edtica de la \u00e9poca. El matrimonio fue una de las formas de alianza entre las ciudades y de absorci\u00f3n de unas por otras. Pod\u00eda reinar si la sucesi\u00f3n reca\u00eda en ella y transmitir el poder a sus hijos o a su marido, apareciendo siempre como pieza clave en el sistema de legitimizaci\u00f3n de los gobernantes. Como ellos, lleg\u00f3 a ostentar en las inscripciones dos de los m\u00e1s altos t\u00edtulos.<\/p>\n<p>La base de la sociedad estaba integrada por el campesinado, que era quien llevaba el peso de la producci\u00f3n, el mantenimiento del Estado, y quien aportaba la mano de obra necesario para la construcci\u00f3n de los centros c\u00edvico-ceremoniales.<\/p>\n","protected":false},"excerpt":{"rendered":"<p>Desde los primeros a\u00f1os de la may\u00edstoca hasta nuestros d\u00edas, el conocimiento de lo que fue la sociedad maya en el tiempo del apogeo del Per\u00edodo Cl\u00e1sico ha experimentado un progreso considerable. As\u00ed, las hip\u00f3tesis iniciales meramente conjeturales que dibujaron un sistema social regido por Pac\u00edficos gobernantes que ocupaban su existencia en la astronom\u00eda y [&hellip;]<\/p>\n","protected":false},"author":2242,"featured_media":0,"parent":0,"menu_order":0,"comment_status":"open","ping_status":"open","template":"","meta":{"footnotes":""},"class_list":["post-116","page","type-page","status-publish","hentry"],"_links":{"self":[{"href":"https:\/\/blogs.ua.es\/losmayasani\/wp-json\/wp\/v2\/pages\/116","targetHints":{"allow":["GET"]}}],"collection":[{"href":"https:\/\/blogs.ua.es\/losmayasani\/wp-json\/wp\/v2\/pages"}],"about":[{"href":"https:\/\/blogs.ua.es\/losmayasani\/wp-json\/wp\/v2\/types\/page"}],"author":[{"embeddable":true,"href":"https:\/\/blogs.ua.es\/losmayasani\/wp-json\/wp\/v2\/users\/2242"}],"replies":[{"embeddable":true,"href":"https:\/\/blogs.ua.es\/losmayasani\/wp-json\/wp\/v2\/comments?post=116"}],"version-history":[{"count":1,"href":"https:\/\/blogs.ua.es\/losmayasani\/wp-json\/wp\/v2\/pages\/116\/revisions"}],"predecessor-version":[{"id":117,"href":"https:\/\/blogs.ua.es\/losmayasani\/wp-json\/wp\/v2\/pages\/116\/revisions\/117"}],"wp:attachment":[{"href":"https:\/\/blogs.ua.es\/losmayasani\/wp-json\/wp\/v2\/media?parent=116"}],"curies":[{"name":"wp","href":"https:\/\/api.w.org\/{rel}","templated":true}]}}