{"id":5,"date":"2011-10-18T13:36:59","date_gmt":"2011-10-18T13:36:59","guid":{"rendered":"https:\/\/blogs.ua.es\/losmayasani\/?page_id=5"},"modified":"2011-12-23T12:41:37","modified_gmt":"2011-12-23T12:41:37","slug":"introduccion","status":"publish","type":"page","link":"https:\/\/blogs.ua.es\/losmayasani\/introduccion\/","title":{"rendered":"Biograf\u00eda"},"content":{"rendered":"<p>Hola, todos. Mi nombre es Li Yuxian. Cuando era ni\u00f1a, ten\u00eda muchas ganas de conocer los misterios del mundo. Pero, en aquel momento, no sab\u00eda nada sobre los mayas, los aztecas ni los incaicas . Recuerdo que todas las noches, antes de acostarme, mi madre siempre me contaba cuentos. Y todos los cuentos eran leyendas o algo as\u00ed. Por ejemplo, hay una leyenda china famosa que refiere al origen del mundo. Dicen que en el mundo antiguo, no hab\u00eda el Cielo ni la Tierra. Y todo el mundo no ten\u00eda nada como un huevo negro y vac\u00edo. Pero, dentro del huevo, viv\u00eda un hombre llamado Pangu quien siempre dorm\u00eda all\u00ed durante 18000 a\u00f1os. Un d\u00eda , de repente, se levant\u00f3. Cuando \u00e9l se abri\u00f3 los ojos, observ\u00f3 que estaba oscuro alterador . Empez\u00f3 a sentir miedo. Por eso , tom\u00f3 una hacha gigante cortando por adelante. Entonces apareci\u00f3 un mundo nuevo. Pangu estaba muy ocupado de construir el mundo nuevo todos los d\u00edas. Por \u00faltimo, Pangu no pude seguir sosteniendo el Cielo y la Tierra y muri\u00f3. \u00a0Al punto de muerte, su cuerpo cambi\u00f3 totalmente. Su aliento se ha cambiado de el viento y la nube, su ojo izquierdo ha cambiado el Sol, y el derecho, la Luna.\u00a0 El cuerpo ha cambiado las monta\u00f1as y la Tierra. Y adem\u00e1s sus pelos han cambiado las estrellas. Sus dientes y sus huesos han cambiado las rocas .\u00a0 Su sangre tambi\u00e9n ha hecho los lagos, etc\u2026<\/p>\n<div id='gallery-1' class='gallery galleryid-5 gallery-columns-1 gallery-size-thumbnail'><figure class='gallery-item'>\n\t\t\t<div class='gallery-icon landscape'>\n\t\t\t\t<a href='https:\/\/blogs.ua.es\/losmayasani\/introduccion\/img_0378\/'><img loading=\"lazy\" decoding=\"async\" width=\"150\" height=\"150\" src=\"https:\/\/blogs.ua.es\/losmayasani\/files\/2011\/10\/IMG_0378-150x150.jpg\" class=\"attachment-thumbnail size-thumbnail\" alt=\"\" \/><\/a>\n\t\t\t<\/div><\/figure><figure class='gallery-item'>\n\t\t\t<div class='gallery-icon landscape'>\n\t\t\t\t<a href='https:\/\/blogs.ua.es\/losmayasani\/introduccion\/img_0512\/'><img loading=\"lazy\" decoding=\"async\" width=\"150\" height=\"150\" src=\"https:\/\/blogs.ua.es\/losmayasani\/files\/2011\/10\/IMG_0512-150x150.jpg\" class=\"attachment-thumbnail size-thumbnail\" alt=\"\" \/><\/a>\n\t\t\t<\/div><\/figure>\n\t\t<\/div>\n\n<p>Bueno , esta leyenda me encanta mucho, y yo quiero conocer muchas m\u00e1s leyendas mundiales. Despu\u00e9s un tiempo, llegu\u00e9 al bachillerato , iba conociendo los mayas poco a poco y me interesaba por las culturas mayas. Entonces, aqu\u00ed quiero poner algunas cosas en mi blog .<\/p>\n<p>&nbsp;<\/p>\n","protected":false},"excerpt":{"rendered":"<p>Hola, todos. Mi nombre es Li Yuxian. Cuando era ni\u00f1a, ten\u00eda muchas ganas de conocer los misterios del mundo. Pero, en aquel momento, no sab\u00eda nada sobre los mayas, los aztecas ni los incaicas . Recuerdo que todas las noches, antes de acostarme, mi madre siempre me contaba cuentos. Y todos los cuentos eran leyendas [&hellip;]<\/p>\n","protected":false},"author":2242,"featured_media":0,"parent":0,"menu_order":0,"comment_status":"open","ping_status":"open","template":"","meta":{"footnotes":""},"class_list":["post-5","page","type-page","status-publish","hentry"],"_links":{"self":[{"href":"https:\/\/blogs.ua.es\/losmayasani\/wp-json\/wp\/v2\/pages\/5","targetHints":{"allow":["GET"]}}],"collection":[{"href":"https:\/\/blogs.ua.es\/losmayasani\/wp-json\/wp\/v2\/pages"}],"about":[{"href":"https:\/\/blogs.ua.es\/losmayasani\/wp-json\/wp\/v2\/types\/page"}],"author":[{"embeddable":true,"href":"https:\/\/blogs.ua.es\/losmayasani\/wp-json\/wp\/v2\/users\/2242"}],"replies":[{"embeddable":true,"href":"https:\/\/blogs.ua.es\/losmayasani\/wp-json\/wp\/v2\/comments?post=5"}],"version-history":[{"count":11,"href":"https:\/\/blogs.ua.es\/losmayasani\/wp-json\/wp\/v2\/pages\/5\/revisions"}],"predecessor-version":[{"id":11,"href":"https:\/\/blogs.ua.es\/losmayasani\/wp-json\/wp\/v2\/pages\/5\/revisions\/11"}],"wp:attachment":[{"href":"https:\/\/blogs.ua.es\/losmayasani\/wp-json\/wp\/v2\/media?parent=5"}],"curies":[{"name":"wp","href":"https:\/\/api.w.org\/{rel}","templated":true}]}}