{"id":449,"date":"2011-01-16T12:17:17","date_gmt":"2011-01-16T11:17:17","guid":{"rendered":"https:\/\/blogs.ua.es\/lostercios\/"},"modified":"2011-01-16T12:17:17","modified_gmt":"2011-01-16T11:17:17","slug":"referencias-bibliograficas","status":"publish","type":"page","link":"https:\/\/blogs.ua.es\/lostercios\/referencias-bibliograficas\/","title":{"rendered":"Referencias bibliogr\u00e1ficas"},"content":{"rendered":"<p>Cine<\/p>\n<p>La Kermesse Heroica de Jacques Feyder, 1935.<br \/>\nAlatriste de Agust\u00edn D\u00edaz Yanes, 2006.<\/p>\n<p>Literatura<\/p>\n<p>El Sitio de Breda, Pedro Calder\u00f3n de la Barca.<br \/>\nEl Saqueo de Amberes, Atribuida con Pedro Calder\u00f3n de la Barca.<br \/>\nEn Flandes se ha puesto el sol, Eduardo Marquina, 1910.<br \/>\nEl sol de Breda, Arturo P\u00e9rez-Reverte, Alfaguara (Madrid, 2002).<br \/>\nCorsarios de Levante, Arturo P\u00e9rez-Reverte, Alfaguara<br \/>\nEl cautivo, Jes\u00fas S\u00e1nchez Adalid, Ediciones B (Barcelona, 2004).<br \/>\nJaque a la reina, Jos\u00e9 Calvo Poyato, Grijalbo (Barcelona, 2003).<br \/>\nTercios de Flandes, Juan F. Gim\u00e9nez Mart\u00edn, Falcata Ib\u00e9rica (Madrid, 1999, 2001, 2004).<br \/>\nEl castellano de Flandes, Enrique Mart\u00ednez Ruiz, Mart\u00ednez Roca (2007).<br \/>\nHoy no se pondr\u00e1 el sol, Rafael Rico Cabeza, Akr\u00f3n (2009).<br \/>\nLos tercios, Ren\u00e9 Quatrefages, 1983<br \/>\nLa revoluci\u00f3n militar moderna: el crisol espa\u00f1ol, Ren\u00e9 Quatrefages, 1996<br \/>\nEl ej\u00e9rcito de Flandes y el camino espa\u00f1ol, 1567\u20131659, Geoffrey Parker, Alianza (Madrid, 2003).<br \/>\nDe Pav\u00eda a Rocroi. Los Tercios de infanter\u00eda espa\u00f1ola en los siglos XVI y XVII, Julio Albi de la Cuesta, 1999<br \/>\nTercios de Flandes, Juan Gim\u00e9nez Mart\u00edn, 1999<br \/>\nLos Tercios en las Campa\u00f1as del Mediterr\u00e1neo, s. XVI (Italia), Eduardo de Mesa, Almena (Guerreros y Batallas, n\u00ba 4), 2001.<br \/>\nEl mundo hisp\u00e1nico, Elliot, J.H., Cr\u00edtica (Barcelona, 1995).<br \/>\nLos Tercios en las campa\u00f1as del Mediterr\u00e1neo, s. XVI (Norte de \u00c1frica), Eduardo de Mesa, Almena (Guerreros y Batallas, n\u00ba 6), 2002.<br \/>\nN\u00f6rdlingen 1634. Victoria decisiva de los Tercios, Eduardo de Mesa, Almena (Guerreros y Batallas, n\u00ba 9), 2003.<br \/>\nLa batalla de San Quint\u00edn, 1557, Eduardo de Mesa, Almena (Guerreros y Batallas, n\u00ba 15), 2004.<br \/>\nSan Quint\u00edn, Juan Carlos Losada, Aguilar, (Madrid, 2005).<br \/>\nFlandes y la monarqu\u00eda hisp\u00e1nica, 1500\u20131713, Miguel \u00c1ngel Echevarr\u00eda, S\u00edlex, (Madrid, 2000).<br \/>\nGuerra y Sociedad en la Monarqu\u00eda Hisp\u00e1nica. Pol\u00edtica, estrategia y cultura en la Europa Moderna (1500\u20131700), Enrique Garc\u00eda Hern\u00e1n\u2013Davide Maffi, editores. Laberinto, Madrid, 2006. 2 vols.<br \/>\nLa pacificaci\u00f3n de Flandes. Sp\u00ednola y las campa\u00f1as de Frisia (1604-1609), Eduardo De Mesa, Ministerio de Defensa, Madrid, 2009.<br \/>\nTercios de Espa\u00f1a. La infanter\u00eda legandaria Fern\u00e1ndez Mart\u00ednez La\u00ednez y Jos\u00e9 Mar\u00eda de Toca, EDAF, 2006. ISBN 84-414-1847-0<br \/>\nDiscurso sobre la forma de reducir la disciplina militar a mejor y antiguo estado Sancho de Londo\u00f1o<\/p>\n<p>webs y blogs<\/p>\n<p><a title=\"www.mundohistoria.org\/blog\/articulos_web\/los-tercios-flandes\" href=\"http:\/\/www.mundohistoria.org\/blog\/articulos_web\/los-tercios-flandes\">www.mundohistoria.org\/blog\/articulos_web\/los-tercios-flandes<\/a><\/p>\n<p><a title=\"www.elhistoriador.es\/imperioespanoltercios.htm\" href=\"http:\/\/www.elhistoriador.es\/imperioespanoltercios.htm\">www.elhistoriador.es\/imperioespanoltercios.htm<\/a>\u00a0<\/p>\n<p><a title=\"hispanias.blogia.com\/2010\/012802-sobre-los-tercios-espanoles...\" href=\"http:\/\/hispanias.blogia.com\/2010\/012802-sobre-los-tercios-espanoles.php\">hispanias.blogia.com\/2010\/012802-sobre-los-tercios-espanoles&#8230;<\/a><\/p>\n<p><a title=\"sobreestoylootro.blogspot.com\/2009\/08\/los-tercios-espanoles....\" href=\"http:\/\/sobreestoylootro.blogspot.com\/2009\/08\/los-tercios-espanoles.html\">\u00a0sobreestoylootro.blogspot.com\/2009\/08\/los-tercios-espanoles&#8230;.<\/a><\/p>\n<p><a title=\"manueldeleon.wordpress.com\/2009\/09\/19\/los-tercios-espanoles-...\" href=\"http:\/\/manueldeleon.wordpress.com\/2009\/09\/19\/los-tercios-espanoles-y-el-luteranismo\/\">manueldeleon.wordpress.com\/2009\/09\/19\/los-tercios-espanoles-&#8230;<\/a><\/p>\n<p><a title=\"batiburrillo.redliberal.com\/014329.html\" href=\"http:\/\/batiburrillo.redliberal.com\/014329.html\">\u00a0batiburrillo.redliberal.com\/014329.html<\/a><\/p>\n<p><a title=\"historiageneral.com\/2009\/10\/29\/los-tercios-espanoles-en-el-s...\" href=\"http:\/\/historiageneral.com\/2009\/10\/29\/los-tercios-espanoles-en-el-siglo-xvi\/\">historiageneral.com\/2009\/10\/29\/los-tercios-espanoles-en-el-s&#8230;<\/a>\u00a0<\/p>\n<p><a title=\"herenciaespanola.blogspot.com\/2007\/06\/los-tercios-espaoles.h...\" href=\"http:\/\/herenciaespanola.blogspot.com\/2007\/06\/los-tercios-espaoles.html\">herenciaespanola.blogspot.com\/2007\/06\/los-tercios-espaoles.h&#8230;<\/a>\u00a0<\/p>\n<p><a title=\"catt69.obolog.com\/xxv-universo-tercios-espanoles-320164\" href=\"http:\/\/catt69.obolog.com\/xxv-universo-tercios-espanoles-320164\">catt69.obolog.com\/xxv-universo-tercios-espanoles-320164<\/a><\/p>\n","protected":false},"excerpt":{"rendered":"<p>Cine La Kermesse Heroica de Jacques Feyder, 1935. Alatriste de Agust\u00edn D\u00edaz Yanes, 2006. Literatura El Sitio de Breda, Pedro Calder\u00f3n de la Barca. El Saqueo de Amberes, Atribuida con Pedro Calder\u00f3n de la Barca. En Flandes se ha puesto el sol, Eduardo Marquina, 1910. El sol de Breda, Arturo P\u00e9rez-Reverte, Alfaguara (Madrid, 2002). Corsarios [&hellip;]<\/p>\n","protected":false},"author":1857,"featured_media":0,"parent":0,"menu_order":0,"comment_status":"open","ping_status":"open","template":"","meta":{"footnotes":""},"class_list":["post-449","page","type-page","status-publish","hentry"],"_links":{"self":[{"href":"https:\/\/blogs.ua.es\/lostercios\/wp-json\/wp\/v2\/pages\/449","targetHints":{"allow":["GET"]}}],"collection":[{"href":"https:\/\/blogs.ua.es\/lostercios\/wp-json\/wp\/v2\/pages"}],"about":[{"href":"https:\/\/blogs.ua.es\/lostercios\/wp-json\/wp\/v2\/types\/page"}],"author":[{"embeddable":true,"href":"https:\/\/blogs.ua.es\/lostercios\/wp-json\/wp\/v2\/users\/1857"}],"replies":[{"embeddable":true,"href":"https:\/\/blogs.ua.es\/lostercios\/wp-json\/wp\/v2\/comments?post=449"}],"version-history":[{"count":1,"href":"https:\/\/blogs.ua.es\/lostercios\/wp-json\/wp\/v2\/pages\/449\/revisions"}],"predecessor-version":[{"id":450,"href":"https:\/\/blogs.ua.es\/lostercios\/wp-json\/wp\/v2\/pages\/449\/revisions\/450"}],"wp:attachment":[{"href":"https:\/\/blogs.ua.es\/lostercios\/wp-json\/wp\/v2\/media?parent=449"}],"curies":[{"name":"wp","href":"https:\/\/api.w.org\/{rel}","templated":true}]}}