{"id":9,"date":"2012-12-07T15:26:54","date_gmt":"2012-12-07T15:26:54","guid":{"rendered":"https:\/\/blogs.ua.es\/luisgarciaberlanga\/?page_id=9"},"modified":"2012-12-07T15:39:34","modified_gmt":"2012-12-07T15:39:34","slug":"presentacion","status":"publish","type":"page","link":"https:\/\/blogs.ua.es\/luisgarciaberlanga\/presentacion\/","title":{"rendered":"Presentaci\u00f3n"},"content":{"rendered":"<p style=\"text-align: justify\">Soy Francisco Javier, estudiante de historia en la Universidad de Alicante,cursando la asignatura de Fuentes y documentos para la historia.En este blog os escribir\u00e9 sobre Luis Garc\u00eda Berlanga,conocido cineasta espa\u00f1ol.<\/p>\n<p><a href=\"https:\/\/blogs.ua.es\/luisgarciaberlanga\/files\/2012\/12\/logo-ua.png\"><img loading=\"lazy\" decoding=\"async\" class=\"alignleft size-full wp-image-12\" src=\"https:\/\/blogs.ua.es\/luisgarciaberlanga\/files\/2012\/12\/logo-ua.png\" alt=\"Universidad de Alicante\" width=\"263\" height=\"45\" \/><\/a><\/p>\n","protected":false},"excerpt":{"rendered":"<p>Soy Francisco Javier, estudiante de historia en la Universidad de Alicante,cursando la asignatura de Fuentes y documentos para la historia.En este blog os escribir\u00e9 sobre Luis Garc\u00eda Berlanga,conocido cineasta espa\u00f1ol.<\/p>\n","protected":false},"author":3010,"featured_media":0,"parent":0,"menu_order":0,"comment_status":"open","ping_status":"open","template":"","meta":{"footnotes":""},"class_list":["post-9","page","type-page","status-publish","hentry"],"_links":{"self":[{"href":"https:\/\/blogs.ua.es\/luisgarciaberlanga\/wp-json\/wp\/v2\/pages\/9","targetHints":{"allow":["GET"]}}],"collection":[{"href":"https:\/\/blogs.ua.es\/luisgarciaberlanga\/wp-json\/wp\/v2\/pages"}],"about":[{"href":"https:\/\/blogs.ua.es\/luisgarciaberlanga\/wp-json\/wp\/v2\/types\/page"}],"author":[{"embeddable":true,"href":"https:\/\/blogs.ua.es\/luisgarciaberlanga\/wp-json\/wp\/v2\/users\/3010"}],"replies":[{"embeddable":true,"href":"https:\/\/blogs.ua.es\/luisgarciaberlanga\/wp-json\/wp\/v2\/comments?post=9"}],"version-history":[{"count":3,"href":"https:\/\/blogs.ua.es\/luisgarciaberlanga\/wp-json\/wp\/v2\/pages\/9\/revisions"}],"predecessor-version":[{"id":11,"href":"https:\/\/blogs.ua.es\/luisgarciaberlanga\/wp-json\/wp\/v2\/pages\/9\/revisions\/11"}],"wp:attachment":[{"href":"https:\/\/blogs.ua.es\/luisgarciaberlanga\/wp-json\/wp\/v2\/media?parent=9"}],"curies":[{"name":"wp","href":"https:\/\/api.w.org\/{rel}","templated":true}]}}