{"id":55,"date":"2009-05-15T17:35:53","date_gmt":"2009-05-15T16:35:53","guid":{"rendered":"https:\/\/blogs.ua.es\/lutero\/?page_id=55"},"modified":"2009-05-15T17:35:53","modified_gmt":"2009-05-15T16:35:53","slug":"lutero-vs-erasmo","status":"publish","type":"page","link":"https:\/\/blogs.ua.es\/lutero\/lutero-vs-erasmo\/","title":{"rendered":"Lutero Vs Erasmo"},"content":{"rendered":"<p><span style=\"font-size: x-small\">Lutero, en su ataque frontal a la Iglesia romana, incorpor\u00f3 a su cr\u00edtica un cierto n\u00famero de elementos aportados por la nueva espiritualidad erasmiana, en consecuencia, Lutero busc\u00f3 la ayuda de Erasmo, que no consideraba que el monje alem\u00e1n aporte una soluci\u00f3n.<\/p>\n<p>A partir de 1519 las dos partes enfrentadas, esperan a que Erasmo tome partido. Erasmo no puede sostener a Lutero porque no desea una divisi\u00f3n de la Iglesia, por tanto rehusa tomar partido. Considera que hay que atacar las ra\u00edces del mal, como el odio de la corte pontificia, su avaricia y su tiran\u00eda; y las pr\u00e1cticas que perjudican a la libertad cristiana, como la vida mon\u00e1stica y las devociones maquinales y externas. Erasmo pedir\u00e1 a todos que apoyen su concepci\u00f3n de la reforma, y elude las invitaciones de Roma a que responda a las cr\u00edticas bien fundadas y exactas de Lutero. A partir de entonces Erasmo ser\u00e1 sospechoso de herej\u00eda.<\/p>\n<p>Erasmo intent\u00f3 lograr una paz sin victoria entre Roma y el Evangelismo colaborando para ello con el dominico Faber, ambos coincidieron que si se daba a la bula condenatoria de Lutero fuerza de ley, la Iglesia quedaba amenazada de cisma. Para ellos, Roma ten\u00eda que suspender el efecto de la Bula y aceptar la opini\u00f3n de una comisi\u00f3n compuesta por hombres sabios, integros y designada por el Emperador, el rey de Inglaterra y el rey de Hungr\u00eda.<\/p>\n<p>A pesar de todo, esta opini\u00f3n conciliadora se vio en peligo porque Lutero quem\u00f3 la Bula papal. La dieta de Worms signific\u00f3 el principio de la tragedia y el fracaso de la pol\u00edtica propugnada por Erasmo. Finalmente Erasmo se marcha a Basilea donde se le presiona para que tome partido.<\/p>\n<p>Cuando transcurre el tiempo las posiciones de Erasmo se hacen m\u00e1s radicales y despreciativas hacia la posici\u00f3n de Erasmo. Es entonces cuando Erasmo siente que ha llegado el momento de salvar lo m\u00e1s posible en esta revoluci\u00f3n luterana.<\/p>\n<p>Cuando del lado luterano llegan rumores de que Erasmo prepara un ataque contra Lutero, \u00e9ste escribe advirti\u00e9ndole que no le lance a polemizar si no quiere ser tratado por Lutero sin comedimiento. Erasmo, sin embargo, redacta el &#8220;De Libero Arbitrio&#8221;, donde toca el punto principal del luteranismo. Su defensa del libre albedr\u00edo no es otra cosa que la protesta de la conciencia com\u00fan contra la negaci\u00f3n atrevida de las obras. Dice Erasmo que si nuestro esfuerzo no ha de cambiar nada, muchos dir\u00e1n que hay que seguir nuestra pendiente sin hacer nada, ya que Lutero afirma que el libre albedr\u00edo no puede nada. Desde entonces Lutero se convierte en enemigo de Erasmo, al igual que sus seguidores que no perdonan a Erasmo que siga unido al Anticristo de Roma.<\/p>\n<p><\/span><\/p>\n","protected":false},"excerpt":{"rendered":"<p>Lutero, en su ataque frontal a la Iglesia romana, incorpor\u00f3 a su cr\u00edtica un cierto n\u00famero de elementos aportados por la nueva espiritualidad erasmiana, en consecuencia, Lutero busc\u00f3 la ayuda de Erasmo, que no consideraba que el monje alem\u00e1n aporte una soluci\u00f3n. A partir de 1519 las dos partes enfrentadas, esperan a que Erasmo tome [&hellip;]<\/p>\n","protected":false},"author":1139,"featured_media":0,"parent":0,"menu_order":0,"comment_status":"open","ping_status":"open","template":"","meta":{"footnotes":""},"class_list":["post-55","page","type-page","status-publish","hentry"],"_links":{"self":[{"href":"https:\/\/blogs.ua.es\/lutero\/wp-json\/wp\/v2\/pages\/55","targetHints":{"allow":["GET"]}}],"collection":[{"href":"https:\/\/blogs.ua.es\/lutero\/wp-json\/wp\/v2\/pages"}],"about":[{"href":"https:\/\/blogs.ua.es\/lutero\/wp-json\/wp\/v2\/types\/page"}],"author":[{"embeddable":true,"href":"https:\/\/blogs.ua.es\/lutero\/wp-json\/wp\/v2\/users\/1139"}],"replies":[{"embeddable":true,"href":"https:\/\/blogs.ua.es\/lutero\/wp-json\/wp\/v2\/comments?post=55"}],"version-history":[{"count":1,"href":"https:\/\/blogs.ua.es\/lutero\/wp-json\/wp\/v2\/pages\/55\/revisions"}],"predecessor-version":[{"id":56,"href":"https:\/\/blogs.ua.es\/lutero\/wp-json\/wp\/v2\/pages\/55\/revisions\/56"}],"wp:attachment":[{"href":"https:\/\/blogs.ua.es\/lutero\/wp-json\/wp\/v2\/media?parent=55"}],"curies":[{"name":"wp","href":"https:\/\/api.w.org\/{rel}","templated":true}]}}