{"id":2,"date":"2007-10-02T23:30:10","date_gmt":"2007-10-02T21:30:10","guid":{"rendered":""},"modified":"2008-01-26T12:05:58","modified_gmt":"2008-01-26T10:05:58","slug":"home","status":"publish","type":"page","link":"https:\/\/blogs.ua.es\/madbinnacle\/","title":{"rendered":"Bienvenido a tu bitacora de LC!!!"},"content":{"rendered":"<div align=\"center\"><a href='https:\/\/blogs.ua.es\/madbinnacle\/files\/2008\/01\/io.jpg' title='io.jpg'><img src='https:\/\/blogs.ua.es\/madbinnacle\/files\/2008\/01\/io.thumbnail.jpg' alt='io.jpg' \/><\/a><\/div>\n<p>Hola, Bienvenidos a este cuaderno de Bitacoras, aqu\u00ed podeis encontrar toda la informaci\u00f3n necesaria <em>(\u00bf \u00f3 de deber\u00eda decir suficiente?)<\/em> para que este\u00eds al tanto de todos los temas relacionados con la l\u00f3gica computacional de ITIG de la UA.<\/p>\n<p>Toda la informaci\u00f3n aqu\u00ed publicada, es una recopilacion de teor\u00eda, examinadores, pruebas l\u00f3gicas y dem\u00e1s actividades propuestas en clase.<\/p>\n<p>Ahora s\u00ed, podeis sumergirse en este mundo, <strong>&#8220;el mundo de la L\u00f3gica&#8221;<\/strong>!!!!<\/p>\n<p><em><font size=\"-6\" color=\"#FFFFFF\">Mirellys Arteta D\u00e1vila :p<\/font><\/em><\/p>\n","protected":false},"excerpt":{"rendered":"<p>Hola, Bienvenidos a este cuaderno de Bitacoras, aqu\u00ed podeis encontrar toda la informaci\u00f3n necesaria (\u00bf \u00f3 de deber\u00eda decir suficiente?) para que este\u00eds al tanto de todos los temas relacionados con la l\u00f3gica computacional de ITIG de la UA. Toda la informaci\u00f3n aqu\u00ed publicada, es una recopilacion de teor\u00eda, examinadores, pruebas l\u00f3gicas y dem\u00e1s actividades [&hellip;]<\/p>\n","protected":false},"author":160,"featured_media":0,"parent":0,"menu_order":0,"comment_status":"open","ping_status":"open","template":"","meta":{"footnotes":""},"class_list":["post-2","page","type-page","status-publish","hentry"],"_links":{"self":[{"href":"https:\/\/blogs.ua.es\/madbinnacle\/wp-json\/wp\/v2\/pages\/2","targetHints":{"allow":["GET"]}}],"collection":[{"href":"https:\/\/blogs.ua.es\/madbinnacle\/wp-json\/wp\/v2\/pages"}],"about":[{"href":"https:\/\/blogs.ua.es\/madbinnacle\/wp-json\/wp\/v2\/types\/page"}],"author":[{"embeddable":true,"href":"https:\/\/blogs.ua.es\/madbinnacle\/wp-json\/wp\/v2\/users\/160"}],"replies":[{"embeddable":true,"href":"https:\/\/blogs.ua.es\/madbinnacle\/wp-json\/wp\/v2\/comments?post=2"}],"version-history":[{"count":0,"href":"https:\/\/blogs.ua.es\/madbinnacle\/wp-json\/wp\/v2\/pages\/2\/revisions"}],"wp:attachment":[{"href":"https:\/\/blogs.ua.es\/madbinnacle\/wp-json\/wp\/v2\/media?parent=2"}],"curies":[{"name":"wp","href":"https:\/\/api.w.org\/{rel}","templated":true}]}}