{"id":110,"date":"2013-01-28T11:41:07","date_gmt":"2013-01-28T11:41:07","guid":{"rendered":"https:\/\/blogs.ua.es\/manuelsanchisguarner\/?page_id=110"},"modified":"2013-01-28T11:51:58","modified_gmt":"2013-01-28T11:51:58","slug":"recursos-de-informacion","status":"publish","type":"page","link":"https:\/\/blogs.ua.es\/manuelsanchisguarner\/recursos-de-informacion\/","title":{"rendered":"Recursos de informaci\u00f3n"},"content":{"rendered":"<p>Para la realizaci\u00f3n de este blog hemos utilizado diferentes recursos, en especial electr\u00f3nicos donde hemos buscado informaci\u00f3n acerca del autor, tanto referente a su biograf\u00eda , bibliograf\u00eda , como premios, etc.<\/p>\n<p>Entre los recursos electr\u00f3nicos utilizados hemos hecho uso de los propuestos y mostrados por el profesor de la asignatura en clase. Algunos de ellos son: Worldcat( cat\u00e1logo bibliogr\u00e1fico mundial). \u00a0Tambi\u00e9n hemos hecho uso de la base de datos Dialnet, y otros recursos electronicos como enciclopedias virtuales, periodicos, etc.<\/p>\n","protected":false},"excerpt":{"rendered":"<p>Para la realizaci\u00f3n de este blog hemos utilizado diferentes recursos, en especial electr\u00f3nicos donde hemos buscado informaci\u00f3n acerca del autor, tanto referente a su biograf\u00eda , bibliograf\u00eda , como premios, etc. Entre los recursos electr\u00f3nicos utilizados hemos hecho uso de los propuestos y mostrados por el profesor de la asignatura en clase. Algunos de ellos [&hellip;]<\/p>\n","protected":false},"author":3012,"featured_media":0,"parent":0,"menu_order":0,"comment_status":"open","ping_status":"open","template":"","meta":{"footnotes":""},"class_list":["post-110","page","type-page","status-publish","hentry"],"_links":{"self":[{"href":"https:\/\/blogs.ua.es\/manuelsanchisguarner\/wp-json\/wp\/v2\/pages\/110","targetHints":{"allow":["GET"]}}],"collection":[{"href":"https:\/\/blogs.ua.es\/manuelsanchisguarner\/wp-json\/wp\/v2\/pages"}],"about":[{"href":"https:\/\/blogs.ua.es\/manuelsanchisguarner\/wp-json\/wp\/v2\/types\/page"}],"author":[{"embeddable":true,"href":"https:\/\/blogs.ua.es\/manuelsanchisguarner\/wp-json\/wp\/v2\/users\/3012"}],"replies":[{"embeddable":true,"href":"https:\/\/blogs.ua.es\/manuelsanchisguarner\/wp-json\/wp\/v2\/comments?post=110"}],"version-history":[{"count":3,"href":"https:\/\/blogs.ua.es\/manuelsanchisguarner\/wp-json\/wp\/v2\/pages\/110\/revisions"}],"predecessor-version":[{"id":114,"href":"https:\/\/blogs.ua.es\/manuelsanchisguarner\/wp-json\/wp\/v2\/pages\/110\/revisions\/114"}],"wp:attachment":[{"href":"https:\/\/blogs.ua.es\/manuelsanchisguarner\/wp-json\/wp\/v2\/media?parent=110"}],"curies":[{"name":"wp","href":"https:\/\/api.w.org\/{rel}","templated":true}]}}