{"id":21,"date":"2013-01-09T14:33:16","date_gmt":"2013-01-09T14:33:16","guid":{"rendered":"https:\/\/blogs.ua.es\/manuelsanchisguarner\/?page_id=21"},"modified":"2013-01-09T15:01:24","modified_gmt":"2013-01-09T15:01:24","slug":"introduccion","status":"publish","type":"page","link":"https:\/\/blogs.ua.es\/manuelsanchisguarner\/introduccion\/","title":{"rendered":"Explicaci\u00f3n General del tema"},"content":{"rendered":"<p>Vamos a tratar \u00a0en especial y concretamente su bibliograf\u00eda, premios ortorgados y la bibliograf\u00eda que trata sobre \u00e9l.<\/p>\n<p>Manuel Sanch\u00eds Guarner, naci\u00f3 en Valencia el 9 de Septiembre en el a\u00f1o 1911 y falleci\u00f3 el 16 de Diciembre de 1981.<\/p>\n<p>Este fil\u00f3logo, historiador en lengua catalana qued\u00f3 hu\u00e9rfano de padre a los 4 a\u00f1os y de madre a los 12, quedado a cargo de su t\u00edo por parte de padre (Jos\u00e9 Sanch\u00eds sivera), el cual fue un arque\u00f3logo valenciano.<\/p>\n<p>Sanchis Guarner particip\u00f3 en la Guerra Civil Espa\u00f1ola\u00a0defendiendo la legalidad republicana. Por ello fue represaliado durante el franquismo\u00a0pasando por el campo de concentraci\u00f3n de prisioneros pol\u00edticos de Salamanca hasta cumplir su condena en un penal de Madrid (1939-1943). Permaneci\u00f3 desterrado en Mallorca\u00a0entre 1943-1959\u00a0(per\u00edodo en el que se produce su colaboraci\u00f3n con Francesc Borja de Moll en la elaboraci\u00f3n del DCVB). En 1959 regres\u00f3 a Valencia\u00a0como profesor de franc\u00e9s en el Instituto San Vicente Ferrer hasta que, en 1960, fue nombrado profesor no numerario en la Universidad de Valencia. En los primeros a\u00f1os sesenta ingres\u00f3 en el Instituto de Estudios Catalanes\u00a0y fue expulsado de la sociedad cultural Lo Rat Penat\u00a0en lo que se consider\u00f3 un acto de traici\u00f3n al posicionarse a favor de una unidad ling\u00fc\u00edstica. En 1966\u00a0ingres\u00f3 en la \u00a0Real Academia de la Historia. En 1978\u00a0sufre un atentado con bomba por parte de sectores de la ultraderecha valenciana. Su hijo Manuel Sanch\u00eds Guarner Cabanilles\u00a0es miembro del Consejo Valenciano de Cultura\u00a0de la Generalidad Valenciana\u00a0(a fecha de 2009).<\/p>\n<p>&nbsp;<\/p>\n<p>&nbsp;<\/p>\n<p><img decoding=\"async\" src=\"http:\/\/www.riberaexpress.es\/wp-content\/uploads\/2011\/12\/manuel-sanchis-guarner.png\" alt=\"\" \/>E<\/p>\n","protected":false},"excerpt":{"rendered":"<p>Vamos a tratar \u00a0en especial y concretamente su bibliograf\u00eda, premios ortorgados y la bibliograf\u00eda que trata sobre \u00e9l. Manuel Sanch\u00eds Guarner, naci\u00f3 en Valencia el 9 de Septiembre en el a\u00f1o 1911 y falleci\u00f3 el 16 de Diciembre de 1981. Este fil\u00f3logo, historiador en lengua catalana qued\u00f3 hu\u00e9rfano de padre a los 4 a\u00f1os y [&hellip;]<\/p>\n","protected":false},"author":2426,"featured_media":0,"parent":0,"menu_order":0,"comment_status":"open","ping_status":"open","template":"","meta":{"footnotes":""},"class_list":["post-21","page","type-page","status-publish","hentry"],"_links":{"self":[{"href":"https:\/\/blogs.ua.es\/manuelsanchisguarner\/wp-json\/wp\/v2\/pages\/21","targetHints":{"allow":["GET"]}}],"collection":[{"href":"https:\/\/blogs.ua.es\/manuelsanchisguarner\/wp-json\/wp\/v2\/pages"}],"about":[{"href":"https:\/\/blogs.ua.es\/manuelsanchisguarner\/wp-json\/wp\/v2\/types\/page"}],"author":[{"embeddable":true,"href":"https:\/\/blogs.ua.es\/manuelsanchisguarner\/wp-json\/wp\/v2\/users\/2426"}],"replies":[{"embeddable":true,"href":"https:\/\/blogs.ua.es\/manuelsanchisguarner\/wp-json\/wp\/v2\/comments?post=21"}],"version-history":[{"count":5,"href":"https:\/\/blogs.ua.es\/manuelsanchisguarner\/wp-json\/wp\/v2\/pages\/21\/revisions"}],"predecessor-version":[{"id":33,"href":"https:\/\/blogs.ua.es\/manuelsanchisguarner\/wp-json\/wp\/v2\/pages\/21\/revisions\/33"}],"wp:attachment":[{"href":"https:\/\/blogs.ua.es\/manuelsanchisguarner\/wp-json\/wp\/v2\/media?parent=21"}],"curies":[{"name":"wp","href":"https:\/\/api.w.org\/{rel}","templated":true}]}}