{"id":9,"date":"2012-12-07T15:26:57","date_gmt":"2012-12-07T15:26:57","guid":{"rendered":"https:\/\/blogs.ua.es\/manuelsanchisguarner\/?page_id=9"},"modified":"2013-01-09T14:41:46","modified_gmt":"2013-01-09T14:41:46","slug":"presentacion","status":"publish","type":"page","link":"https:\/\/blogs.ua.es\/manuelsanchisguarner\/presentacion\/","title":{"rendered":"Presentaci\u00f3n del blog"},"content":{"rendered":"<p style=\"text-align: justify\">Hola, somos Emilio Mench\u00f3n Gamayo y Alejandro Pav\u00f3 Soria, compa\u00f1eros de la Universidad de Alicante en el grado de Geograf\u00eda e Historia.<\/p>\n<p style=\"text-align: justify\">Hemos hecho este blog para informar acerca de la figura de Manuel Sanch\u00eds Guarner y su bibliograf\u00eda (fil\u00f3logo, historiador y escritor en lengua catalana).<\/p>\n<p style=\"text-align: justify\"><a href=\"https:\/\/blogs.ua.es\/manuelsanchisguarner\/files\/2012\/12\/logo-ua.png\"><img loading=\"lazy\" decoding=\"async\" class=\"alignleft size-full wp-image-13\" src=\"https:\/\/blogs.ua.es\/manuelsanchisguarner\/files\/2012\/12\/logo-ua.png\" alt=\"Universidad de Alicante\" width=\"263\" height=\"45\" \/><\/a><\/p>\n<p>&nbsp;<\/p>\n<p>&nbsp;<\/p>\n","protected":false},"excerpt":{"rendered":"<p>Hola, somos Emilio Mench\u00f3n Gamayo y Alejandro Pav\u00f3 Soria, compa\u00f1eros de la Universidad de Alicante en el grado de Geograf\u00eda e Historia. Hemos hecho este blog para informar acerca de la figura de Manuel Sanch\u00eds Guarner y su bibliograf\u00eda (fil\u00f3logo, historiador y escritor en lengua catalana). &nbsp; &nbsp;<\/p>\n","protected":false},"author":3012,"featured_media":0,"parent":0,"menu_order":0,"comment_status":"open","ping_status":"open","template":"","meta":{"footnotes":""},"class_list":["post-9","page","type-page","status-publish","hentry"],"_links":{"self":[{"href":"https:\/\/blogs.ua.es\/manuelsanchisguarner\/wp-json\/wp\/v2\/pages\/9","targetHints":{"allow":["GET"]}}],"collection":[{"href":"https:\/\/blogs.ua.es\/manuelsanchisguarner\/wp-json\/wp\/v2\/pages"}],"about":[{"href":"https:\/\/blogs.ua.es\/manuelsanchisguarner\/wp-json\/wp\/v2\/types\/page"}],"author":[{"embeddable":true,"href":"https:\/\/blogs.ua.es\/manuelsanchisguarner\/wp-json\/wp\/v2\/users\/3012"}],"replies":[{"embeddable":true,"href":"https:\/\/blogs.ua.es\/manuelsanchisguarner\/wp-json\/wp\/v2\/comments?post=9"}],"version-history":[{"count":6,"href":"https:\/\/blogs.ua.es\/manuelsanchisguarner\/wp-json\/wp\/v2\/pages\/9\/revisions"}],"predecessor-version":[{"id":29,"href":"https:\/\/blogs.ua.es\/manuelsanchisguarner\/wp-json\/wp\/v2\/pages\/9\/revisions\/29"}],"wp:attachment":[{"href":"https:\/\/blogs.ua.es\/manuelsanchisguarner\/wp-json\/wp\/v2\/media?parent=9"}],"curies":[{"name":"wp","href":"https:\/\/api.w.org\/{rel}","templated":true}]}}