{"id":91,"date":"2013-01-27T12:36:21","date_gmt":"2013-01-27T12:36:21","guid":{"rendered":"https:\/\/blogs.ua.es\/manuelsanchisguarner\/?page_id=91"},"modified":"2013-01-28T10:08:47","modified_gmt":"2013-01-28T10:08:47","slug":"metodologia","status":"publish","type":"page","link":"https:\/\/blogs.ua.es\/manuelsanchisguarner\/metodologia\/","title":{"rendered":"Metodolog\u00eda"},"content":{"rendered":"<p>La metodolog\u00eda que hemos seguido a la hora de realizar este blog y concretamente las entradas es la busqueda en los distintos tipos de recursos, en su mayoria electr\u00f3nicos, de los que hemos extraido desde \u00e1rticulos de revistas, como noticias en diversos peri\u00f3dicos o partes de la bibliograf\u00eda y monograf\u00eda del autor. A continuaci\u00f3n hemos realizado un breve comentario sobre cada entrada<\/p>\n<p>&nbsp;<\/p>\n<p>Para realizar las referencias de las fuentes documentales utilizadas, nos hemos guiado por las normas ISO 690-2010. A continuaci\u00f3n mostramos los ejemplos que hemos empleado para esta referenciaci\u00f3n<\/p>\n<p>&nbsp;<\/p>\n<p><strong>Documentos impresos<\/strong><\/p>\n<p><strong>Monograf\u00edas:<\/strong><\/p>\n<p>APELLIDOS, Nombre1.\u00a0<em>T\u00edtulo<\/em>. (Otros colaboradores: traductor, editor, etc. se podr\u00edan hacer constar con la forma directa de nombre APELLIDOS). Edici\u00f3n. Lugar: Editor, a\u00f1o. Extensi\u00f3n (opcional). (Serie; n\u00ba). ISBN. Si el autor principal es corporativo, se hace constar el nombre directo en MAY\u00daSCULAS.<\/p>\n<p><strong>\u00a0<\/strong><\/p>\n<p><strong>Parte de una monograf\u00eda:<\/strong><\/p>\n<p>(Autor\/res de la parte) APELLIDOS, Nombre. T\u00edtulo de la parte. En: T\u00edtulo de la obra completa. Edici\u00f3n. Lugar de edici\u00f3n: editor, a\u00f1o, pp. (P\u00e1ginas). ISBN.<\/p>\n<p>&nbsp;<\/p>\n<p><strong>Publicaciones en serie (revista completa):<\/strong><\/p>\n<p>T\u00edtulo de la revista. Responsabilidad (si fuera necesario para identificarla por tratarse de un t\u00edtulo muy gen\u00e9rico. Ejem: Bolet\u00edn informativo). A\u00f1o de inicio-A\u00f1o de cierre2 (este \u00faltimo dato s\u00f3lo se usa en el caso de revistas que han dejado de publicarse). ISSN.<\/p>\n<p><strong>Art\u00edculos de revistas:<\/strong><\/p>\n<p>(Autor\/es de la contribuci\u00f3n) APELLIDOS, Nombre. T\u00edtulo del art\u00edculo. T\u00edtulo de la revista.<\/p>\n<p>(Localizaci\u00f3n de la parte en el n\u00famero de la revista) A\u00f1o, volumen (n\u00ba), pp. ISSN.<\/p>\n<p>&nbsp;<\/p>\n<p><strong>Tipos de referencias bibliogr\u00e1ficas normalizadas<\/strong><\/p>\n<p>Aclaraci\u00f3n: las palabras escritas entre par\u00e9ntesis son aclaraciones para mejorar la comprensi\u00f3n de los diferentes elementos que componen las referencias. Las palabras o frases entre corchetes corresponden a campos que se utilizan en las referencias de recursos electr\u00f3nicos. El uso de cursivas es obligado en los campos que as\u00ed est\u00e1n indicados.<\/p>\n<p>&nbsp;<\/p>\n<p><strong>\u00a0<\/strong><\/p>\n<p><strong>\u00a0\u00a0\u00a0\u00a0\u00a0\u00a0\u00a0\u00a0\u00a0\u00a0\u00a0\u00a0\u00a0\u00a0\u00a0\u00a0\u00a0\u00a0\u00a0\u00a0\u00a0\u00a0\u00a0\u00a0\u00a0\u00a0\u00a0\u00a0\u00a0\u00a0\u00a0\u00a0\u00a0\u00a0\u00a0\u00a0\u00a0\u00a0\u00a0\u00a0\u00a0\u00a0\u00a0\u00a0\u00a0\u00a0 Documentos electr\u00f3nicos<\/strong><\/p>\n<p><strong>Libros electr\u00f3nicos y monograf\u00edas en l\u00ednea:<\/strong><\/p>\n<p>APELLIDOS, Nombre. T\u00edtulo [en l\u00ednea]. Lugar de publicaci\u00f3n: editor, fecha de publicaci\u00f3n<\/p>\n<p>[Consulta: fecha de consulta]. Formato (pdf, etc), tama\u00f1o del fichero (MB). Disponible en: http:\/\/<\/p>\n<p>&nbsp;<\/p>\n<p>I. En el caso de m\u00e1s de un autor, se a\u00f1aden a continuaci\u00f3n, en forma directa: Nombre APELLIDOS. Si son m\u00e1s de 4 autores, se puede citar solo al primero y a continuaci\u00f3n poner \u201cet al\u201d. En cambio, las menciones de traductor, editor, etc. si las hubiera, se hacen constar despu\u00e9s del t\u00edtulo.<\/p>\n<p>II. Si no se dispone del a\u00f1o de inicio de una revista, se proporcionan la informaci\u00f3n del n\u00famero que hayamos consultado.<\/p>\n<p>&nbsp;<\/p>\n<p>&nbsp;<\/p>\n<p><strong>Parte de monograf\u00eda en l\u00ednea:<\/strong><\/p>\n<p>(Autor\/es de la parte) APELLIDOS, Nombre. T\u00edtulo de la parte. En: T\u00edtulo de la obra completa [en l\u00ednea]. Lugar de publicaci\u00f3n: editor, a\u00f1o, pp. [Consulta: fecha de consulta]. Disponible en: http.\/\/<\/p>\n<p>&nbsp;<\/p>\n<p><strong>Revista en l\u00ednea:<\/strong><\/p>\n<p>1. Modelo de revista de un paquete de revistas electr\u00f3nicas con una base de datos com\u00fan: T\u00edtulo [en linea]. Lugar de edici\u00f3n: editor, fecha de publicaci\u00f3n, volumen, n\u00famero [consulta: fecha de consulta]. Nombre de la base de datos. ISSN. Disponible en: http:\/\/<\/p>\n<p>2. Modelo de revista con acceso en l\u00ednea individualizado: T\u00edtulo [en l\u00ednea]. Lugar de edici\u00f3n: editor, fecha de publicaci\u00f3n, volumen, n\u00famero [consulta: fecha de consulta]. ISSN. Disponible en: http:\/\/<\/p>\n<p><strong>Art\u00edculo de revista en l\u00ednea:<\/strong><\/p>\n<p>(Autor\/es del art\u00edculo) APELLIDOS, Nombre. T\u00edtulo del art\u00edculo. T\u00edtulo de la revista [en l\u00ednea].Lugar: editor, fecha de publicaci\u00f3n, vol\u00famen, n\u00famero [consulta: fecha de consulta]. ISSN.Disponible en: http:\/\/<\/p>\n<p>Sitio web: T\u00edtulo de la web. Editor, a\u00f1o [consulta: fecha de consulta]. Disponible en: http:\/\/<\/p>\n<p>&nbsp;<\/p>\n<p><strong>Parte de un sitio web:<\/strong><\/p>\n<p>\u2022 Ejemplo de p\u00e1gina sin autor o autor colectivo (ejem.: art\u00edculo de wikipedia): T\u00edtulo de la p\u00e1gina. T\u00edtulo del sitio web [en l\u00ednea]. Fecha y hora de edici\u00f3n o actualizaci\u00f3n [consulta: fecha de cosulta]. Disponible en: http:\/\/<\/p>\n<p>\u2022 Ejemplo de p\u00e1gina o parte de un sitio web con autor: APELLIDOS, Nombre. T\u00edtulo de la p\u00e1gina o la parte. En: T\u00edtulo del sitio web [en l\u00ednea]. Fecha y hora de edici\u00f3n [consulta: fecha y hora de consulta]. Disponible en: http:\/\/<\/p>\n<p>&nbsp;<\/p>\n<p><strong>Recursos electr\u00f3nicos:<\/strong><\/p>\n<p>\u2022 Los tipos de soporte electr\u00f3nico se hacen constar a continuaci\u00f3n del t\u00edtulo entre corchetes: [en l\u00ednea],<\/p>\n<p>[DVD]\u2026<\/p>\n<p>\u2022 Pueden ser actualizados o revisados. En este caso, se debe indicar esta fecha detr\u00e1s de la de publicaci\u00f3n.<\/p>\n<p>En los documentos en l\u00ednea, se debe incluir:<\/p>\n<p>[Consulta: fecha de la consulta]<\/p>\n<p>Disponible en: http:\/\/www.ua.es\/\u2026<\/p>\n<p>&nbsp;<\/p>\n<p><strong>\u00a0<\/strong><\/p>\n<p><strong>DOCUMENTOS ESPECIALES<\/strong><\/p>\n<p><strong>Pel\u00edculas:\u00a0<\/strong><em>T\u00edtulo de la pel\u00edcula\u00a0<\/em>[Pel\u00edcula]. Dirigida por Nombre APELLIDOS. Pa\u00eds: Productora, a\u00f1o. Lugar: distribuida en Espa\u00f1a por\u2026<\/p>\n<p><strong>Programa de televisi\u00f3n o documental:<\/strong><strong><\/strong><\/p>\n<p>Titulo. Nombre de la cadena de televisi\u00f3n, fecha.<\/p>\n<p><strong>Im\u00e1genes\u00a0<\/strong>APELLIDOS, Nombre.\u00a0<em>T\u00edtulo de la obra.\u00a0<\/em>A\u00f1o [imagen digital]. Museo\u2026 [Consulta: fecha de consulta]. Disponible en: http:\/\/<\/p>\n<p>&nbsp;<\/p>\n<p><strong>\u00a0<\/strong><\/p>\n","protected":false},"excerpt":{"rendered":"<p>La metodolog\u00eda que hemos seguido a la hora de realizar este blog y concretamente las entradas es la busqueda en los distintos tipos de recursos, en su mayoria electr\u00f3nicos, de los que hemos extraido desde \u00e1rticulos de revistas, como noticias en diversos peri\u00f3dicos o partes de la bibliograf\u00eda y monograf\u00eda del autor. A continuaci\u00f3n hemos [&hellip;]<\/p>\n","protected":false},"author":3012,"featured_media":0,"parent":0,"menu_order":0,"comment_status":"open","ping_status":"open","template":"","meta":{"footnotes":""},"class_list":["post-91","page","type-page","status-publish","hentry"],"_links":{"self":[{"href":"https:\/\/blogs.ua.es\/manuelsanchisguarner\/wp-json\/wp\/v2\/pages\/91","targetHints":{"allow":["GET"]}}],"collection":[{"href":"https:\/\/blogs.ua.es\/manuelsanchisguarner\/wp-json\/wp\/v2\/pages"}],"about":[{"href":"https:\/\/blogs.ua.es\/manuelsanchisguarner\/wp-json\/wp\/v2\/types\/page"}],"author":[{"embeddable":true,"href":"https:\/\/blogs.ua.es\/manuelsanchisguarner\/wp-json\/wp\/v2\/users\/3012"}],"replies":[{"embeddable":true,"href":"https:\/\/blogs.ua.es\/manuelsanchisguarner\/wp-json\/wp\/v2\/comments?post=91"}],"version-history":[{"count":3,"href":"https:\/\/blogs.ua.es\/manuelsanchisguarner\/wp-json\/wp\/v2\/pages\/91\/revisions"}],"predecessor-version":[{"id":108,"href":"https:\/\/blogs.ua.es\/manuelsanchisguarner\/wp-json\/wp\/v2\/pages\/91\/revisions\/108"}],"wp:attachment":[{"href":"https:\/\/blogs.ua.es\/manuelsanchisguarner\/wp-json\/wp\/v2\/media?parent=91"}],"curies":[{"name":"wp","href":"https:\/\/api.w.org\/{rel}","templated":true}]}}