{"id":10,"date":"2015-10-29T21:07:03","date_gmt":"2015-10-29T20:07:03","guid":{"rendered":"https:\/\/blogs.ua.es\/mappingame\/?page_id=10"},"modified":"2020-04-06T15:25:30","modified_gmt":"2020-04-06T14:25:30","slug":"news-events","status":"publish","type":"page","link":"https:\/\/blogs.ua.es\/mappingame\/news-events\/","title":{"rendered":"News &amp; Events"},"content":{"rendered":"<h6>&gt; [special issue] <span style=\"color: #000000\"><a style=\"color: #000000\" href=\"https:\/\/www.mdpi.com\/journal\/sustainability\/special_issues\/Human_Urban\">UNDERSTANDING HUMAN-URBAN ENVIRONMENT INTERACTIONS THROUGH GEOLOCATED SOCIAL MEDIA DATA<\/a><\/span><\/h6>\n<h6><span style=\"color: #808080\">On behalf of the open-access journal Sustainability (ISSN 2071-1050, Impact Factor 2.592), we are pleased to announce a new Special Issue entitled &#8220;Understanding Human-Urban Environment Interactions Through Geolocated Social Media Data&#8221;, coedited by Prof. Dr. Pablo Marti and Dr. Leticia Serrano-Estrada.<\/span><\/h6>\n<h6><span style=\"color: #808080\">This Special Issue aims to bring together original research that contributes to the understanding of urban and human dynamics as they bridge digital and real behaviour in the use of city spaces. More specifically, it welcomes contributions that seek to advance the theoretical and empirical knowledge of urban phenomena through Location-Based Social Networks data, and are aligned with any of the following objectives:<\/span><\/h6>\n<h6><span style=\"color: #808080\">\u2022 Aim to define novel methods and applications to approach city phenomena through social media sources;<\/span><br \/>\n<span style=\"color: #808080\">\u2022 Aim to provide up-to-date state of the art of the application of these sources to the study of city phenomena;<\/span><br \/>\n<span style=\"color: #808080\">\u2022 Aim to (critically) examine current limitations in the use of geolocated social media data for the study of the city and possible ways to overcome them;<\/span><br \/>\n<span style=\"color: #808080\">\u2022 Seek novel approaches to understand the perceptual aspects of the urban environment through LBNS sources;<\/span><br \/>\n<span style=\"color: #808080\">\u2022 Aim to monitor changes in the urban environment by studying phenomena at different points in time;<\/span><br \/>\n<span style=\"color: #808080\">\u2022 Aim to monitor urban transformation pre and post conditions through social media data;<\/span><br \/>\n<span style=\"color: #808080\">\u2022 Seek new methods to approach urban reality using LBSN sources in contrast to traditional ones;<\/span><br \/>\n<span style=\"color: #808080\">\u2022 Aim to characterize human\u2013urban environment interactions through a combination of qualitative and quantitative methods;<\/span><br \/>\n<span style=\"color: #808080\">\u2022 Aim to revisit traditional urban theories through social media-based studies;<\/span><br \/>\n<span style=\"color: #808080\">\u2022 Aim to define urban design-oriented strategies to ensure the sustainable development of cities.<\/span><\/h6>\n<h6><img loading=\"lazy\" decoding=\"async\" class=\"wp-image-539 size-thumbnail alignleft\" src=\"https:\/\/blogs.ua.es\/mappingame\/files\/2017\/04\/Captura-de-pantalla-2017-04-25-a-las-23.36.59-150x150.png\" width=\"150\" height=\"150\" \/>&gt; [workshop] <span style=\"color: #000000\"><a style=\"color: #000000\" href=\"http:\/\/oldblueshoe.com\/metamorphology\">URBAN METAMORPHOLOGY LAB ALICANTE\u00a0<\/a><\/span><\/h6>\n<h6 class=\"font_8\"><span style=\"color: #808080\">Exploring social media data to map the invisible image of the city.\u00a0This workshop uses location-based social media data to unveil, map and study the meta-morphology of Alicante, Spain. Participants will use large datasets from Instagram, Twitter and Airbnb to find meta-trends in the use of outdoor and indoor spaces and map activity patterns using geographic information software. They will also carry out surveys to study the relations between urban amenities and the image of the place to gain a new understanding of the qualitative aspects of social practices and the narrative of urban spaces. <a href=\"http:\/\/oldblueshoe.com\/metamorphology\"><span style=\"color: #000000\">+info<\/span><\/a><\/span><\/h6>\n<hr \/>\n<h6><a href=\"https:\/\/blogs.ua.es\/mappingame\/files\/2017\/01\/Fig-3.jpg\"><img loading=\"lazy\" decoding=\"async\" class=\"wp-image-473 size-thumbnail alignleft\" src=\"https:\/\/blogs.ua.es\/mappingame\/files\/2017\/01\/Fig-3-150x150.jpg\" alt=\"fig-3\" width=\"150\" height=\"150\" \/><\/a><\/h6>\n<h6>\u00a0&gt; [publication] <a href=\"https:\/\/blogs.ua.es\/mappingame\/research-aims-and-scope\/projects\/san-francisco\/\">PERCEPCI\u00d3N Y USO SOCIAL DE UNA TRANSFORMACI\u00d3N URBANA A TRAV\u00c9S DEL SOCIAL MEDIA\u00a0<\/a><\/h6>\n<h6 style=\"text-align: justify\"><span style=\"color: #808080\"><span style=\"color: #808080\">The analysis of the urban public space from a perceptual dimension has traditionally been used to recognise its uniqueness and to identify which of its physical qualities promote activity and livability. This approach is particularly relevant in transformed urban settings. The perceived image of a space allows an assessment of the extent to which the social dynamics have been modified since its regeneration. Under this premise, the aim of this paper is to study urban life after the transformation of Calle San Francisco, in Alicante, Spain, into a recreational and thematic space\u00a0<\/span>characterized<span style=\"color: #808080\">\u00a0by giant mushrooms. In order to accomplish this objective, three indicators of public life were evaluated: the building\u2019s economic activities before and after the intervention; the social use of the new space and the resulting public image \u2014or perceived image\u2014. A hybrid methodology is used which combines data collected from field work with data retrieved from technological sources \u2014the social network Instagram and the web service Google Street View\u2014. The overall results demonstrated that the use of both offline and online data enables confirmation,\u00a0<\/span><span style=\"color: #808080\">complementation<\/span>\u00a0and questioning of the partial results obtained from each method. Thus, it was evidenced that not only has the physical identity of Calle San Francisco been substantially modified, but also, its collective image in relation to the rest of the city. All in all, this research proves the relevance of understanding the complexity of today\u2019s physical and virtual social relations resulting from the transformation of an urban setting. \u00a0<a href=\"http:\/\/: https:\/\/blogs.ua.es\/mappingame\/research-aims-and-scope\/san-francisco\/\"><span style=\"color: #000000\">+info<\/span><\/a><\/span><\/h6>\n<hr \/>\n<h6><a href=\"https:\/\/blogs.ua.es\/mappingame\/files\/2015\/10\/ManuFernandez-01.png\"><img loading=\"lazy\" decoding=\"async\" class=\"wp-image-487 size-thumbnail alignleft\" src=\"https:\/\/blogs.ua.es\/mappingame\/files\/2015\/10\/ManuFernandez-01-150x150.png\" alt=\"manufernandez-01\" width=\"150\" height=\"150\" \/><\/a>&gt; [lecure] <a href=\"https:\/\/www.facebook.com\/notes\/mappingame\/conferencia-de-manu-fern\u00e1ndez-la-ciudad-relacional-en-la-sociedad-conectada\/611689549025365\">MANU FERNANDEZ: LA CIUDAD RELACIONAL EN LA SOCIEDAD CONECTADA<\/a><\/h6>\n<h6 style=\"text-align: justify\"><span style=\"color: #808080\">[February 8th \/ 10:30am \u00a0EP\/S-03D]\u00a0La forma de hacer ciudad es un proceso en crisis. Diferentes factores, desde cambios sociales, crisis de la pol\u00edtica o transformaci\u00f3n tecnol\u00f3gica, est\u00e1n contribuyendo a la materializaci\u00f3n de un conflicto entre las formas institucionales de gobernar y dar forma a las ciudades y las expectativas de la ciudadan\u00eda sobre el papel que quiere tener en la ciudad que vive. Son muchos los movimientos sociales, las disciplinas acad\u00e9micas, los proyectos o las teor\u00edas que est\u00e1n contribuyendo en los \u00faltimos tiempos a la formaci\u00f3n de un nuevo enfoque sobre c\u00f3mo hacer ciudad que vaya m\u00e1s all\u00e1 de las instituciones p\u00fablicas y del urbanismo como instancias centrales o \u00fanicas de hacer ciudad. Hacer ciudad ya no es \u00fanicamente un asunto de planificadores p\u00fablicos o de urbanistas en sentido estricto. Las metodolog\u00edas, conocimientos y teor\u00edas que dise\u00f1an y construyen la ciudad y sus proyectos en el d\u00eda a d\u00eda han desbordado el campo de acci\u00f3n de las ciencias urbanas tradicionales. Con estas premisas, la sesi\u00f3n quiere revisar m\u00e1s concretamente el impacto de las ciudades inteligentes como modelo urbano y su significado en las nuevas pr\u00e1cticas del urbanismo, la gesti\u00f3n de la ciudad, las din\u00e1micas de participaci\u00f3n ciudadana, etc. <\/span><span style=\"color: #000000\"><a style=\"color: #000000\" href=\"http:\/\/humanscalecity.org\">+info<\/a><\/span><\/h6>\n<hr \/>\n<h6><a href=\"https:\/\/drive.google.com\/file\/d\/0BwLLGGMTkcvwWlFIU08yRjAyS3M\/view?usp=sharing\"><img loading=\"lazy\" decoding=\"async\" class=\"alignleft wp-image-421\" src=\"https:\/\/blogs.ua.es\/mappingame\/files\/2015\/10\/Urbanismo-Transversal-2.0-150x150.jpg\" alt=\"urbanismo-transversal-2-0\" width=\"149\" height=\"149\" srcset=\"https:\/\/blogs.ua.es\/mappingame\/files\/2015\/10\/Urbanismo-Transversal-2.0-150x150.jpg 150w, https:\/\/blogs.ua.es\/mappingame\/files\/2015\/10\/Urbanismo-Transversal-2.0.jpg 236w\" sizes=\"auto, (max-width: 149px) 100vw, 149px\" \/><\/a><span style=\"color: #000000\">&gt;\u00a0[lecture series]\u00a0<a href=\"http:\/\/deu.ua.es\/es\/cursos\/urbanismo-transversal.html\">CROSS-CUTTING URBANISM\u00a02.0<\/a><\/span><\/h6>\n<h6><span style=\"color: #808080\">[October 2016 &#8211; April\u00a02017]\u00a0The lecture series under the title CROSS-CUTTING URBANISM 2.0 brings together talks from\u00a0different experts in the discipline and practice of urban issues.\u00a0<\/span><span style=\"color: #000000\"><a class=\"ventananueva\" style=\"color: #000000\" href=\"http:\/\/deu.ua.es\/es\/cursos\/urbanismo-transversal.html\" rel=\"ventananueva\">+info<\/a><\/span><\/h6>\n<hr \/>\n<h6><a href=\"https:\/\/drive.google.com\/open?id=0B9hpYuSM01-KenQ5SWhMc0JZSDg\"><img loading=\"lazy\" decoding=\"async\" class=\"alignleft wp-image-421\" src=\"https:\/\/drive.google.com\/file\/d\/0B9hpYuSM01-KenQ5SWhMc0JZSDg\/view\" alt=\"URBAN PERSPECTIVES 2.0\" width=\"149\" height=\"149\" \/><\/a>\u00a0&gt; [online course] <span style=\"color: #000000\"><a style=\"color: #000000\" href=\"https:\/\/blogs.ua.es\/mappingame\/teaching-activities-2\/350-2\/\">URBAN PERSPECTIVES<\/a><\/span><\/h6>\n<h6 style=\"text-align: justify\"><span style=\"color: #808080\">[23rd May 2016 &#8211; 1st September 2016] \u00a0<\/span><span style=\"font-weight: 400;color: #808080\">This online\u00a0course presents a series of topics of current interest in the field of urban studies. Six experts share their specialized knowledge and experience by introducing different concepts and perspectives on the multifaceted discipline of urbanism.\u00a0<\/span><\/h6>\n<h6 style=\"text-align: justify\">Second edition [15th March 2017 &#8211; 14th April 2017]\u00a0<a href=\"http:\/\/unimooc.com\/perspectivas-urbanas\/\">+info<\/a>. <a href=\"https:\/\/docs.google.com\/forms\/d\/e\/1FAIpQLSd7SV-tIh9Txx8ehB__rnXw1msRO2QoSNnj-RIDZmLKntgFng\/viewform\">Pre-matric\u00falate.<\/a><\/h6>\n<hr \/>\n<h6><strong><a href=\"https:\/\/blogs.ua.es\/mappingame\/files\/2015\/10\/03.png\" target=\"_blank\" rel=\"attachment noopener wp-att-171 noreferrer\"><img loading=\"lazy\" decoding=\"async\" class=\"wp-image-203 alignleft\" src=\"https:\/\/blogs.ua.es\/mappingame\/files\/2015\/10\/03-300x300.png\" alt=\"\" width=\"140\" height=\"140\" srcset=\"https:\/\/blogs.ua.es\/mappingame\/files\/2015\/10\/03-300x300.png 300w, https:\/\/blogs.ua.es\/mappingame\/files\/2015\/10\/03-150x150.png 150w, https:\/\/blogs.ua.es\/mappingame\/files\/2015\/10\/03-768x768.png 768w, https:\/\/blogs.ua.es\/mappingame\/files\/2015\/10\/03-1024x1024.png 1024w, https:\/\/blogs.ua.es\/mappingame\/files\/2015\/10\/03.png 1181w\" sizes=\"auto, (max-width: 140px) 100vw, 140px\" \/><\/a><\/strong><span style=\"color: #000000\">&gt;\u00a0[exhibition] <a style=\"color: #000000\" href=\"https:\/\/blogs.ua.es\/mappingame\/teaching-activities-2\/cities-through-social-networks\/\" target=\"_blank\" rel=\"noopener noreferrer\">CITIES THROUGH SOCIAL NETWORKS<\/a> <\/span><\/h6>\n<h6 style=\"text-align: justify\"><span style=\"color: #808080\">[11th February 2016 &#8211; OPENING!]\u00a0This exhibition is an initiative of a group of lecturers of the Urban Design and Regional Planning Unit of the University of Alicante. It graphically displays a research and teaching trajectory that focuses on the study of various urban and territorial phenomena using\u00a0open and social media data at cities in the Mediterranean European Arc.<\/span><\/h6>\n<hr \/>\n<h6><span style=\"color: #000000\">\u00a0<\/span><span style=\"color: #000000\"><a style=\"color: #000000\" href=\"https:\/\/blogs.ua.es\/mappingame\/files\/2015\/10\/02-meta-morphology.png\"><img loading=\"lazy\" decoding=\"async\" class=\"alignleft wp-image-202\" src=\"https:\/\/blogs.ua.es\/mappingame\/files\/2015\/10\/02-meta-morphology-300x300.png\" alt=\"\" width=\"140\" height=\"140\" srcset=\"https:\/\/blogs.ua.es\/mappingame\/files\/2015\/10\/02-meta-morphology-300x300.png 300w, https:\/\/blogs.ua.es\/mappingame\/files\/2015\/10\/02-meta-morphology-150x150.png 150w, https:\/\/blogs.ua.es\/mappingame\/files\/2015\/10\/02-meta-morphology-768x768.png 768w, https:\/\/blogs.ua.es\/mappingame\/files\/2015\/10\/02-meta-morphology-1024x1024.png 1024w\" sizes=\"auto, (max-width: 140px) 100vw, 140px\" \/><\/a>&gt; [conference] <a style=\"color: #000000\" href=\"http:\/\/www.spinunit.eu\/urban-meta-morphology\/\" target=\"_blank\" rel=\"noopener noreferrer\">URBAN META\/MORPHOLOGY<\/a> &#8211; Damiano Cerrone<\/span><\/h6>\n<h6 style=\"text-align: justify\"><span style=\"color: #808080\">[27th January 2016 &#8211; 11.00 am &#8211; Room EP-S\/07D]<\/span><\/h6>\n<h5><\/h5>\n<h5><span style=\"color: #000000\">\u00a0<\/span><\/h5>\n<hr \/>\n<h6><span style=\"color: #000000\"><a style=\"color: #000000\" href=\"https:\/\/blogs.ua.es\/mappingame\/files\/2015\/10\/01-U.trans_.png\"><img loading=\"lazy\" decoding=\"async\" class=\"alignleft wp-image-204\" src=\"https:\/\/blogs.ua.es\/mappingame\/files\/2015\/10\/01-U.trans_-300x300.png\" alt=\"\" width=\"140\" height=\"140\" srcset=\"https:\/\/blogs.ua.es\/mappingame\/files\/2015\/10\/01-U.trans_-300x300.png 300w, https:\/\/blogs.ua.es\/mappingame\/files\/2015\/10\/01-U.trans_-150x150.png 150w, https:\/\/blogs.ua.es\/mappingame\/files\/2015\/10\/01-U.trans_-768x768.png 768w, https:\/\/blogs.ua.es\/mappingame\/files\/2015\/10\/01-U.trans_-1024x1024.png 1024w, https:\/\/blogs.ua.es\/mappingame\/files\/2015\/10\/01-U.trans_.png 1181w\" sizes=\"auto, (max-width: 140px) 100vw, 140px\" \/><\/a>&gt;\u00a0[course] <a class=\"ventananueva\" style=\"color: #000000;text-decoration: underline\" href=\"http:\/\/deu.ua.es\/es\/cursos\/urbanismo-transversal.html\" rel=\"ventananueva\">CROSS-CUTTING URBANISM<\/a><\/span><\/h6>\n<h6><span style=\"color: #808080\">[November 2015 &#8211; March\u00a02016]\u00a0The lecture series under the title CROSS-CUTTING URBANISM brings together talks from\u00a0different experts in the discipline and practice of urban issues.\u00a0<\/span><span style=\"color: #000000\"><a class=\"ventananueva\" style=\"color: #000000\" href=\"http:\/\/deu.ua.es\/es\/cursos\/urbanismo-transversal.html\" rel=\"ventananueva\">+info<\/a><\/span><\/h6>\n<h5><span style=\"color: #000000\">\u00a0<\/span><\/h5>\n<h5><span style=\"color: #000000\">\u00a0<\/span><\/h5>\n<h5><\/h5>\n","protected":false},"excerpt":{"rendered":"<p>&gt; [special issue] UNDERSTANDING HUMAN-URBAN ENVIRONMENT INTERACTIONS THROUGH GEOLOCATED SOCIAL MEDIA DATA On behalf of the open-access journal Sustainability (ISSN 2071-1050, Impact Factor 2.592), we are pleased to announce a new Special Issue entitled &#8220;Understanding Human-Urban Environment Interactions Through Geolocated &hellip; <a href=\"https:\/\/blogs.ua.es\/mappingame\/news-events\/\">Continue reading <span class=\"meta-nav\">&rarr;<\/span><\/a><\/p>\n","protected":false},"author":3880,"featured_media":0,"parent":0,"menu_order":4,"comment_status":"closed","ping_status":"closed","template":"","meta":{"footnotes":""},"class_list":["post-10","page","type-page","status-publish","hentry"],"_links":{"self":[{"href":"https:\/\/blogs.ua.es\/mappingame\/wp-json\/wp\/v2\/pages\/10","targetHints":{"allow":["GET"]}}],"collection":[{"href":"https:\/\/blogs.ua.es\/mappingame\/wp-json\/wp\/v2\/pages"}],"about":[{"href":"https:\/\/blogs.ua.es\/mappingame\/wp-json\/wp\/v2\/types\/page"}],"author":[{"embeddable":true,"href":"https:\/\/blogs.ua.es\/mappingame\/wp-json\/wp\/v2\/users\/3880"}],"replies":[{"embeddable":true,"href":"https:\/\/blogs.ua.es\/mappingame\/wp-json\/wp\/v2\/comments?post=10"}],"version-history":[{"count":63,"href":"https:\/\/blogs.ua.es\/mappingame\/wp-json\/wp\/v2\/pages\/10\/revisions"}],"predecessor-version":[{"id":613,"href":"https:\/\/blogs.ua.es\/mappingame\/wp-json\/wp\/v2\/pages\/10\/revisions\/613"}],"wp:attachment":[{"href":"https:\/\/blogs.ua.es\/mappingame\/wp-json\/wp\/v2\/media?parent=10"}],"curies":[{"name":"wp","href":"https:\/\/api.w.org\/{rel}","templated":true}]}}