{"id":225,"date":"2016-03-07T12:04:15","date_gmt":"2016-03-07T11:04:15","guid":{"rendered":"https:\/\/blogs.ua.es\/mappingame\/?page_id=225"},"modified":"2020-01-29T11:35:19","modified_gmt":"2020-01-29T10:35:19","slug":"people-2","status":"publish","type":"page","link":"https:\/\/blogs.ua.es\/mappingame\/people-2\/","title":{"rendered":"People"},"content":{"rendered":"<h3 style=\"text-align: left\"><\/h3>\n<h3 style=\"text-align: left\"><strong>Cofounders<\/strong><\/h3>\n<h5>Pablo Mart\u00ed Ciriqui\u00e1n\u00a0<a href=\"mailto:pablo.marti@ua.es\">pablo.marti@ua.es<\/a><\/h5>\n<h5><a href=\"https:\/\/es.linkedin.com\/in\/pablo-mart\u00ed-ciriqui\u00e1n-41014439\" rel=\"attachment wp-att-226\"><img loading=\"lazy\" decoding=\"async\" class=\"alignnone wp-image-226\" src=\"https:\/\/blogs.ua.es\/mappingame\/files\/2016\/03\/Logo-MappingAME-03-300x300.png\" alt=\"Logo MappingAME-03\" width=\"20\" height=\"20\" srcset=\"https:\/\/blogs.ua.es\/mappingame\/files\/2016\/03\/Logo-MappingAME-03-300x300.png 300w, https:\/\/blogs.ua.es\/mappingame\/files\/2016\/03\/Logo-MappingAME-03-150x150.png 150w, https:\/\/blogs.ua.es\/mappingame\/files\/2016\/03\/Logo-MappingAME-03.png 448w\" sizes=\"auto, (max-width: 20px) 100vw, 20px\" \/><\/a>\u00a0<a href=\"https:\/\/twitter.com\/pabmarcir\" rel=\"attachment wp-att-227\"><img loading=\"lazy\" decoding=\"async\" class=\"alignnone wp-image-227\" src=\"https:\/\/blogs.ua.es\/mappingame\/files\/2016\/03\/Logo-MappingAME-04-300x300.png\" alt=\"Logo MappingAME-04\" width=\"20\" height=\"20\" srcset=\"https:\/\/blogs.ua.es\/mappingame\/files\/2016\/03\/Logo-MappingAME-04-300x300.png 300w, https:\/\/blogs.ua.es\/mappingame\/files\/2016\/03\/Logo-MappingAME-04-150x150.png 150w, https:\/\/blogs.ua.es\/mappingame\/files\/2016\/03\/Logo-MappingAME-04.png 448w\" sizes=\"auto, (max-width: 20px) 100vw, 20px\" \/><\/a>\u00a0<a href=\"https:\/\/www.researchgate.net\/profile\/Pablo_Marti-Ciriquian\" rel=\"attachment wp-att-228\"><img loading=\"lazy\" decoding=\"async\" class=\"alignnone wp-image-228\" src=\"https:\/\/blogs.ua.es\/mappingame\/files\/2016\/03\/Logo-MappingAME-05-300x300.png\" alt=\"Logo MappingAME-05\" width=\"20\" height=\"20\" srcset=\"https:\/\/blogs.ua.es\/mappingame\/files\/2016\/03\/Logo-MappingAME-05-300x300.png 300w, https:\/\/blogs.ua.es\/mappingame\/files\/2016\/03\/Logo-MappingAME-05-150x150.png 150w, https:\/\/blogs.ua.es\/mappingame\/files\/2016\/03\/Logo-MappingAME-05.png 448w\" sizes=\"auto, (max-width: 20px) 100vw, 20px\" \/><\/a><\/h5>\n<hr \/>\n<h5>Almudena Nolasco Cirugeda\u00a0<a href=\"mailto:almudena.nolasco@ua.es\">almudena.nolasco@ua.es<\/a><\/h5>\n<h5><a href=\"https:\/\/www.linkedin.com\/in\/almudena-nolasco-cirugeda-0a72b852\" rel=\"attachment wp-att-226\"><img loading=\"lazy\" decoding=\"async\" class=\"alignnone wp-image-226\" src=\"https:\/\/blogs.ua.es\/mappingame\/files\/2016\/03\/Logo-MappingAME-03-300x300.png\" alt=\"Logo MappingAME-03\" width=\"20\" height=\"20\" srcset=\"https:\/\/blogs.ua.es\/mappingame\/files\/2016\/03\/Logo-MappingAME-03-300x300.png 300w, https:\/\/blogs.ua.es\/mappingame\/files\/2016\/03\/Logo-MappingAME-03-150x150.png 150w, https:\/\/blogs.ua.es\/mappingame\/files\/2016\/03\/Logo-MappingAME-03.png 448w\" sizes=\"auto, (max-width: 20px) 100vw, 20px\" \/><\/a>\u00a0<a href=\"https:\/\/twitter.com\/almunol\" rel=\"attachment wp-att-227\"><img loading=\"lazy\" decoding=\"async\" class=\"alignnone wp-image-227\" src=\"https:\/\/blogs.ua.es\/mappingame\/files\/2016\/03\/Logo-MappingAME-04-300x300.png\" alt=\"Logo MappingAME-04\" width=\"20\" height=\"20\" srcset=\"https:\/\/blogs.ua.es\/mappingame\/files\/2016\/03\/Logo-MappingAME-04-300x300.png 300w, https:\/\/blogs.ua.es\/mappingame\/files\/2016\/03\/Logo-MappingAME-04-150x150.png 150w, https:\/\/blogs.ua.es\/mappingame\/files\/2016\/03\/Logo-MappingAME-04.png 448w\" sizes=\"auto, (max-width: 20px) 100vw, 20px\" \/><\/a>\u00a0<a href=\"https:\/\/www.researchgate.net\/profile\/Almudena_Nolasco-Cirugeda\" rel=\"attachment wp-att-228\"><img loading=\"lazy\" decoding=\"async\" class=\"alignnone wp-image-228\" src=\"https:\/\/blogs.ua.es\/mappingame\/files\/2016\/03\/Logo-MappingAME-05-300x300.png\" alt=\"Logo MappingAME-05\" width=\"20\" height=\"20\" srcset=\"https:\/\/blogs.ua.es\/mappingame\/files\/2016\/03\/Logo-MappingAME-05-300x300.png 300w, https:\/\/blogs.ua.es\/mappingame\/files\/2016\/03\/Logo-MappingAME-05-150x150.png 150w, https:\/\/blogs.ua.es\/mappingame\/files\/2016\/03\/Logo-MappingAME-05.png 448w\" sizes=\"auto, (max-width: 20px) 100vw, 20px\" \/><\/a>\u00a0<a href=\"http:\/\/orcid.org\/0000-0002-3653-1650\" rel=\"attachment wp-att-229\"><img loading=\"lazy\" decoding=\"async\" class=\"alignnone wp-image-229\" src=\"https:\/\/blogs.ua.es\/mappingame\/files\/2016\/03\/Logo-MappingAME-06-300x300.png\" alt=\"Logo MappingAME-06\" width=\"20\" height=\"20\" srcset=\"https:\/\/blogs.ua.es\/mappingame\/files\/2016\/03\/Logo-MappingAME-06-300x300.png 300w, https:\/\/blogs.ua.es\/mappingame\/files\/2016\/03\/Logo-MappingAME-06-150x150.png 150w, https:\/\/blogs.ua.es\/mappingame\/files\/2016\/03\/Logo-MappingAME-06.png 448w\" sizes=\"auto, (max-width: 20px) 100vw, 20px\" \/><\/a><\/h5>\n<hr \/>\n<h5>Leticia Serrano Estrada\u00a0<a href=\"mailto:leticia.serrano@ua.es\">leticia.serrano@ua.es<\/a><\/h5>\n<h5><a href=\"https:\/\/www.linkedin.com\/in\/leticiaserrano\" rel=\"attachment wp-att-226\"><img loading=\"lazy\" decoding=\"async\" class=\"alignnone wp-image-226\" src=\"https:\/\/blogs.ua.es\/mappingame\/files\/2016\/03\/Logo-MappingAME-03-300x300.png\" alt=\"Logo MappingAME-03\" width=\"20\" height=\"20\" srcset=\"https:\/\/blogs.ua.es\/mappingame\/files\/2016\/03\/Logo-MappingAME-03-300x300.png 300w, https:\/\/blogs.ua.es\/mappingame\/files\/2016\/03\/Logo-MappingAME-03-150x150.png 150w, https:\/\/blogs.ua.es\/mappingame\/files\/2016\/03\/Logo-MappingAME-03.png 448w\" sizes=\"auto, (max-width: 20px) 100vw, 20px\" \/><\/a>\u00a0<a href=\"https:\/\/twitter.com\/leticiaserranoe\" rel=\"attachment wp-att-227\"><img loading=\"lazy\" decoding=\"async\" class=\"alignnone wp-image-227\" src=\"https:\/\/blogs.ua.es\/mappingame\/files\/2016\/03\/Logo-MappingAME-04-300x300.png\" alt=\"Logo MappingAME-04\" width=\"20\" height=\"20\" srcset=\"https:\/\/blogs.ua.es\/mappingame\/files\/2016\/03\/Logo-MappingAME-04-300x300.png 300w, https:\/\/blogs.ua.es\/mappingame\/files\/2016\/03\/Logo-MappingAME-04-150x150.png 150w, https:\/\/blogs.ua.es\/mappingame\/files\/2016\/03\/Logo-MappingAME-04.png 448w\" sizes=\"auto, (max-width: 20px) 100vw, 20px\" \/><\/a>\u00a0<a href=\"https:\/\/www.researchgate.net\/profile\/Leticia_SERRANO_ESTRADA\" rel=\"attachment wp-att-228\"><img loading=\"lazy\" decoding=\"async\" class=\"alignnone wp-image-228\" src=\"https:\/\/blogs.ua.es\/mappingame\/files\/2016\/03\/Logo-MappingAME-05-300x300.png\" alt=\"Logo MappingAME-05\" width=\"20\" height=\"20\" srcset=\"https:\/\/blogs.ua.es\/mappingame\/files\/2016\/03\/Logo-MappingAME-05-300x300.png 300w, https:\/\/blogs.ua.es\/mappingame\/files\/2016\/03\/Logo-MappingAME-05-150x150.png 150w, https:\/\/blogs.ua.es\/mappingame\/files\/2016\/03\/Logo-MappingAME-05.png 448w\" sizes=\"auto, (max-width: 20px) 100vw, 20px\" \/><\/a>\u00a0<a href=\"http:\/\/orcid.org\/0000-0002-7466-1974\" rel=\"attachment wp-att-229\"><img loading=\"lazy\" decoding=\"async\" class=\"alignnone wp-image-229\" src=\"https:\/\/blogs.ua.es\/mappingame\/files\/2016\/03\/Logo-MappingAME-06-300x300.png\" alt=\"Logo MappingAME-06\" width=\"20\" height=\"20\" srcset=\"https:\/\/blogs.ua.es\/mappingame\/files\/2016\/03\/Logo-MappingAME-06-300x300.png 300w, https:\/\/blogs.ua.es\/mappingame\/files\/2016\/03\/Logo-MappingAME-06-150x150.png 150w, https:\/\/blogs.ua.es\/mappingame\/files\/2016\/03\/Logo-MappingAME-06.png 448w\" sizes=\"auto, (max-width: 20px) 100vw, 20px\" \/><\/a><\/h5>\n<hr \/>\n<h5><\/h5>\n<p>&nbsp;<\/p>\n<h3 style=\"text-align: left\"><strong>Collaborators\u00a0<\/strong><\/h3>\n<h5>Rafael Temes C\u00f3rdovez <a href=\"\/DOCUME~1\/jperezi\/CONFIG~1\/Temp\/Rar$DIa0.602\/rtemesc@urb.upv.es\">rtemesc@urb.upv.es<\/a><\/h5>\n<h5>\u00a0\u00a0<a href=\"http:\/\/rtemesc.webs.upv.es\/web\/\"><img loading=\"lazy\" decoding=\"async\" class=\"alignnone wp-image-230\" src=\"https:\/\/blogs.ua.es\/mappingame\/files\/2016\/03\/Logo-MappingAME-07-300x300.png\" width=\"20\" height=\"20\" srcset=\"https:\/\/blogs.ua.es\/mappingame\/files\/2016\/03\/Logo-MappingAME-07-300x300.png 300w, https:\/\/blogs.ua.es\/mappingame\/files\/2016\/03\/Logo-MappingAME-07-150x150.png 150w, https:\/\/blogs.ua.es\/mappingame\/files\/2016\/03\/Logo-MappingAME-07.png 448w\" sizes=\"auto, (max-width: 20px) 100vw, 20px\" \/><\/a><\/h5>\n<hr \/>\n<h5><\/h5>\n<h5>Clara Garc\u00eda Mayor\u00a0<a href=\"mailto:magarma@ua.es\">magarma@ua.es<\/a><\/h5>\n<h5>\u00a0\u00a0<a href=\"https:\/\/www.researchgate.net\/profile\/Clara_Garcia_Mayor\" rel=\"attachment wp-att-228\"><img loading=\"lazy\" decoding=\"async\" class=\"alignnone wp-image-228\" src=\"https:\/\/blogs.ua.es\/mappingame\/files\/2016\/03\/Logo-MappingAME-05-300x300.png\" alt=\"Logo MappingAME-05\" width=\"20\" height=\"20\" srcset=\"https:\/\/blogs.ua.es\/mappingame\/files\/2016\/03\/Logo-MappingAME-05-300x300.png 300w, https:\/\/blogs.ua.es\/mappingame\/files\/2016\/03\/Logo-MappingAME-05-150x150.png 150w, https:\/\/blogs.ua.es\/mappingame\/files\/2016\/03\/Logo-MappingAME-05.png 448w\" sizes=\"auto, (max-width: 20px) 100vw, 20px\" \/><\/a>\u00a0<a href=\"http:\/\/orcid.org\/0000-0002-7714-3363\" rel=\"attachment wp-att-229\"><img loading=\"lazy\" decoding=\"async\" class=\"alignnone wp-image-229\" src=\"https:\/\/blogs.ua.es\/mappingame\/files\/2016\/03\/Logo-MappingAME-06-300x300.png\" alt=\"Logo MappingAME-06\" width=\"20\" height=\"20\" srcset=\"https:\/\/blogs.ua.es\/mappingame\/files\/2016\/03\/Logo-MappingAME-06-300x300.png 300w, https:\/\/blogs.ua.es\/mappingame\/files\/2016\/03\/Logo-MappingAME-06-150x150.png 150w, https:\/\/blogs.ua.es\/mappingame\/files\/2016\/03\/Logo-MappingAME-06.png 448w\" sizes=\"auto, (max-width: 20px) 100vw, 20px\" \/><\/a><\/h5>\n<hr \/>\n<h5>Raquel P\u00e9rez del Hoyo\u00a0<a href=\"mailto:perezdelhoyo@ua.es\">perezdelhoyo@ua.es<\/a><\/h5>\n<h5>\u00a0\u00a0<a href=\"https:\/\/www.researchgate.net\/profile\/Raquel_Perez-Delhoyo\" rel=\"attachment wp-att-228\"><img loading=\"lazy\" decoding=\"async\" class=\"alignnone wp-image-228\" src=\"https:\/\/blogs.ua.es\/mappingame\/files\/2016\/03\/Logo-MappingAME-05-300x300.png\" alt=\"Logo MappingAME-05\" width=\"20\" height=\"20\" srcset=\"https:\/\/blogs.ua.es\/mappingame\/files\/2016\/03\/Logo-MappingAME-05-300x300.png 300w, https:\/\/blogs.ua.es\/mappingame\/files\/2016\/03\/Logo-MappingAME-05-150x150.png 150w, https:\/\/blogs.ua.es\/mappingame\/files\/2016\/03\/Logo-MappingAME-05.png 448w\" sizes=\"auto, (max-width: 20px) 100vw, 20px\" \/><\/a><\/h5>\n<hr \/>\n<h5>\u00c1ngel L\u00f3pez Romero <a href=\"angellopezromero@gmail.com\">angellopezromero@gmail.com<\/a><\/h5>\n<h5><a href=\"https:\/\/es.linkedin.com\/in\/angellopezromero\" target=\"_blank\" rel=\"noopener noreferrer\"><img loading=\"lazy\" decoding=\"async\" class=\"alignnone wp-image-226\" src=\"https:\/\/blogs.ua.es\/mappingame\/files\/2016\/03\/Logo-MappingAME-03-300x300.png\" alt=\"Logo MappingAME-03\" width=\"20\" height=\"20\" srcset=\"https:\/\/blogs.ua.es\/mappingame\/files\/2016\/03\/Logo-MappingAME-03-300x300.png 300w, https:\/\/blogs.ua.es\/mappingame\/files\/2016\/03\/Logo-MappingAME-03-150x150.png 150w, https:\/\/blogs.ua.es\/mappingame\/files\/2016\/03\/Logo-MappingAME-03.png 448w\" sizes=\"auto, (max-width: 20px) 100vw, 20px\" \/><\/a><\/h5>\n<hr \/>\n<h5>\u00c1lvaro Bernabeu Bautista <a href=\"mailto:alvaro.bautista@ua.es\">alvaro.bautista@ua.es<\/a><\/h5>\n<h5><a href=\"https:\/\/twitter.com\/bernabeu444\" target=\"_blank\" rel=\"attachment noopener wp-att-227 noreferrer\"><img loading=\"lazy\" decoding=\"async\" class=\"alignnone wp-image-227\" src=\"https:\/\/blogs.ua.es\/mappingame\/files\/2016\/03\/Logo-MappingAME-04-300x300.png\" alt=\"Logo MappingAME-04\" width=\"20\" height=\"20\" srcset=\"https:\/\/blogs.ua.es\/mappingame\/files\/2016\/03\/Logo-MappingAME-04-300x300.png 300w, https:\/\/blogs.ua.es\/mappingame\/files\/2016\/03\/Logo-MappingAME-04-150x150.png 150w, https:\/\/blogs.ua.es\/mappingame\/files\/2016\/03\/Logo-MappingAME-04.png 448w\" sizes=\"auto, (max-width: 20px) 100vw, 20px\" \/><\/a> <a href=\"https:\/\/www.researchgate.net\/profile\/Alvaro_Bernabeu_Bautista\" rel=\"attachment wp-att-228\"><img loading=\"lazy\" decoding=\"async\" class=\"alignnone wp-image-228\" src=\"https:\/\/blogs.ua.es\/mappingame\/files\/2016\/03\/Logo-MappingAME-05-300x300.png\" alt=\"Logo MappingAME-05\" width=\"20\" height=\"20\" srcset=\"https:\/\/blogs.ua.es\/mappingame\/files\/2016\/03\/Logo-MappingAME-05-300x300.png 300w, https:\/\/blogs.ua.es\/mappingame\/files\/2016\/03\/Logo-MappingAME-05-150x150.png 150w, https:\/\/blogs.ua.es\/mappingame\/files\/2016\/03\/Logo-MappingAME-05.png 448w\" sizes=\"auto, (max-width: 20px) 100vw, 20px\" \/><\/a> <a href=\"https:\/\/orcid.org\/0000-0002-2335-961X\" rel=\"attachment wp-att-229\"><img loading=\"lazy\" decoding=\"async\" class=\"alignnone wp-image-229\" src=\"https:\/\/blogs.ua.es\/mappingame\/files\/2016\/03\/Logo-MappingAME-06-300x300.png\" alt=\"Logo MappingAME-06\" width=\"20\" height=\"20\" srcset=\"https:\/\/blogs.ua.es\/mappingame\/files\/2016\/03\/Logo-MappingAME-06-300x300.png 300w, https:\/\/blogs.ua.es\/mappingame\/files\/2016\/03\/Logo-MappingAME-06-150x150.png 150w, https:\/\/blogs.ua.es\/mappingame\/files\/2016\/03\/Logo-MappingAME-06.png 448w\" sizes=\"auto, (max-width: 20px) 100vw, 20px\" \/><\/a><\/h5>\n<h5><\/h5>\n<hr \/>\n<h5>Jes\u00fas L\u00f3pez Baeza\u00a0<a href=\"mailto:oldblueshoe@gmail.com\">oldblueshoe@gmail.com<\/a><\/h5>\n<h5><a href=\"https:\/\/es.linkedin.com\/in\/jes\u00fas-l\u00f3pez-baeza-44b894a8\" rel=\"attachment wp-att-226\"><img loading=\"lazy\" decoding=\"async\" class=\"alignnone wp-image-226\" src=\"https:\/\/blogs.ua.es\/mappingame\/files\/2016\/03\/Logo-MappingAME-03-300x300.png\" alt=\"Logo MappingAME-03\" width=\"20\" height=\"20\" srcset=\"https:\/\/blogs.ua.es\/mappingame\/files\/2016\/03\/Logo-MappingAME-03-300x300.png 300w, https:\/\/blogs.ua.es\/mappingame\/files\/2016\/03\/Logo-MappingAME-03-150x150.png 150w, https:\/\/blogs.ua.es\/mappingame\/files\/2016\/03\/Logo-MappingAME-03.png 448w\" sizes=\"auto, (max-width: 20px) 100vw, 20px\" \/><\/a>\u00a0<a href=\"https:\/\/www.researchgate.net\/profile\/Jesus_Lopez_Baeza\" rel=\"attachment wp-att-228\"><img loading=\"lazy\" decoding=\"async\" class=\"alignnone wp-image-228\" src=\"https:\/\/blogs.ua.es\/mappingame\/files\/2016\/03\/Logo-MappingAME-05-300x300.png\" alt=\"Logo MappingAME-05\" width=\"20\" height=\"20\" srcset=\"https:\/\/blogs.ua.es\/mappingame\/files\/2016\/03\/Logo-MappingAME-05-300x300.png 300w, https:\/\/blogs.ua.es\/mappingame\/files\/2016\/03\/Logo-MappingAME-05-150x150.png 150w, https:\/\/blogs.ua.es\/mappingame\/files\/2016\/03\/Logo-MappingAME-05.png 448w\" sizes=\"auto, (max-width: 20px) 100vw, 20px\" \/><\/a>\u00a0<a href=\"http:\/\/oldblueshoe.wix.com\/black\" rel=\"attachment wp-att-229\"><img loading=\"lazy\" decoding=\"async\" class=\"alignnone wp-image-230\" src=\"https:\/\/blogs.ua.es\/mappingame\/files\/2016\/03\/Logo-MappingAME-07-300x300.png\" alt=\"\" width=\"20\" height=\"20\" srcset=\"https:\/\/blogs.ua.es\/mappingame\/files\/2016\/03\/Logo-MappingAME-07-300x300.png 300w, https:\/\/blogs.ua.es\/mappingame\/files\/2016\/03\/Logo-MappingAME-07-150x150.png 150w, https:\/\/blogs.ua.es\/mappingame\/files\/2016\/03\/Logo-MappingAME-07.png 448w\" sizes=\"auto, (max-width: 20px) 100vw, 20px\" \/><\/a><\/h5>\n<hr \/>\n<h5><\/h5>\n<p>&nbsp;<\/p>\n<h4>Also have collaborated with us:<\/h4>\n<h5><span style=\"color: #000000\">Ilaria Pierdicca<\/span>\u00a0<a href=\"https:\/\/it.linkedin.com\/in\/ilaria-pierdicca-7a0ba986\/en\" rel=\"attachment wp-att-226\"><img loading=\"lazy\" decoding=\"async\" class=\"alignnone wp-image-226\" src=\"https:\/\/blogs.ua.es\/mappingame\/files\/2016\/03\/Logo-MappingAME-03-300x300.png\" alt=\"Logo MappingAME-03\" width=\"20\" height=\"20\" srcset=\"https:\/\/blogs.ua.es\/mappingame\/files\/2016\/03\/Logo-MappingAME-03-300x300.png 300w, https:\/\/blogs.ua.es\/mappingame\/files\/2016\/03\/Logo-MappingAME-03-150x150.png 150w, https:\/\/blogs.ua.es\/mappingame\/files\/2016\/03\/Logo-MappingAME-03.png 448w\" sizes=\"auto, (max-width: 20px) 100vw, 20px\" \/><\/a>\u00a0,\u00a0 Francisco \u00c1lvarez \u00c1lvarez \u00a0<a href=\"https:\/\/es.linkedin.com\/in\/franalvarez21\" rel=\"attachment wp-att-226\"><img loading=\"lazy\" decoding=\"async\" class=\"alignnone wp-image-226\" src=\"https:\/\/blogs.ua.es\/mappingame\/files\/2016\/03\/Logo-MappingAME-03-300x300.png\" alt=\"Logo MappingAME-03\" width=\"20\" height=\"20\" srcset=\"https:\/\/blogs.ua.es\/mappingame\/files\/2016\/03\/Logo-MappingAME-03-300x300.png 300w, https:\/\/blogs.ua.es\/mappingame\/files\/2016\/03\/Logo-MappingAME-03-150x150.png 150w, https:\/\/blogs.ua.es\/mappingame\/files\/2016\/03\/Logo-MappingAME-03.png 448w\" sizes=\"auto, (max-width: 20px) 100vw, 20px\" \/><\/a>\u00a0and Manuel Pascual Luna\u00a0<a href=\"https:\/\/twitter.com\/grouchoboy\" rel=\"attachment wp-att-227\"><img loading=\"lazy\" decoding=\"async\" class=\"alignnone wp-image-227\" src=\"https:\/\/blogs.ua.es\/mappingame\/files\/2016\/03\/Logo-MappingAME-04-300x300.png\" alt=\"Logo MappingAME-04\" width=\"20\" height=\"20\" srcset=\"https:\/\/blogs.ua.es\/mappingame\/files\/2016\/03\/Logo-MappingAME-04-300x300.png 300w, https:\/\/blogs.ua.es\/mappingame\/files\/2016\/03\/Logo-MappingAME-04-150x150.png 150w, https:\/\/blogs.ua.es\/mappingame\/files\/2016\/03\/Logo-MappingAME-04.png 448w\" sizes=\"auto, (max-width: 20px) 100vw, 20px\" \/><\/a><\/h5>\n<h5><\/h5>\n<h5><\/h5>\n","protected":false},"excerpt":{"rendered":"<p>Cofounders Pablo Mart\u00ed Ciriqui\u00e1n\u00a0pablo.marti@ua.es \u00a0\u00a0 Almudena Nolasco Cirugeda\u00a0almudena.nolasco@ua.es \u00a0\u00a0\u00a0 Leticia Serrano Estrada\u00a0leticia.serrano@ua.es \u00a0\u00a0\u00a0 &nbsp; Collaborators\u00a0 Rafael Temes C\u00f3rdovez rtemesc@urb.upv.es \u00a0\u00a0 Clara Garc\u00eda Mayor\u00a0magarma@ua.es \u00a0\u00a0\u00a0 Raquel P\u00e9rez del Hoyo\u00a0perezdelhoyo@ua.es \u00a0\u00a0 \u00c1ngel L\u00f3pez Romero angellopezromero@gmail.com \u00c1lvaro Bernabeu Bautista alvaro.bautista@ua.es Jes\u00fas L\u00f3pez Baeza\u00a0oldblueshoe@gmail.com &hellip; <a href=\"https:\/\/blogs.ua.es\/mappingame\/people-2\/\">Continue reading <span class=\"meta-nav\">&rarr;<\/span><\/a><\/p>\n","protected":false},"author":3880,"featured_media":0,"parent":0,"menu_order":5,"comment_status":"closed","ping_status":"closed","template":"","meta":{"footnotes":""},"class_list":["post-225","page","type-page","status-publish","hentry"],"_links":{"self":[{"href":"https:\/\/blogs.ua.es\/mappingame\/wp-json\/wp\/v2\/pages\/225","targetHints":{"allow":["GET"]}}],"collection":[{"href":"https:\/\/blogs.ua.es\/mappingame\/wp-json\/wp\/v2\/pages"}],"about":[{"href":"https:\/\/blogs.ua.es\/mappingame\/wp-json\/wp\/v2\/types\/page"}],"author":[{"embeddable":true,"href":"https:\/\/blogs.ua.es\/mappingame\/wp-json\/wp\/v2\/users\/3880"}],"replies":[{"embeddable":true,"href":"https:\/\/blogs.ua.es\/mappingame\/wp-json\/wp\/v2\/comments?post=225"}],"version-history":[{"count":31,"href":"https:\/\/blogs.ua.es\/mappingame\/wp-json\/wp\/v2\/pages\/225\/revisions"}],"predecessor-version":[{"id":595,"href":"https:\/\/blogs.ua.es\/mappingame\/wp-json\/wp\/v2\/pages\/225\/revisions\/595"}],"wp:attachment":[{"href":"https:\/\/blogs.ua.es\/mappingame\/wp-json\/wp\/v2\/media?parent=225"}],"curies":[{"name":"wp","href":"https:\/\/api.w.org\/{rel}","templated":true}]}}