{"id":350,"date":"2016-04-19T11:27:38","date_gmt":"2016-04-19T10:27:38","guid":{"rendered":"https:\/\/blogs.ua.es\/mappingame\/?page_id=350"},"modified":"2017-04-16T23:30:00","modified_gmt":"2017-04-16T22:30:00","slug":"350-2","status":"publish","type":"page","link":"https:\/\/blogs.ua.es\/mappingame\/teaching-activities-2\/350-2\/","title":{"rendered":"Urban Perspectives"},"content":{"rendered":"<h3>Second edition 2017<\/h3>\n<h3><a href=\"https:\/\/drive.google.com\/file\/d\/0BwLLGGMTkcvwN1Vqc2RHenVaZDQ\/view?usp=sharing\" rel=\"attachment wp-att-348\"><img loading=\"lazy\" decoding=\"async\" class=\"aligncenter wp-image-348 size-large\" src=\"https:\/\/blogs.ua.es\/mappingame\/files\/2015\/10\/Portada-Web-Mappingame-03-e1461061382231-1024x409.png\" width=\"640\" height=\"256\" \/><\/a><\/h3>\n<h6 style=\"text-align: justify\"><span style=\"color: #808080\">online course.<a href=\"http:\/\/unimooc.com\/perspectivas-urbanas\/\"> more info<\/a>.<\/span><\/h6>\n<p>INSCRIPCIONES VIA EMAIL <a href=\"mailto:ceclec@iei.ua.es\">ceclec@iei.ua.es<\/a><\/p>\n<h5 style=\"text-align: justify\"><span style=\"font-weight: 400\">This ONLINE course presents a series of topics of current interest in the field of urban studies. Six experts share their specialized knowledge and experience by introducing different concepts and perspectives on the multifaceted discipline of urbanism. <\/span><\/h5>\n<div class=\"page\" title=\"Page 1\">\n<div class=\"layoutArea\">\n<div class=\"column\">\n<h6 style=\"text-align: justify\"><span style=\"color: #808080\">Este curso online presenta una serie de tem\u00e1ticas y reflexiones de debate actual en materia de urbanismo por parte de expertos especializados en algunas de las m\u00faltiples facetas que componen la disciplina de la Urban\u00edstica y Ordenaci\u00f3n del Territorio. El objetivo del curso es ofrecer una visi\u00f3n renovada y panor\u00e1mica de distintas aproximaciones te\u00f3ricas que son de inter\u00e9s para complementar la formaci\u00f3n y el conocimiento que concierne la profesi\u00f3n de Arquitectos, Arquitectos t\u00e9cnicos e Ingenieros.<\/span><\/h6>\n<\/div>\n<\/div>\n<\/div>\n<h5 style=\"text-align: justify\"><span style=\"color: #000000\">Dirigido a<\/span><\/h5>\n<h6 style=\"text-align: justify\"><span style=\"color: #808080\">Estudiantes de la titulaci\u00f3n de Arquitectura, Grado en Arquitectura, Grado en Fundamentos de la Arquitectura, Grado en Ingenier\u00eda Civil, Arquitectura T\u00e9cnica, Grado en Arquitectura T\u00e9cnica de la Universidad de Alicante.<\/span><\/h6>\n<h6 style=\"text-align: justify\"><span style=\"color: #808080\">Estudiantes \u00a0de otras universidades y profesionales con inter\u00e9s en el \u00e1mbito del urbanismo.<\/span><\/h6>\n<h5>\u00a0Idioma<\/h5>\n<h6><span style=\"color: #808080\">90% Castellano;\u00a0<\/span><span style=\"color: #808080\">10% Ingl\u00e9s<\/span><\/h6>\n<h5>Dedicaci\u00f3n<\/h5>\n<h6><span style=\"color: #808080\">3o Horas. 3 Cr\u00e9ditos ECTS<\/span><\/h6>\n<h5>Precio del curso<\/h5>\n<h6><span style=\"color: #808080\">30\u20ac<\/span><\/h6>\n<h5 style=\"text-align: justify\"><span style=\"color: #000000\">Requisitos para la obtenci\u00f3n del diploma<\/span><\/h5>\n<div class=\"page\" title=\"Page 1\">\n<div class=\"layoutArea\">\n<div class=\"column\">\n<h6><span style=\"color: #808080\">El alumno deber\u00e1 realizar las actividades complementarias propuestas relacionadas con el contenido del curso. Concretamente, el curso consta de seis m\u00f3dulos y cada sesi\u00f3n incluye material audiovisual y material complementario en formato de texto con actividades propuestas para evaluar al alumnado.<\/span><\/h6>\n<\/div>\n<\/div>\n<\/div>\n<h5>Fechas de inter\u00e9s<\/h5>\n<h6><span style=\"color: #808080\">&gt;<a style=\"color: #808080\" href=\"https:\/\/docs.google.com\/forms\/d\/e\/1FAIpQLSd7SV-tIh9Txx8ehB__rnXw1msRO2QoSNnj-RIDZmLKntgFng\/viewform\">Preinscripci\u00f3n<\/a>: 30\/01\/17 &#8211; 15\/03\/17<br \/>\n<\/span><\/h6>\n<h6><span style=\"color: #808080\">&gt;Matr\u00edcula: 30\/01\/17 &#8211; 15\/03\/17<\/span><\/h6>\n<h6><span style=\"color: #808080\">&gt;Curso: 15\/03\/2017 &#8211;\u00a014\/04\/2017<\/span><\/h6>\n<h6><span style=\"color: #808080\"><a href=\"https:\/\/blogs.ua.es\/mappingame\/files\/2016\/04\/Segunda-Edici\u00f3n-Online-LowRes.jpg\" rel=\"attachment wp-att-351\"><img loading=\"lazy\" decoding=\"async\" class=\"alignnone wp-image-431 size-medium\" src=\"https:\/\/blogs.ua.es\/mappingame\/files\/2016\/04\/Segunda-Edici\u00f3n-Online-LowRes-212x300.jpg\" width=\"212\" height=\"300\" srcset=\"https:\/\/blogs.ua.es\/mappingame\/files\/2016\/04\/Segunda-Edici\u00f3n-Online-LowRes-212x300.jpg 212w, https:\/\/blogs.ua.es\/mappingame\/files\/2016\/04\/Segunda-Edici\u00f3n-Online-LowRes-768x1086.jpg 768w, https:\/\/blogs.ua.es\/mappingame\/files\/2016\/04\/Segunda-Edici\u00f3n-Online-LowRes-724x1024.jpg 724w, https:\/\/blogs.ua.es\/mappingame\/files\/2016\/04\/Segunda-Edici\u00f3n-Online-LowRes.jpg 835w\" sizes=\"auto, (max-width: 212px) 100vw, 212px\" \/><\/a><\/span><\/h6>\n<h6><span style=\"color: #000000\"><a style=\"color: #000000\" href=\"http:\/\/unimooc.com\/perspectivas-urbanas\/\">m\u00e1s informaci\u00f3n<\/a><\/span><\/h6>\n<p><span style=\"color: #000000\">[<a style=\"color: #000000\" href=\"https:\/\/docs.google.com\/forms\/d\/e\/1FAIpQLSd7SV-tIh9Txx8ehB__rnXw1msRO2QoSNnj-RIDZmLKntgFng\/viewform\">PRE-MATRIC\u00daLATE<\/a>]<\/span><\/p>\n<p>&nbsp;<\/p>\n","protected":false},"excerpt":{"rendered":"<p>Second edition 2017 online course. more info. INSCRIPCIONES VIA EMAIL ceclec@iei.ua.es This ONLINE course presents a series of topics of current interest in the field of urban studies. Six experts share their specialized knowledge and experience by introducing different concepts &hellip; <a href=\"https:\/\/blogs.ua.es\/mappingame\/teaching-activities-2\/350-2\/\">Continue reading <span class=\"meta-nav\">&rarr;<\/span><\/a><\/p>\n","protected":false},"author":3880,"featured_media":0,"parent":298,"menu_order":0,"comment_status":"closed","ping_status":"closed","template":"","meta":{"footnotes":""},"class_list":["post-350","page","type-page","status-publish","hentry"],"_links":{"self":[{"href":"https:\/\/blogs.ua.es\/mappingame\/wp-json\/wp\/v2\/pages\/350","targetHints":{"allow":["GET"]}}],"collection":[{"href":"https:\/\/blogs.ua.es\/mappingame\/wp-json\/wp\/v2\/pages"}],"about":[{"href":"https:\/\/blogs.ua.es\/mappingame\/wp-json\/wp\/v2\/types\/page"}],"author":[{"embeddable":true,"href":"https:\/\/blogs.ua.es\/mappingame\/wp-json\/wp\/v2\/users\/3880"}],"replies":[{"embeddable":true,"href":"https:\/\/blogs.ua.es\/mappingame\/wp-json\/wp\/v2\/comments?post=350"}],"version-history":[{"count":31,"href":"https:\/\/blogs.ua.es\/mappingame\/wp-json\/wp\/v2\/pages\/350\/revisions"}],"predecessor-version":[{"id":527,"href":"https:\/\/blogs.ua.es\/mappingame\/wp-json\/wp\/v2\/pages\/350\/revisions\/527"}],"up":[{"embeddable":true,"href":"https:\/\/blogs.ua.es\/mappingame\/wp-json\/wp\/v2\/pages\/298"}],"wp:attachment":[{"href":"https:\/\/blogs.ua.es\/mappingame\/wp-json\/wp\/v2\/media?parent=350"}],"curies":[{"name":"wp","href":"https:\/\/api.w.org\/{rel}","templated":true}]}}