{"id":472,"date":"2017-01-17T11:27:41","date_gmt":"2017-01-17T10:27:41","guid":{"rendered":"https:\/\/blogs.ua.es\/mappingame\/?page_id=472"},"modified":"2017-01-19T13:58:37","modified_gmt":"2017-01-19T12:58:37","slug":"san-francisco","status":"publish","type":"page","link":"https:\/\/blogs.ua.es\/mappingame\/research-aims-and-scope\/projects\/san-francisco\/","title":{"rendered":"Social media to read the perception and social use of a transformed urban space"},"content":{"rendered":"<div class=\"page\" title=\"Page 1\">\n<div class=\"layoutArea\">\n<div class=\"column\">\n<h4>Percepci\u00f3n y uso social de una transformaci\u00f3n urbana a trav\u00e9s del social media<\/h4>\n<h6><span style=\"color: #808080\">Jes\u00fas L\u00f3pez Baeza, Leticia Serrano Estrada, Almudena Nolasco Cirugeda\u00a0<\/span><\/h6>\n<h5><a href=\"https:\/\/blogs.ua.es\/mappingame\/files\/2017\/01\/Fig-3.jpg\"><img loading=\"lazy\" decoding=\"async\" class=\"alignnone wp-image-473 size-full\" src=\"https:\/\/blogs.ua.es\/mappingame\/files\/2017\/01\/Fig-3-e1484649008548.jpg\" alt=\"fig-3\" width=\"226\" height=\"150\" \/><\/a><\/h5>\n<h6><span style=\"color: #808080\">El an\u00e1lisis del espacio p\u00fablico urbano a partir de su dimensi\u00f3n perceptual ha sido, tradicionalmente, un recurso fundamental para reconocer qu\u00e9 caracter\u00edsticas f\u00edsicas lo diferencian y le confieren actividad y vitalidad. Esta aproximaci\u00f3n es particularmente relevante en entornos urbanos transformados. Conocer la percepci\u00f3n social\u00a0 sobre el espacio p\u00fablico permite valorar en qu\u00e9 medida las acciones realizadas modifican las din\u00e1micas urbanas. Bajo esta consideraci\u00f3n, el objetivo de este trabajo es estudiar la vida urbana tras la transformaci\u00f3n de la Calle San Francisco, en Alicante, Espa\u00f1a, \u00a0en un espacio l\u00fadico caracterizado por la implantaci\u00f3n de una serie de setas gigantes. Para ello, se definieron y evaluaron tres indicadores de vida p\u00fablica: las actividades econ\u00f3micas en la edificaci\u00f3n antes y despu\u00e9s de la intervenci\u00f3n; el uso social del espacio proyectado; y, la imagen p\u00fablica \u2014o imagen percibida\u2014 resultante. Se propone una metodolog\u00eda h\u00edbrida que combina los datos recogidos en un estudio de campo con los datos provenientes de fuentes de base tecnol\u00f3gica, concretamente, de la red social\u00a0<span style=\"color: #000000\"><em>Instagram<\/em><\/span>\u00a0y del servicio web\u00a0<span style=\"color: #000000\"><em>Google Street View<\/em><\/span>. Los resultados obtenidos ponen de manifiesto que la utilizaci\u00f3n de datos\u00a0<span style=\"color: #000000\"><em>offline<\/em><\/span>\u00a0y\u00a0<span style=\"color: #000000\"><em>online<\/em><\/span>\u00a0permite confirmar, complementar o cuestionar las deducciones parciales de cada uno de los m\u00e9todos, ratificando as\u00ed que la transformaci\u00f3n de la Calle San Francisco ha modificado sustancialmente no s\u00f3lo su identidad f\u00edsica, sino sobre todo la imagen colectiva del espacio con relaci\u00f3n a la del resto de la ciudad. En definitiva, este trabajo evidencia la pertinencia de incorporar t\u00e9cnicas de base tecnol\u00f3gica para entender la complejidad de las relaciones sociales, f\u00edsicas y virtuales, que se producen como consecuencia de la transformaci\u00f3n de un espacio urbano.<\/span><\/h6>\n<p><a href=\"https:\/\/blogs.ua.es\/mappingame\/files\/2017\/01\/montage-lowres.png\"><img loading=\"lazy\" decoding=\"async\" class=\"alignnone wp-image-485 size-full\" src=\"https:\/\/blogs.ua.es\/mappingame\/files\/2017\/01\/montage-lowres.png\" alt=\"montage-lowres\" width=\"1418\" height=\"869\" srcset=\"https:\/\/blogs.ua.es\/mappingame\/files\/2017\/01\/montage-lowres.png 1418w, https:\/\/blogs.ua.es\/mappingame\/files\/2017\/01\/montage-lowres-300x184.png 300w, https:\/\/blogs.ua.es\/mappingame\/files\/2017\/01\/montage-lowres-768x471.png 768w, https:\/\/blogs.ua.es\/mappingame\/files\/2017\/01\/montage-lowres-1024x628.png 1024w\" sizes=\"auto, (max-width: 1418px) 100vw, 1418px\" \/><\/a><\/p>\n<h6><span style=\"color: #808080\"><span style=\"color: #000000\">Texto completo\u00a0en<\/span>:\u00a0http:\/\/i2.ua.es\/index.php\/architecture\/article\/view\/71<\/span><\/h6>\n<\/div>\n<\/div>\n<\/div>\n","protected":false},"excerpt":{"rendered":"<p>Percepci\u00f3n y uso social de una transformaci\u00f3n urbana a trav\u00e9s del social media Jes\u00fas L\u00f3pez Baeza, Leticia Serrano Estrada, Almudena Nolasco Cirugeda\u00a0 El an\u00e1lisis del espacio p\u00fablico urbano a partir de su dimensi\u00f3n perceptual ha sido, tradicionalmente, un recurso fundamental &hellip; <a href=\"https:\/\/blogs.ua.es\/mappingame\/research-aims-and-scope\/projects\/san-francisco\/\">Continue reading <span class=\"meta-nav\">&rarr;<\/span><\/a><\/p>\n","protected":false},"author":3880,"featured_media":0,"parent":21,"menu_order":1,"comment_status":"closed","ping_status":"closed","template":"","meta":{"footnotes":""},"class_list":["post-472","page","type-page","status-publish","hentry"],"_links":{"self":[{"href":"https:\/\/blogs.ua.es\/mappingame\/wp-json\/wp\/v2\/pages\/472","targetHints":{"allow":["GET"]}}],"collection":[{"href":"https:\/\/blogs.ua.es\/mappingame\/wp-json\/wp\/v2\/pages"}],"about":[{"href":"https:\/\/blogs.ua.es\/mappingame\/wp-json\/wp\/v2\/types\/page"}],"author":[{"embeddable":true,"href":"https:\/\/blogs.ua.es\/mappingame\/wp-json\/wp\/v2\/users\/3880"}],"replies":[{"embeddable":true,"href":"https:\/\/blogs.ua.es\/mappingame\/wp-json\/wp\/v2\/comments?post=472"}],"version-history":[{"count":14,"href":"https:\/\/blogs.ua.es\/mappingame\/wp-json\/wp\/v2\/pages\/472\/revisions"}],"predecessor-version":[{"id":498,"href":"https:\/\/blogs.ua.es\/mappingame\/wp-json\/wp\/v2\/pages\/472\/revisions\/498"}],"up":[{"embeddable":true,"href":"https:\/\/blogs.ua.es\/mappingame\/wp-json\/wp\/v2\/pages\/21"}],"wp:attachment":[{"href":"https:\/\/blogs.ua.es\/mappingame\/wp-json\/wp\/v2\/media?parent=472"}],"curies":[{"name":"wp","href":"https:\/\/api.w.org\/{rel}","templated":true}]}}