{"id":42,"date":"2009-03-14T11:02:31","date_gmt":"2009-03-14T10:02:31","guid":{"rendered":"https:\/\/blogs.ua.es\/maquiavelo\/?page_id=42"},"modified":"2009-04-02T14:24:02","modified_gmt":"2009-04-02T13:24:02","slug":"biografia","status":"publish","type":"page","link":"https:\/\/blogs.ua.es\/maquiavelo\/biografia\/","title":{"rendered":"Biograf\u00eda"},"content":{"rendered":"<p class=\"Titular1\" style=\"text-align: justify\">NICOL\u00c1S MAQUIAVELO (1469-1527)<\/p>\n<p style=\"text-align: justify\"><span class=\"Normal\">Nicol\u00e1s Maquiavelo naci\u00f3 y muri\u00f3 en Florencia. Hijo de una familia de abolengo pero escasos recursos econ\u00f3micos, sigui\u00f3 el oficio de su padre, estudi\u00f3 jurisprudencia y a los 25 a\u00f1os logr\u00f3 ocupar un puesto en el gobierno florentino como secretario de la Rep\u00fablica De Los Diez. <\/span><\/p>\n<p class=\"Normal\" style=\"text-align: justify\"><img loading=\"lazy\" decoding=\"async\" class=\"size-medium wp-image-162 alignleft\" src=\"https:\/\/blogs.ua.es\/maquiavelo\/files\/2009\/03\/1191441745969maquiavelo2dn-270x300.jpg\" alt=\"\" width=\"243\" height=\"270\" \/>El joven funcionario ten\u00eda grandes ambiciones, sustentadas en su vasta cultura &#8211; era un lector insaciable &#8211; y en su talento extraordinario para comprender los m\u00e1s sutiles asuntos de estado. En poco tiempo se le encomendaron algunas misiones diplom\u00e1ticas en las que tuvo ocasi\u00f3n de poner en pr\u00e1ctica sus concepciones pol\u00edticas, lo mismo ante la temible Catalina Sforza que en la corte del monarca franc\u00e9s Luis XII. Si con la primera las negociaciones llegaron a un punto muerto y no hubo ventajas para nadie, con el segundo Maquiavelo obtuvo su primer gran triunfo.<\/p>\n<p class=\"Normal\" style=\"text-align: justify\">Debe recordarse que a\u00fan no se constitu\u00eda Italia como una verdadera naci\u00f3n. Estaba dividida en diversas rep\u00fablicas y ducados aut\u00f3nomos donde el poder quedaba en manos de ciertas familias, rivales entre s\u00ed. La situaci\u00f3n no pod\u00eda ser m\u00e1s problem\u00e1tica y los asesinatos, conjuras, revueltas, invasiones y despojos suced\u00edan en forma vertiginosa; los aliados de hoy eran los enemigos de ma\u00f1ana, y la desconfianza era la norma m\u00e1s elemental en los manejos pol\u00edticos. En medio de tales circunstancias el joven Maquiavelo empez\u00f3 su carrera pol\u00edtica, y sus conclusiones te\u00f3ricas partieron de esa realidad concreta.<\/p>\n<p class=\"Normal\" style=\"text-align: justify\">El m\u00e9rito fundamental de Maquiavelo consisti\u00f3 en su habilidad para estructurar una teor\u00eda pol\u00edtica con base en las experiencias cotidianas, al margen de toda concepci\u00f3n idealista. <em>El pr\u00edncipe<\/em>, su obra maestra, ha tenido una trascendencia universal por constituir un verdadero manual para el ejercicio del poder. Se dice que, a lo largo de la historia, ha sido el libro de cabecera de Napole\u00f3n, Richelieu y muchos otros grandes pol\u00edticos y estadistas.<\/p>\n<p class=\"Normal\" style=\"text-align: justify\">No es de extra\u00f1ar la amoralidad del celeb\u00e9rrimo libro si se toma en cuenta que Maquiavelo fue secretario de C\u00e9sar Borgia, a quien puede considerarse su principal inspirador. En efecto, el escritor florentino estuvo al lado de C\u00e9sar cuando \u00e9ste convoc\u00f3, con pretextos amigables, a los capitanes que hab\u00edan rehusado servirle, y en seguida los mand\u00f3 degollar. Maquiavelo redact\u00f3 un minucioso informe sobre aquel tr\u00e1gico episodio, donde ya se advierte su manera de separar tajantemente la pol\u00edtica y la moral.<\/p>\n<p class=\"Normal\" style=\"text-align: justify\"><em>De Principatibus<\/em>, t\u00edtulo latino que dio Maquiavelo a su tratado, expone en 26 apartados &#8220;qu\u00e9 es un principado, cu\u00e1les son sus clases, c\u00f3mo se adquieren, c\u00f3mo se conservan y por qu\u00e9 se pierden&#8221;. Maquiavelo evit\u00f3 componer un tratado voluminoso, como era lo usual en su \u00e9poca, confiriendo mayor importancia al fondo de las cosas que a las palabras. No s\u00f3lo revolucion\u00f3 la concepci\u00f3n del ejercicio del poder sino el estilo de toda la literatura renacentista: aunque de lenguaje escueto, casi lac\u00f3nico, su libro no est\u00e1 exento de un tono vibrante y de una gran perfecci\u00f3n formal. Se trata del primer libro que desarrolla t\u00e9cnicamente, y con un lenguaje apropiado, el arte de gobernar. Para llegar a una visi\u00f3n tan clara de la realidad pol\u00edtica de su tiempo, Maquiavelo supo asimilar catorce a\u00f1os al servicio del Estado florentino, sin olvidar las experiencias que adquiri\u00f3 en sus frecuentes misiones diplom\u00e1ticas y en la observaci\u00f3n directa de pr\u00edncipes y monarcas.<\/p>\n<p class=\"Normal\" style=\"text-align: justify\">En 1502 el activo funcionario y diplom\u00e1tico florentino contrajo matrimonio con Marieta Corsini, quien le dio cinco hijos. La vida familiar de Maquiavelo no pudo ser muy feliz, tanto por su necesidad de viajar constantemente como por las dificultades econ\u00f3micas y los inevitables vaivenes de la pol\u00edtica. La primera etapa de la vida de Maquiavelo estuvo caracterizada por una actividad incesante, motivada sin duda por su ambici\u00f3n pero, m\u00e1s a\u00fan, por un sincero patriotismo. Cuando las circunstancias cambiaron y Maquiavelo hubo de afrontar el destierro, la c\u00e1rcel y la tortura, su existencia tom\u00f3 un ritmo m\u00e1s pausado: la pol\u00edtica activa fue sustituida por el trabajo intelectual. Curiosamente, el autor de <em>El Pr\u00edncipe<\/em> no procedi\u00f3 &#8220;maquiav\u00e9licamente&#8221;, trat\u00e1ndose de su persona, salvo cuando ya era un hombre acabado; por el contrario, puso toda su ciencia al servicio de otros que supieron aprovecharla.<\/p>\n<p class=\"Normal\" style=\"text-align: justify\">En 1512, cuando los franceses fueron expulsados de Florencia, los espa\u00f1oles, aliados con el Papa, decretaron la abolici\u00f3n de la rep\u00fablica y el retorno de los Medici. Maquiavelo no tuvo m\u00e1s remedio que abandonar su querida ciudad y retirarse de toda actividad pol\u00edtica, buscando refugio en el pueblo de San Andrea in Percussina, donde ten\u00eda una peque\u00f1a casa de campo. M\u00e1s no qued\u00f3 a salvo pues, al a\u00f1o siguiente, fue descubierta una conspiraci\u00f3n contra el r\u00e9gimen mediceo, capitaneada por dos j\u00f3venes republicanos: Boscoli y Capponi. Para desgracia de Maquiavelo, su nombre figuraba en la lista de &#8220;colaboradores&#8221; que hab\u00eda elaborado Boscoli, y mientras se efectuaban las averiguaciones fue encarcelado y sometido a torturas. Los conspiradores negaron toda participaci\u00f3n de Maquiavelo, incluso momentos antes de ser decapitados, por lo cual se le dej\u00f3 en libertad. A partir de entonces comenz\u00f3 su actividad literaria convencido de que jam\u00e1s volver\u00eda a Florencia.<\/p>\n<p class=\"Normal\" style=\"text-align: justify\">Maquiavelo redact\u00f3 <em>El Pr\u00edncipe<\/em> en el oto\u00f1o negro de 1513; <em>Los di\u00e1logos sobre el arte de la guerra<\/em> quedaron terminados en 1516; <em>Los discursos sobre la primera d\u00e9cada de Tito Livio<\/em> datan del a\u00f1o 1519; su exitosa comedia <em>La mandr\u00e1gora<\/em> se sit\u00faa en 1520 y ese mismo a\u00f1o inici\u00f3 <em>Las historias florentinas<\/em> por encargo de Julio de M\u00e9dici, elegido pont\u00edfice de la Iglesia con el nombre de Le\u00f3n X. Este libro marc\u00f3 el acercamiento a quienes fueran antes sus mortales enemigos y, por \u00fanica vez en su vida, Maquiavelo aplic\u00f3 las teor\u00edas que desarrollara magistralmente en sus ensayos.<\/p>\n","protected":false},"excerpt":{"rendered":"<p>NICOL\u00c1S MAQUIAVELO (1469-1527) Nicol\u00e1s Maquiavelo naci\u00f3 y muri\u00f3 en Florencia. Hijo de una familia de abolengo pero escasos recursos econ\u00f3micos, sigui\u00f3 el oficio de su padre, estudi\u00f3 jurisprudencia y a los 25 a\u00f1os logr\u00f3 ocupar un puesto en el gobierno florentino como secretario de la Rep\u00fablica De Los Diez. El joven funcionario ten\u00eda grandes ambiciones, [&hellip;]<\/p>\n","protected":false},"author":1149,"featured_media":0,"parent":0,"menu_order":0,"comment_status":"open","ping_status":"open","template":"","meta":{"footnotes":""},"class_list":["post-42","page","type-page","status-publish","hentry"],"_links":{"self":[{"href":"https:\/\/blogs.ua.es\/maquiavelo\/wp-json\/wp\/v2\/pages\/42","targetHints":{"allow":["GET"]}}],"collection":[{"href":"https:\/\/blogs.ua.es\/maquiavelo\/wp-json\/wp\/v2\/pages"}],"about":[{"href":"https:\/\/blogs.ua.es\/maquiavelo\/wp-json\/wp\/v2\/types\/page"}],"author":[{"embeddable":true,"href":"https:\/\/blogs.ua.es\/maquiavelo\/wp-json\/wp\/v2\/users\/1149"}],"replies":[{"embeddable":true,"href":"https:\/\/blogs.ua.es\/maquiavelo\/wp-json\/wp\/v2\/comments?post=42"}],"version-history":[{"count":9,"href":"https:\/\/blogs.ua.es\/maquiavelo\/wp-json\/wp\/v2\/pages\/42\/revisions"}],"predecessor-version":[{"id":193,"href":"https:\/\/blogs.ua.es\/maquiavelo\/wp-json\/wp\/v2\/pages\/42\/revisions\/193"}],"wp:attachment":[{"href":"https:\/\/blogs.ua.es\/maquiavelo\/wp-json\/wp\/v2\/media?parent=42"}],"curies":[{"name":"wp","href":"https:\/\/api.w.org\/{rel}","templated":true}]}}