{"id":47,"date":"2009-03-14T11:03:27","date_gmt":"2009-03-14T10:03:27","guid":{"rendered":"https:\/\/blogs.ua.es\/maquiavelo\/?page_id=47"},"modified":"2009-04-02T14:24:50","modified_gmt":"2009-04-02T13:24:50","slug":"contexto","status":"publish","type":"page","link":"https:\/\/blogs.ua.es\/maquiavelo\/contexto\/","title":{"rendered":"Contexto"},"content":{"rendered":"<p>\u00a0<\/p>\n<p style=\"text-align: justify\"><span style=\"font-size: small\"><span style=\"font-family: Times New Roman\">El siglo XV evidencia significativos cambios, de acuerdo a lo vigente durante el desarrollo de la Edad Media. La resurrecci\u00f3n del absolutismo papal, asombrosamente r\u00e1pida dada la degradaci\u00f3n que el oficio papal hab\u00eda sufrido durante m\u00e1s de un siglo, tuvo su paralelo en un tremendo desarrollo del poder mon\u00e1rquico en casi toda la Europa occidental. En todos los reinos creci\u00f3 el poder regio a expensas de las instituciones rivales -nobleza, parlamentos, ciudades libres o clero- y en casi todos los pa\u00edses el eclipse del sistema representativo medieval fue permanente. S\u00f3lo en Inglaterra la duraci\u00f3n relativamente breve del absolutismo de la dinast\u00eda Tudor permiti\u00f3 que se conservase la continuidad de la historias parlamentaria. El poder pol\u00edtico que hab\u00eda estado en gran parte disperso entre feudatarios y corporaciones, se condens\u00f3 r\u00e1pidamente en manos del monarca que, por el momento, fue el principal beneficiario de la creciente unidad nacional. La concepci\u00f3n de un soberano que es la fuente de todo poder pol\u00edtico, pas\u00f3 a ser en el siglo XVI una forma com\u00fan de pensamiento pol\u00edtico. <\/span><\/span><\/p>\n<p style=\"text-align: justify\"><span style=\"font-size: small\"><span style=\"font-family: Times New Roman\">En Espa\u00f1a, la uni\u00f3n de Arag\u00f3n y Castilla con el matrimonio de los Reyes Cat\u00f3licos, Fernando e Isabel, inici\u00f3 la formaci\u00f3n de una monarqu\u00eda absoluta que convirti\u00f3 a ese pa\u00eds en la m\u00e1s grande de las potencias europeas durante la mayor parte del siglo XVI. <\/span><\/span><\/p>\n<p style=\"text-align: justify\"><span style=\"font-size: small\"><span style=\"font-family: Times New Roman\">En Inglaterra, el final de las guerras de las Dos Rosas y el reinado del Enrique VII (1485-1509) iniciaron el per\u00edodo de absolutismo de la dinast\u00eda Tudor, que comprendi\u00f3 todo el reinado de Enbrique VII y gran parte del reinado de Isabel. Aunque Enrique VII deb\u00eda su trono a una combinaci\u00f3n de la nobleza, su pol\u00edtica se conform\u00f3, en t\u00e9rminos generales, a los patrones dominantes en el per\u00edodo. <\/span><\/span><\/p>\n<p style=\"text-align: justify\"><span style=\"font-size: small\"><span style=\"font-family: Times New Roman\">Aunque Alemania constituye una aparente excepci\u00f3n a la regla, ya que la debilidad del imperio permit\u00eda la anarqu\u00eda y contrariaba el desarrollo de aquel sentimiento nacional que hab\u00eda sido el principal apoyo de Luis de Baviera en su controversia con los papas, es posible considerar que m\u00e1s que una excepci\u00f3n fue una suerte de retraso, ya que el ascenso de Prusia y Austria al poder soberano no fue distinto del cambio producido en Espa\u00f1a, Inglaterra y Francia. <\/span><\/span><\/p>\n<p style=\"text-align: justify\"><span style=\"font-size: small\"><span style=\"font-family: Times New Roman\">Sin embargo, es Francia el pa\u00eds que presenta el ejemplo m\u00e1s t\u00edpico del desarrollo de un poder real altamente centralizado. Los comienzos de la unidad nacional francesa durante la \u00e9poca de Felipe el Hermoso, se perdieron en gran parte durante la Guerra de los Cien A\u00f1os. Pero aunque ese per\u00edodo de guerras exteriores y civiles fue perjudicial para la monarqu\u00eda, fue fatal para todas las dem\u00e1s instituciones medievales -municipales, feudales y representativas- que hab\u00edan amenazado con superar a la monarqu\u00eda. La segunda mitad del siglo XV produjo una r\u00e1pida consolidaci\u00f3n del poder real que hizo de Francia la naci\u00f3n m\u00e1s unida, compacta y arm\u00f3nica de Europa. La ordenanza de 1439 agrup\u00f3 toda la fuerza militar de la naci\u00f3n en manos del monarca e hizo efectiva su autoridad al concederle un impuesto nacional con que sostenerla. El \u00e9xito de la medida fue asombroso y muestra con toda claridad por qu\u00e9 las naciones en proceso de ascensi\u00f3n, estaban dispuestas a apoyar el absolutismo regio. Pocos a\u00f1os despu\u00e9s se hab\u00eda creado un ej\u00e9rcito de ciudadanos, bien preparado y equipado, que hab\u00eda expulsado del pa\u00eds a los ingleses. Antes de acabar el siglo hab\u00edan sido sometidos lo grandes feudatarios -Borgo\u00f1a, Breta\u00f1a y Anjou-. Entre tanto los estados generales hab\u00edan perdido para siempre su control sobre los impuestos y con \u00e9l su poder de influir en el monarca, y este \u00faltimo hab\u00eda establecido su poder sobre la iglesia francesa. Desde los primeros a\u00f1os del siglo XVI hasta la \u00e9poca de la Revoluci\u00f3n el monarca se convirti\u00f3 pr\u00e1cticamente en \u00fanico representante de la naci\u00f3n. <\/span><\/span><\/p>\n<p style=\"text-align: justify\"><span style=\"font-size: small\"><span style=\"font-family: Times New Roman\">En Italia, las fuerzas de un nuevo sistema comercial e industrial hab\u00edan sido especialmente destructoras de las instituciones antiguas, pero por razones impl\u00edcitas en la situaci\u00f3n pol\u00edtica, las fuerzas constructivas estaban m\u00e1s neutralizadas y retardadas que en otros pa\u00edses. En la \u00e9poca en que escribi\u00f3 Maquiavelo, Italia estaba dividida en cinco estados grandes: el reino de N\u00e1poles en el sur, el ducado de Mil\u00e1n en el noroeste, la rep\u00fablica aristocr\u00e1tica de Venecia en el noreste y la rep\u00fablica de Florencia y los estados pontificios en el centro. <\/span><\/span><\/p>\n<p style=\"text-align: justify\"><span style=\"font-size: small\"><span style=\"font-family: Times New Roman\">Maquiavelo consideraba que la iglesia era especialmente responsable de tal estado de fragmentaci\u00f3n. Demasiado d\u00e9bil para unir a Italia, el para era, sin embargo, suficientemente fuerte para impedir que ning\u00fan otro gobernante la uniera, en tanto que sus relaciones internacionales la hac\u00edan ser el inciador de la viciosa pol\u00edtica de invitar a la intervenci\u00f3n extranjera. <\/span><\/span><\/p>\n<p style=\"text-align: justify\"><span style=\"font-size: small\"><span style=\"font-family: Times New Roman\">La sociedad y la pol\u00edtica italianas, tal como las conceb\u00eda Maquiavelo y como, de acuerdo con \u00e9l, cree la mayor parte de los historiadores, son un ejemplo peculiar de un estado de decadencia institucional. Era una sociedad intelectualmente brillante y art\u00edsticamente creadora, m\u00e1s emancipada que cualquiera otra de Europa de las trabas de la autoridad y dispuesta a enfrentarse al mundo con un esp\u00edritu fr\u00edamente racional y emp\u00edrico, y presa, sin embargo, de la peor corrupci\u00f3n pol\u00edtica y la m\u00e1s baja degradaci\u00f3n moral. Las instituciones c\u00edvicas antiguas estaban muertas; ideas medievales que como las de la iglesia y el imperio, todav\u00eda en los d\u00edas de Dante, pod\u00edan despertar un noble entusiasmo, no eran ya ni siquiera recuerdos. <\/span><\/span><\/p>\n","protected":false},"excerpt":{"rendered":"<p>\u00a0 El siglo XV evidencia significativos cambios, de acuerdo a lo vigente durante el desarrollo de la Edad Media. La resurrecci\u00f3n del absolutismo papal, asombrosamente r\u00e1pida dada la degradaci\u00f3n que el oficio papal hab\u00eda sufrido durante m\u00e1s de un siglo, tuvo su paralelo en un tremendo desarrollo del poder mon\u00e1rquico en casi toda la Europa [&hellip;]<\/p>\n","protected":false},"author":1149,"featured_media":0,"parent":0,"menu_order":0,"comment_status":"open","ping_status":"open","template":"","meta":{"footnotes":""},"class_list":["post-47","page","type-page","status-publish","hentry"],"_links":{"self":[{"href":"https:\/\/blogs.ua.es\/maquiavelo\/wp-json\/wp\/v2\/pages\/47","targetHints":{"allow":["GET"]}}],"collection":[{"href":"https:\/\/blogs.ua.es\/maquiavelo\/wp-json\/wp\/v2\/pages"}],"about":[{"href":"https:\/\/blogs.ua.es\/maquiavelo\/wp-json\/wp\/v2\/types\/page"}],"author":[{"embeddable":true,"href":"https:\/\/blogs.ua.es\/maquiavelo\/wp-json\/wp\/v2\/users\/1149"}],"replies":[{"embeddable":true,"href":"https:\/\/blogs.ua.es\/maquiavelo\/wp-json\/wp\/v2\/comments?post=47"}],"version-history":[{"count":5,"href":"https:\/\/blogs.ua.es\/maquiavelo\/wp-json\/wp\/v2\/pages\/47\/revisions"}],"predecessor-version":[{"id":194,"href":"https:\/\/blogs.ua.es\/maquiavelo\/wp-json\/wp\/v2\/pages\/47\/revisions\/194"}],"wp:attachment":[{"href":"https:\/\/blogs.ua.es\/maquiavelo\/wp-json\/wp\/v2\/media?parent=47"}],"curies":[{"name":"wp","href":"https:\/\/api.w.org\/{rel}","templated":true}]}}