{"id":55,"date":"2012-01-17T20:07:46","date_gmt":"2012-01-17T19:07:46","guid":{"rendered":"https:\/\/blogs.ua.es\/mariarosser\/?page_id=55"},"modified":"2012-01-20T16:54:56","modified_gmt":"2012-01-20T15:54:56","slug":"presentacio","status":"publish","type":"page","link":"https:\/\/blogs.ua.es\/mariarosser\/presentacio\/","title":{"rendered":"Presentaci\u00f3"},"content":{"rendered":"<p style=\"text-align: justify\">Benvinguts al blog &#8220;Constituci\u00f3 de 1812&#8221;, blog dedicat a facilitaci\u00f3 de refer\u00e8ncies i recursos bibliogr\u00e0fics per al tema de la primera constituci\u00f3 espa\u00f1ola.<\/p>\n<p style=\"text-align: justify\">Aquest estudi\u00a0est\u00e0 enmarcat en la part pr\u00e0ctica de l&#8217;assignatura de Fonts i Documents per a la Hist\u00f2ria de la carrera de Hist\u00f2ria en la Universitat d&#8217;Alacant, i\u00a0per tan,\u00a0 est\u00e0 adaptat a unes premises proporciondes pel departament encarregat d&#8217;aquesta assignatura.<\/p>\n<p style=\"text-align: justify\">Encara que en un principi el tema pareix facil, tenint en comte que aquest any es el Bicentenari de la Cosntituci\u00f3, a l&#8217;hora de trobar documents que tracten concretament de la Constituci\u00f3 no hi ha tants, ja que la majoria fan alusi\u00f3 a ella , pero es centren en altres temes. Per aix\u00f3 he\u00a0optat\u00a0per incorporar al blog\u00a0 recursos, que si be no tracten directament de la constituci\u00f3, si que ho fan indirectament ja que tracten de temes conseq\u00fcents a ella.<\/p>\n<p style=\"text-align: justify\">Els mintjans utilitzats per a obtenir les refer\u00e8ncies bibliogr\u00e0fiques han sigut:<\/p>\n<p style=\"text-align: justify;padding-left: 30px\">-Biblioteca de la Uiversitat d&#8217;Alacant<\/p>\n<p style=\"text-align: justify;padding-left: 30px\">-www.Dialnet.unirioja.es<\/p>\n<p style=\"text-align: justify;padding-left: 30px\">-www.cadiz2012.es<\/p>\n<p style=\"text-align: justify;padding-left: 30px\">-www.diriobahiadecadiz.com<\/p>\n<p style=\"text-align: justify;padding-left: 30px\">-www.lavozdigital.es<\/p>\n<p style=\"text-align: justify\">Espere que els interesse i els siga d&#8217;ajuda per troba informaci\u00f3 i refer\u00e8ncies sobre aquest tema.<\/p>\n<p style=\"text-align: justify\">Salutacions,<\/p>\n<p style=\"text-align: justify\">Maria Rosser Soriano T\u00e0rrega.<\/p>\n<p>&nbsp;<\/p>\n<p>&nbsp;<\/p>\n","protected":false},"excerpt":{"rendered":"<p>Benvinguts al blog &#8220;Constituci\u00f3 de 1812&#8221;, blog dedicat a facilitaci\u00f3 de refer\u00e8ncies i recursos bibliogr\u00e0fics per al tema de la primera constituci\u00f3 espa\u00f1ola. Aquest estudi\u00a0est\u00e0 enmarcat en la part pr\u00e0ctica de l&#8217;assignatura de Fonts i Documents per a la Hist\u00f2ria de la carrera de Hist\u00f2ria en la Universitat d&#8217;Alacant, i\u00a0per tan,\u00a0 est\u00e0 adaptat a unes [&hellip;]<\/p>\n","protected":false},"author":2548,"featured_media":0,"parent":0,"menu_order":1,"comment_status":"open","ping_status":"open","template":"","meta":{"footnotes":""},"class_list":["post-55","page","type-page","status-publish","hentry"],"_links":{"self":[{"href":"https:\/\/blogs.ua.es\/mariarosser\/wp-json\/wp\/v2\/pages\/55","targetHints":{"allow":["GET"]}}],"collection":[{"href":"https:\/\/blogs.ua.es\/mariarosser\/wp-json\/wp\/v2\/pages"}],"about":[{"href":"https:\/\/blogs.ua.es\/mariarosser\/wp-json\/wp\/v2\/types\/page"}],"author":[{"embeddable":true,"href":"https:\/\/blogs.ua.es\/mariarosser\/wp-json\/wp\/v2\/users\/2548"}],"replies":[{"embeddable":true,"href":"https:\/\/blogs.ua.es\/mariarosser\/wp-json\/wp\/v2\/comments?post=55"}],"version-history":[{"count":10,"href":"https:\/\/blogs.ua.es\/mariarosser\/wp-json\/wp\/v2\/pages\/55\/revisions"}],"predecessor-version":[{"id":295,"href":"https:\/\/blogs.ua.es\/mariarosser\/wp-json\/wp\/v2\/pages\/55\/revisions\/295"}],"wp:attachment":[{"href":"https:\/\/blogs.ua.es\/mariarosser\/wp-json\/wp\/v2\/media?parent=55"}],"curies":[{"name":"wp","href":"https:\/\/api.w.org\/{rel}","templated":true}]}}