{"id":57,"date":"2012-01-17T20:08:03","date_gmt":"2012-01-17T19:08:03","guid":{"rendered":"https:\/\/blogs.ua.es\/mariarosser\/?page_id=57"},"modified":"2012-01-20T15:21:02","modified_gmt":"2012-01-20T14:21:02","slug":"historia","status":"publish","type":"page","link":"https:\/\/blogs.ua.es\/mariarosser\/historia\/","title":{"rendered":"Context-hist\u00f2ric"},"content":{"rendered":"<p style=\"text-align: justify\">La Constituci\u00f3 espanyola de 1812, coneguda popularment com La Pepa, va ser promulgada per les Corts Generals d&#8217;Espanya el 19 de mar\u00e7 de 1812 a Cadis. La import\u00e0ncia hist\u00f2rica de la mateixa \u00e9s gran, es tracta de la primera Constituci\u00f3 promulgada a Espanya, a m\u00e9s de ser una de les m\u00e9s liberals del seu temps. Respecte a l&#8217;origen del seu sobrenom, la Pepa, \u00e9s perqu\u00e8 va ser promulgada el dia de Sant Josep.<\/p>\n<figure style=\"width: 217px\" class=\"wp-caption aligncenter\"><img loading=\"lazy\" decoding=\"async\" src=\"http:\/\/upload.wikimedia.org\/wikipedia\/commons\/0\/08\/Constitucion_Cadiz_1812.png\" alt=\"\" width=\"217\" height=\"358\" \/><figcaption class=\"wp-caption-text\">Constituci\u00f3 de 1812<\/figcaption><\/figure>\n<p>Oficialment va estar en vig\u00e8ncia dos anys, des de la seva promulgaci\u00f3 fins al 19 de mar\u00e7 de 1814. Posteriorment va estar vigent durant el Trienni Liberal (1820-1823), aix\u00ed com durant un breu per\u00edode en 1836-1837, sota el govern progressista que preparava la Constituci\u00f3 de 1837. No obstant aix\u00f2, amb prou feines va entrar en vigor de fet, ja que en el seu per\u00edode de gestaci\u00f3 bona part d&#8217;Espanya es trobava en mans del govern pro-franc\u00e8s de Jos\u00e9 I d&#8217;Espanya, la resta en m\u00e0 de juntes interines m\u00e9s preocupades a organitzar la seva oposici\u00f3 a Jos\u00e9 I, i la resta dels territoris de la corona espanyola (els virregnats) es trobaven en un estat de confusi\u00f3 i buit de poder causat per la invasi\u00f3 napole\u00f2nica.<\/p>\n<p>La constituci\u00f3 establia el sufragi universal mascul\u00ed indirecte, la sobirania nacional, la monarquia constitucional, la separaci\u00f3 de poders, la llibertat d&#8217;impremta, acordava el repartiment de terres i la llibertat d&#8217;ind\u00fastria, entre altres coses.<\/p>\n<p>La Constituci\u00f3 de 1812 es va publicar fins a tres vegades a Espanya -1812, 1820 i 1836 -, es va convertir en l&#8217;esdeveniment democr\u00e0tic en la primera meitat el segle XIX, va transcendir a diverses constitucions europees i va impactar en els or\u00edgens constitucionals i parlamentaris de la major part dels Estats americans durant i despr\u00e9s de la seva independ\u00e8ncia.<\/p>\n<figure style=\"width: 418px\" class=\"wp-caption aligncenter\"><img loading=\"lazy\" decoding=\"async\" class=\" \" src=\"http:\/\/upload.wikimedia.org\/wikipedia\/commons\/3\/38\/Cortes_de_cadiz.jpg\" alt=\"\" width=\"418\" height=\"226\" \/><figcaption class=\"wp-caption-text\">La promulgaci\u00f3 de la Constituci\u00f3 de 1812 ,de Salvador Viniegra<\/figcaption><\/figure>\n<p style=\"text-align: justify\">La redacci\u00f3 de l&#8217;article 1 constitueix un clar exemple de la import\u00e0ncia que per al progr\u00e9s espanyol va tenir Am\u00e8rica. Va ser el primer, i per aix\u00f2, el m\u00e9s important. Aquest \u00e9s el seu fam\u00f3s text:<\/p>\n<blockquote>\n<p style=\"text-align: justify;padding-left: 30px\">&#8211; La naci\u00f3 espanyola \u00e9s la reuni\u00f3 dels espanyols dels dos hemisferis<\/p>\n<\/blockquote>\n<p style=\"text-align: justify\">La construcci\u00f3 queda definida des de par\u00e0metres hispans. La revoluci\u00f3 iniciada el 1808 adquiria, en 1812, altres car\u00e0cters especials que els purament peninsulars. Al\u00b7ludia a unes dimensions geogr\u00e0fiques que compondrien Espanya, l&#8217;americana, l&#8217;asi\u00e0tica i la peninsular. La Naci\u00f3 espanyola quedava constitucionalment definida.<\/p>\n<p>\u00a0I finalment el 4 de maig de 1814 el acabat de restaurar rei Fernando VII va decretar la dissoluci\u00f3 de les Corts, la derogaci\u00f3 de la Constituci\u00f3.<\/p>\n<p>&nbsp;<\/p>\n<p>&nbsp;<\/p>\n","protected":false},"excerpt":{"rendered":"<p>La Constituci\u00f3 espanyola de 1812, coneguda popularment com La Pepa, va ser promulgada per les Corts Generals d&#8217;Espanya el 19 de mar\u00e7 de 1812 a Cadis. La import\u00e0ncia hist\u00f2rica de la mateixa \u00e9s gran, es tracta de la primera Constituci\u00f3 promulgada a Espanya, a m\u00e9s de ser una de les m\u00e9s liberals del seu temps. [&hellip;]<\/p>\n","protected":false},"author":2548,"featured_media":0,"parent":0,"menu_order":2,"comment_status":"open","ping_status":"open","template":"","meta":{"footnotes":""},"class_list":["post-57","page","type-page","status-publish","hentry"],"_links":{"self":[{"href":"https:\/\/blogs.ua.es\/mariarosser\/wp-json\/wp\/v2\/pages\/57","targetHints":{"allow":["GET"]}}],"collection":[{"href":"https:\/\/blogs.ua.es\/mariarosser\/wp-json\/wp\/v2\/pages"}],"about":[{"href":"https:\/\/blogs.ua.es\/mariarosser\/wp-json\/wp\/v2\/types\/page"}],"author":[{"embeddable":true,"href":"https:\/\/blogs.ua.es\/mariarosser\/wp-json\/wp\/v2\/users\/2548"}],"replies":[{"embeddable":true,"href":"https:\/\/blogs.ua.es\/mariarosser\/wp-json\/wp\/v2\/comments?post=57"}],"version-history":[{"count":11,"href":"https:\/\/blogs.ua.es\/mariarosser\/wp-json\/wp\/v2\/pages\/57\/revisions"}],"predecessor-version":[{"id":273,"href":"https:\/\/blogs.ua.es\/mariarosser\/wp-json\/wp\/v2\/pages\/57\/revisions\/273"}],"wp:attachment":[{"href":"https:\/\/blogs.ua.es\/mariarosser\/wp-json\/wp\/v2\/media?parent=57"}],"curies":[{"name":"wp","href":"https:\/\/api.w.org\/{rel}","templated":true}]}}