{"id":61,"date":"2012-01-17T20:08:47","date_gmt":"2012-01-17T19:08:47","guid":{"rendered":"https:\/\/blogs.ua.es\/mariarosser\/?page_id=61"},"modified":"2012-01-20T17:08:02","modified_gmt":"2012-01-20T16:08:02","slug":"a","status":"publish","type":"page","link":"https:\/\/blogs.ua.es\/mariarosser\/a\/","title":{"rendered":"Entrades"},"content":{"rendered":"<p><a title=\"Si acatamos la Constituci\u00f3n, resistiremos. \" href=\"https:\/\/blogs.ua.es\/mariarosser\/?p=83\" target=\"_blank\">1. Si acatamosla Constituci\u00f3n, resistiremos.<\/a><\/p>\n<p><a title=\"Recreaci\u00f3 Jurament Constituci\u00f3 1812 en San Fernando ( Cadis ) \" href=\"https:\/\/blogs.ua.es\/mariarosser\/2011\/12\/25\/89\/\" target=\"_blank\">2. Recreaci\u00f3 Jurament Constituci\u00f3 1812 en San Fernando ( Cadis ).<\/a><\/p>\n<p><a title=\"La ilustraci\u00f3 a Espanya \" href=\"https:\/\/blogs.ua.es\/mariarosser\/?p=96\" target=\"_blank\">3. La ilustraci\u00f3 a Espanya.<\/a><\/p>\n<p><a title=\"El constitucionalisme liberal a principis del segle XIX \" href=\"https:\/\/blogs.ua.es\/mariarosser\/?p=105\" target=\"_blank\">4. El constitucionalisme liberal a principis del segle XIX.<\/a><\/p>\n<p><a title=\"Els valencians a les Corts de Cadis \" href=\"https:\/\/blogs.ua.es\/mariarosser\/?p=107\" target=\"_blank\">5. Els valencians a les Corts de Cadis.<\/a><\/p>\n<p><a title=\"De l'absolutisme a la Constituci\u00f3 \" href=\"https:\/\/blogs.ua.es\/mariarosser\/?p=111\" target=\"_blank\">6. De l&#8217;absolutisme ala Constituci\u00f3.<\/a><\/p>\n<p><a title=\"Discurs preliminar \" href=\"https:\/\/blogs.ua.es\/mariarosser\/?p=113\" target=\"_blank\">7. Discurs preliminar.<\/a><\/p>\n<p><a title=\"Cadiz 1812 i Eidsvoll 1814. \u00bf S\u00f3n c\u00f3pies ? \" href=\"https:\/\/blogs.ua.es\/mariarosser\/?p=117\" target=\"_blank\">8. Cadiz 1812 i Eidsvoll 1814. \u00bf S\u00f3n c\u00f3pies ?<\/a><\/p>\n<p><a title=\"Projecci\u00f3 de la constituci\u00f3 a altres territoris \" href=\"https:\/\/blogs.ua.es\/mariarosser\/?p=127\" target=\"_blank\">9. Projecci\u00f3 de la constituci\u00f3 a altres territoris.<\/a><\/p>\n<p><a title=\"Hist\u00f2ria del dret en Am\u00e8rica Hispana \" href=\"https:\/\/blogs.ua.es\/mariarosser\/?p=134\" target=\"_blank\">10. Hist\u00f2ria del dret en Am\u00e8rica Hispana.<\/a><\/p>\n<p><a title=\"La Constituci\u00f3 a M\u00e8xic \" href=\"https:\/\/blogs.ua.es\/mariarosser\/?p=139\" target=\"_blank\">11. La Constituci\u00f3 a M\u00e8xic.<\/a><\/p>\n<p><a title=\"Recorregut constitucional \" href=\"https:\/\/blogs.ua.es\/mariarosser\/?p=152\" target=\"_blank\">12. Recorregut constitucional.<\/a><\/p>\n<p><a title=\"Iflu\u00e8ncia de la Constituci\u00f3 de 1812 a Italia \" href=\"https:\/\/blogs.ua.es\/mariarosser\/?p=157\" target=\"_blank\">13. Iflu\u00e8ncia dela Constituci\u00f3de 1812 a Italia.<\/a><\/p>\n<p><a title=\"Similituts entre la Constituci\u00f3 espanyola i la Constituci\u00f3 portuguesa de 1822 \" href=\"https:\/\/blogs.ua.es\/mariarosser\/?p=150\" target=\"_blank\">14. Similituts entrela Constituci\u00f3espanyola ila Constituci\u00f3 portuguesa de 1822.<\/a><\/p>\n<p><a title=\"Benito Perez Galdos i el liberalisme \" href=\"https:\/\/blogs.ua.es\/mariarosser\/?p=183\" target=\"_blank\">15. Benito Perez Galdos i el liberalisme.<\/a><\/p>\n<p><a title=\"Goya durant la guerra de la independ\u00e8ncia \" href=\"https:\/\/blogs.ua.es\/mariarosser\/?p=186\" target=\"_blank\">16. Goya durant la guerra de la independ\u00e8ncia.<\/a><\/p>\n<p><a title=\"La Il\u2022lustraci\u00f3 a Espanya \" href=\"https:\/\/blogs.ua.es\/mariarosser\/?p=195\" target=\"_blank\">17. La Il\u00b7lustraci\u00f3 a Espanya.<\/a><\/p>\n<p><a title=\"Drets de la Constituci\u00f3 de 1812 \" href=\"https:\/\/blogs.ua.es\/mariarosser\/?p=199\" target=\"_blank\">18. Drets de la Constituci\u00f3 de 1812.<\/a><\/p>\n<p><a title=\"Tornada a l'absolutisme \" href=\"https:\/\/blogs.ua.es\/mariarosser\/?p=203\" target=\"_blank\">19. Tornada a l&#8217;absolutisme.<\/a><\/p>\n<p><a title=\"Constituci\u00f3 de 1812 \" href=\"https:\/\/blogs.ua.es\/mariarosser\/?p=222\" target=\"_blank\">20. Constituci\u00f3 de 1812.<\/a><\/p>\n<p><a title=\"Dotze art\u00edcles, dotcze lleng\u00fces \" href=\"https:\/\/blogs.ua.es\/mariarosser\/?p=247\" target=\"_blank\">21. Dotze art\u00edcles, dotcze lleng\u00fces.<\/a><\/p>\n<p><a title=\"Lectures\" href=\"https:\/\/blogs.ua.es\/mariarosser\/?p=250\" target=\"_blank\">22. Lectures.<\/a><\/p>\n<p><a title=\"Al voltant de les Corts de Cadis \" href=\"https:\/\/blogs.ua.es\/mariarosser\/?p=254\" target=\"_blank\">23. Al voltant de les Corts de Cadis.<\/a><\/p>\n<p><a title=\"Historia de Cadis- Constituci\u00f3 1812 \" href=\"https:\/\/blogs.ua.es\/mariarosser\/?p=242\" target=\"_blank\">24. Historia de Cadis- Constituci\u00f3 1812.<\/a><\/p>\n<p><a title=\"Museu de les Corts gaditanes \" href=\"https:\/\/blogs.ua.es\/mariarosser\/?p=277\" target=\"_blank\">25. Museu de les Corts gaditanes.<\/a><\/p>\n<p><a title=\"Promoci\u00f3 del Bicentenari\" href=\"https:\/\/blogs.ua.es\/mariarosser\/?p=275\" target=\"_blank\">26. Promoci\u00f3 del Bicentenari.<\/a><\/p>\n<p>&nbsp;<\/p>\n","protected":false},"excerpt":{"rendered":"<p>1. Si acatamosla Constituci\u00f3n, resistiremos. 2. Recreaci\u00f3 Jurament Constituci\u00f3 1812 en San Fernando ( Cadis ). 3. La ilustraci\u00f3 a Espanya. 4. El constitucionalisme liberal a principis del segle XIX. 5. Els valencians a les Corts de Cadis. 6. De l&#8217;absolutisme ala Constituci\u00f3. 7. Discurs preliminar. 8. Cadiz 1812 i Eidsvoll 1814. \u00bf S\u00f3n c\u00f3pies [&hellip;]<\/p>\n","protected":false},"author":2548,"featured_media":0,"parent":0,"menu_order":3,"comment_status":"open","ping_status":"closed","template":"","meta":{"footnotes":""},"class_list":["post-61","page","type-page","status-publish","hentry"],"_links":{"self":[{"href":"https:\/\/blogs.ua.es\/mariarosser\/wp-json\/wp\/v2\/pages\/61","targetHints":{"allow":["GET"]}}],"collection":[{"href":"https:\/\/blogs.ua.es\/mariarosser\/wp-json\/wp\/v2\/pages"}],"about":[{"href":"https:\/\/blogs.ua.es\/mariarosser\/wp-json\/wp\/v2\/types\/page"}],"author":[{"embeddable":true,"href":"https:\/\/blogs.ua.es\/mariarosser\/wp-json\/wp\/v2\/users\/2548"}],"replies":[{"embeddable":true,"href":"https:\/\/blogs.ua.es\/mariarosser\/wp-json\/wp\/v2\/comments?post=61"}],"version-history":[{"count":11,"href":"https:\/\/blogs.ua.es\/mariarosser\/wp-json\/wp\/v2\/pages\/61\/revisions"}],"predecessor-version":[{"id":296,"href":"https:\/\/blogs.ua.es\/mariarosser\/wp-json\/wp\/v2\/pages\/61\/revisions\/296"}],"wp:attachment":[{"href":"https:\/\/blogs.ua.es\/mariarosser\/wp-json\/wp\/v2\/media?parent=61"}],"curies":[{"name":"wp","href":"https:\/\/api.w.org\/{rel}","templated":true}]}}