{"id":21,"date":"2026-02-09T10:27:13","date_gmt":"2026-02-09T10:27:13","guid":{"rendered":"https:\/\/blogs.ua.es\/maricarmentolosa2026\/?page_id=21"},"modified":"2026-02-12T10:43:09","modified_gmt":"2026-02-12T10:43:09","slug":"bienvenidas-y-bienvenidos","status":"publish","type":"page","link":"https:\/\/blogs.ua.es\/maricarmentolosa2026\/","title":{"rendered":"Bienvenidas y bienvenidos"},"content":{"rendered":"\n<p>Estimadas compa\u00f1eras y estimados compa\u00f1eros:<\/p>\n\n\n\n<p><br>Nuestra Facultad se encuentra en un momento importante de su trayectoria, inmersa en el proceso electoral para la elecci\u00f3n de Decano\/a. Tras una reflexi\u00f3n serena y meditada, he decidido presentar mi candidatura, asumiendo con responsabilidad e ilusi\u00f3n el reto de dirigir un Centro que es referente en formaci\u00f3n, investigaci\u00f3n y transferencia de conocimiento.<\/p>\n\n\n\n<p><br>Presento este proyecto con el convencimiento de que contamos con una Facultad s\u00f3lida y con un gran potencial de crecimiento. Nuestro objetivo es seguir avanzando hacia una Facultad m\u00e1s abierta, participativa e internacional, comprometida con la excelencia acad\u00e9mica, la innovaci\u00f3n y el servicio a la sociedad. Queremos reforzar la calidad de la formaci\u00f3n de nuestro estudiantado, apoyar el desarrollo profesional del PDI y del PTGAS y mejorar la proyecci\u00f3n social e internacional de nuestro Centro.<\/p>\n\n\n\n<p><br>Para llevar a cabo este proyecto cuento con un equipo de personas de la Facultad comprometidas con una gesti\u00f3n eficiente, transparente y cercana. Os invito a conocer las propuestas recogidas en el programa electoral y a participar activamente en las reuniones que se celebrar\u00e1n con los distintos colectivos del Centro. Estos encuentros son una oportunidad para escuchar vuestras opiniones y recoger sugerencias que contribuyan a mejorar el funcionamiento de nuestra Facultad.<\/p>\n\n\n\n<p><br>Estoy convencida de que, con dedicaci\u00f3n, esfuerzo y colaboraci\u00f3n entre todos los colectivos, podremos afrontar con \u00e9xito los retos de los pr\u00f3ximos a\u00f1os. Este es un proyecto colectivo que aspira a consolidar una Facultad moderna, inclusiva y socialmente responsable.<\/p>\n\n\n\n<p><br>Espero contar con vuestro apoyo y, sobre todo, con vuestra participaci\u00f3n y vuestras ideas para seguir construyendo juntos la Facultad que queremos para el futuro.<\/p>\n\n\n\n<p><br><strong><em>Mari Carmen Tolosa Bail\u00e9n<\/em><\/strong><\/p>\n\n\n\n<figure class=\"wp-block-image size-full is-resized\"><img loading=\"lazy\" decoding=\"async\" width=\"650\" height=\"433\" src=\"https:\/\/blogs.ua.es\/maricarmentolosa2026\/files\/2026\/02\/MCT_2026.jpg\" alt=\"\" class=\"wp-image-82\" style=\"aspect-ratio:1.5015061842151893;object-fit:cover;width:675px\" \/><\/figure>\n","protected":false},"excerpt":{"rendered":"<p>Estimadas compa\u00f1eras y estimados compa\u00f1eros: Nuestra Facultad se encuentra en un momento importante de su trayectoria, inmersa en el proceso electoral para la elecci\u00f3n de Decano\/a. Tras una reflexi\u00f3n serena y meditada, he decidido presentar mi candidatura, asumiendo con responsabilidad e ilusi\u00f3n el reto de dirigir un Centro que es referente en formaci\u00f3n, investigaci\u00f3n y &hellip; <\/p>\n<p class=\"link-more\"><a href=\"https:\/\/blogs.ua.es\/maricarmentolosa2026\/\" class=\"more-link\">Continue reading<span class=\"screen-reader-text\"> &#8220;Bienvenidas y bienvenidos&#8221;<\/span><\/a><\/p>\n","protected":false},"author":4652,"featured_media":0,"parent":0,"menu_order":0,"comment_status":"closed","ping_status":"closed","template":"","meta":{"footnotes":""},"class_list":["post-21","page","type-page","status-publish","hentry"],"_links":{"self":[{"href":"https:\/\/blogs.ua.es\/maricarmentolosa2026\/wp-json\/wp\/v2\/pages\/21","targetHints":{"allow":["GET"]}}],"collection":[{"href":"https:\/\/blogs.ua.es\/maricarmentolosa2026\/wp-json\/wp\/v2\/pages"}],"about":[{"href":"https:\/\/blogs.ua.es\/maricarmentolosa2026\/wp-json\/wp\/v2\/types\/page"}],"author":[{"embeddable":true,"href":"https:\/\/blogs.ua.es\/maricarmentolosa2026\/wp-json\/wp\/v2\/users\/4652"}],"replies":[{"embeddable":true,"href":"https:\/\/blogs.ua.es\/maricarmentolosa2026\/wp-json\/wp\/v2\/comments?post=21"}],"version-history":[{"count":8,"href":"https:\/\/blogs.ua.es\/maricarmentolosa2026\/wp-json\/wp\/v2\/pages\/21\/revisions"}],"predecessor-version":[{"id":84,"href":"https:\/\/blogs.ua.es\/maricarmentolosa2026\/wp-json\/wp\/v2\/pages\/21\/revisions\/84"}],"wp:attachment":[{"href":"https:\/\/blogs.ua.es\/maricarmentolosa2026\/wp-json\/wp\/v2\/media?parent=21"}],"curies":[{"name":"wp","href":"https:\/\/api.w.org\/{rel}","templated":true}]}}